{"id":212070,"date":"2018-01-01T13:53:01","date_gmt":"2018-01-01T13:53:01","guid":{"rendered":"https:\/\/costaricatoursexperts.com\/sitemap\/"},"modified":"2020-09-22T21:22:32","modified_gmt":"2020-09-22T21:22:32","slug":"mapa-del-sitio","status":"publish","type":"page","link":"https:\/\/costaricatoursexperts.com\/es\/mapa-del-sitio\/","title":{"rendered":"mapa del sitio"},"content":{"rendered":"<div id=\"simple-sitemap-container-69f8b56c11480\" class=\"simple-sitemap-container simple-sitemap-container-69f8b56c11480 tab-disabled\"><div class=\"simple-sitemap-wrap\"><h3 class=\"post-type\">P\u00e1ginas<\/h3><ul class=\"simple-sitemap-page main\"><li class=\"sitemap-item page_item page-item-211924\"><a href=\"https:\/\/costaricatoursexperts.com\/es\/contactanos\/\">Contactanos<\/a><\/li>\n<li class=\"sitemap-item page_item page-item-211942 page_item_has_children\"><a href=\"https:\/\/costaricatoursexperts.com\/es\/excursiones\/\">Excursi\u00f3nes<\/a>\n<ul class='children'>\n\t<li class=\"sitemap-item page_item page-item-211973\"><a href=\"https:\/\/costaricatoursexperts.com\/es\/excursiones\/cabalgatas-en-playa-jaco\/\">Cabalgatas en Playa Jaco<\/a><\/li>\n\t<li class=\"sitemap-item page_item page-item-211982\"><a href=\"https:\/\/costaricatoursexperts.com\/es\/excursiones\/carrera-de-obstaculos-cuerda-jaco\/\">Carrera de obst\u00e1culos Cuerda Jaco<\/a><\/li>\n\t<li class=\"sitemap-item page_item page-item-212009\"><a href=\"https:\/\/costaricatoursexperts.com\/es\/excursiones\/cascadas-de-nauyaca-manuel-antonio\/\">Cascadas de Nauyaca + Manuel Antonio<\/a><\/li>\n\t<li class=\"sitemap-item page_item page-item-211964\"><a href=\"https:\/\/costaricatoursexperts.com\/es\/excursiones\/excursion-a-el-volcan-poas-plantacion-de-cafe\/\">Excursi\u00f3n a el Volcan Poas\u00a0+ Plantacion de cafe<\/a><\/li>\n\t<li class=\"sitemap-item page_item page-item-211948\"><a href=\"https:\/\/costaricatoursexperts.com\/es\/excursiones\/excursion-al-parque-nacional-manuel-antonio\/\">Excursion al Parque Nacional Manuel Antonio<\/a><\/li>\n\t<li class=\"sitemap-item page_item page-item-211968\"><a href=\"https:\/\/costaricatoursexperts.com\/es\/excursiones\/excursion-de-canopy-en-playa-jaco\/\">Excursi\u00f3n de Canopy en Playa Jaco<\/a><\/li>\n\t<li class=\"sitemap-item page_item page-item-211957\"><a href=\"https:\/\/costaricatoursexperts.com\/es\/excursiones\/excursion-de-un-dia-al-volcan-arenal\/\">Excursi\u00f3n de un d\u00eda al volc\u00e1n Arenal<\/a><\/li>\n\t<li class=\"sitemap-item page_item page-item-211991\"><a href=\"https:\/\/costaricatoursexperts.com\/es\/excursiones\/excursion-en-catamaran-a-isla-tortuga\/\">Excursi\u00f3n en Catamar\u00e1n a Isla Tortuga<\/a><\/li>\n\t<li class=\"sitemap-item page_item page-item-211987\"><a href=\"https:\/\/costaricatoursexperts.com\/es\/excursiones\/excursion-en-kayak-playa-jaco\/\">Excursi\u00f3n en kayak Playa Jaco<\/a><\/li>\n\t<li class=\"sitemap-item page_item page-item-211999\"><a href=\"https:\/\/costaricatoursexperts.com\/es\/excursiones\/lecciones-de-surf-en-la-playa-de-jaco\/\">Lecciones de surf en la playa de Jaco<\/a><\/li>\n\t<li class=\"sitemap-item page_item page-item-212003\"><a href=\"https:\/\/costaricatoursexperts.com\/es\/excursiones\/rafting-en-aguas-bravas-en-la-playa-de-jaco\/\">Rafting en aguas bravas en la playa de Jaco<\/a><\/li>\n\t<li class=\"sitemap-item page_item page-item-211995\"><a href=\"https:\/\/costaricatoursexperts.com\/es\/excursiones\/tour-de-cocodrilos-en-la-playa-de-jaco-en-el-rio-tarcoles\/\">Tour de cocodrilos en la playa de Jaco en el r\u00edo T\u00e1rcoles<\/a><\/li>\n\t<li class=\"sitemap-item page_item page-item-211978\"><a href=\"https:\/\/costaricatoursexperts.com\/es\/excursiones\/tour-de-tranopy-en-playa-jaco\/\">Tour de Tranopy en Playa Jaco<\/a><\/li>\n\t<li class=\"sitemap-item page_item page-item-211953\"><a href=\"https:\/\/costaricatoursexperts.com\/es\/excursiones\/tranvia-aereo-en-la-selva\/\">Tranv\u00eda a\u00e9reo en la Selva<\/a><\/li>\n<\/ul>\n<\/li>\n<li class=\"sitemap-item page_item page-item-212070\"><a href=\"https:\/\/costaricatoursexperts.com\/es\/mapa-del-sitio\/\">mapa del sitio<\/a><\/li>\n<li class=\"sitemap-item page_item page-item-212093\"><a href=\"https:\/\/costaricatoursexperts.com\/es\/masaje-en-jaco\/\">Masaje en Jaco<\/a><\/li>\n<li class=\"sitemap-item page_item page-item-211934 page_item_has_children\"><a href=\"https:\/\/costaricatoursexperts.com\/es\/pesca-deportiva\/\">Pesca Deportiva<\/a>\n<ul class='children'>\n\t<li class=\"sitemap-item page_item page-item-211936\"><a href=\"https:\/\/costaricatoursexperts.com\/es\/pesca-deportiva\/botes-de-pesca-los-suenos\/\">Botes de Pesca Los Suenos<\/a><\/li>\n\t<li class=\"sitemap-item page_item page-item-211938\"><a href=\"https:\/\/costaricatoursexperts.com\/es\/pesca-deportiva\/paquetes-de-pesca-en-los-suenos\/\">Paquetes de pesca en Los Sue\u00f1os<\/a><\/li>\n<\/ul>\n<\/li>\n<li class=\"sitemap-item page_item page-item-211928\"><a href=\"https:\/\/costaricatoursexperts.com\/es\/servicio-de-transporte\/\">Servicio de transporte<\/a><\/li>\n<li class=\"sitemap-item page_item page-item-211913\"><a href=\"https:\/\/costaricatoursexperts.com\/es\/\">Tours en Costa Rica<\/a><\/li>\n<\/ul><\/div><\/div><br style=\"clear: both;\">\n","protected":false},"excerpt":{"rendered":"","protected":false},"author":1,"featured_media":0,"parent":0,"menu_order":0,"comment_status":"closed","ping_status":"closed","template":"","meta":{"footnotes":""},"class_list":["post-212070","page","type-page","status-publish"],"yoast_head":"<!-- This site is optimized with the Yoast SEO plugin v26.6 - https:\/\/yoast.com\/wordpress\/plugins\/seo\/ -->\n<title>mapa del sitio - Jaco Costa Rica Tours<\/title>\n<meta name=\"robots\" content=\"index, follow, max-snippet:-1, max-image-preview:large, max-video-preview:-1\" \/>\n<link rel=\"canonical\" href=\"https:\/\/costaricatoursexperts.com\/es\/mapa-del-sitio\/\" \/>\n<meta property=\"og:locale\" content=\"es_ES\" \/>\n<meta property=\"og:type\" content=\"article\" \/>\n<meta property=\"og:title\" content=\"mapa del sitio - Jaco Costa Rica Tours\" \/>\n<meta property=\"og:url\" content=\"https:\/\/costaricatoursexperts.com\/es\/mapa-del-sitio\/\" \/>\n<meta property=\"og:site_name\" content=\"Jaco Costa Rica Tours\" \/>\n<meta property=\"article:modified_time\" content=\"2020-09-22T21:22:32+00:00\" \/>\n<meta name=\"twitter:card\" content=\"summary_large_image\" \/>\n<script type=\"application\/ld+json\" class=\"yoast-schema-graph\">{\"@context\":\"https:\/\/schema.org\",\"@graph\":[{\"@type\":\"WebPage\",\"@id\":\"https:\/\/costaricatoursexperts.com\/es\/mapa-del-sitio\/\",\"url\":\"https:\/\/costaricatoursexperts.com\/es\/mapa-del-sitio\/\",\"name\":\"mapa del sitio - Jaco Costa Rica Tours\",\"isPartOf\":{\"@id\":\"https:\/\/costaricatoursexperts.com\/#website\"},\"datePublished\":\"2018-01-01T13:53:01+00:00\",\"dateModified\":\"2020-09-22T21:22:32+00:00\",\"breadcrumb\":{\"@id\":\"https:\/\/costaricatoursexperts.com\/es\/mapa-del-sitio\/#breadcrumb\"},\"inLanguage\":\"es\",\"potentialAction\":[{\"@type\":\"ReadAction\",\"target\":[\"https:\/\/costaricatoursexperts.com\/es\/mapa-del-sitio\/\"]}]},{\"@type\":\"BreadcrumbList\",\"@id\":\"https:\/\/costaricatoursexperts.com\/es\/mapa-del-sitio\/#breadcrumb\",\"itemListElement\":[{\"@type\":\"ListItem\",\"position\":1,\"name\":\"Home\",\"item\":\"https:\/\/costaricatoursexperts.com\/es\/\"},{\"@type\":\"ListItem\",\"position\":2,\"name\":\"mapa del sitio\"}]},{\"@type\":\"WebSite\",\"@id\":\"https:\/\/costaricatoursexperts.com\/#website\",\"url\":\"https:\/\/costaricatoursexperts.com\/\",\"name\":\"Jaco Costa Rica Tours\",\"description\":\"Adventure Tours\",\"publisher\":{\"@id\":\"https:\/\/costaricatoursexperts.com\/#organization\"},\"potentialAction\":[{\"@type\":\"SearchAction\",\"target\":{\"@type\":\"EntryPoint\",\"urlTemplate\":\"https:\/\/costaricatoursexperts.com\/?s={search_term_string}\"},\"query-input\":{\"@type\":\"PropertyValueSpecification\",\"valueRequired\":true,\"valueName\":\"search_term_string\"}}],\"inLanguage\":\"es\"},{\"@type\":\"Organization\",\"@id\":\"https:\/\/costaricatoursexperts.com\/#organization\",\"name\":\"Jaco Costa Rica Tours\",\"url\":\"https:\/\/costaricatoursexperts.com\/\",\"logo\":{\"@type\":\"ImageObject\",\"inLanguage\":\"es\",\"@id\":\"https:\/\/costaricatoursexperts.com\/#\/schema\/logo\/image\/\",\"url\":\"https:\/\/costaricatoursexperts.com\/wp-content\/uploads\/2019\/08\/tourexpertscostarica.png\",\"contentUrl\":\"https:\/\/costaricatoursexperts.com\/wp-content\/uploads\/2019\/08\/tourexpertscostarica.png\",\"width\":786,\"height\":447,\"caption\":\"Jaco Costa Rica Tours\"},\"image\":{\"@id\":\"https:\/\/costaricatoursexperts.com\/#\/schema\/logo\/image\/\"}}]}<\/script>\n<!-- \/ Yoast SEO plugin. -->","yoast_head_json":{"title":"mapa del sitio - Jaco Costa Rica Tours","robots":{"index":"index","follow":"follow","max-snippet":"max-snippet:-1","max-image-preview":"max-image-preview:large","max-video-preview":"max-video-preview:-1"},"canonical":"https:\/\/costaricatoursexperts.com\/es\/mapa-del-sitio\/","og_locale":"es_ES","og_type":"article","og_title":"mapa del sitio - Jaco Costa Rica Tours","og_url":"https:\/\/costaricatoursexperts.com\/es\/mapa-del-sitio\/","og_site_name":"Jaco Costa Rica Tours","article_modified_time":"2020-09-22T21:22:32+00:00","twitter_card":"summary_large_image","schema":{"@context":"https:\/\/schema.org","@graph":[{"@type":"WebPage","@id":"https:\/\/costaricatoursexperts.com\/es\/mapa-del-sitio\/","url":"https:\/\/costaricatoursexperts.com\/es\/mapa-del-sitio\/","name":"mapa del sitio - Jaco Costa Rica Tours","isPartOf":{"@id":"https:\/\/costaricatoursexperts.com\/#website"},"datePublished":"2018-01-01T13:53:01+00:00","dateModified":"2020-09-22T21:22:32+00:00","breadcrumb":{"@id":"https:\/\/costaricatoursexperts.com\/es\/mapa-del-sitio\/#breadcrumb"},"inLanguage":"es","potentialAction":[{"@type":"ReadAction","target":["https:\/\/costaricatoursexperts.com\/es\/mapa-del-sitio\/"]}]},{"@type":"BreadcrumbList","@id":"https:\/\/costaricatoursexperts.com\/es\/mapa-del-sitio\/#breadcrumb","itemListElement":[{"@type":"ListItem","position":1,"name":"Home","item":"https:\/\/costaricatoursexperts.com\/es\/"},{"@type":"ListItem","position":2,"name":"mapa del sitio"}]},{"@type":"WebSite","@id":"https:\/\/costaricatoursexperts.com\/#website","url":"https:\/\/costaricatoursexperts.com\/","name":"Jaco Costa Rica Tours","description":"Adventure Tours","publisher":{"@id":"https:\/\/costaricatoursexperts.com\/#organization"},"potentialAction":[{"@type":"SearchAction","target":{"@type":"EntryPoint","urlTemplate":"https:\/\/costaricatoursexperts.com\/?s={search_term_string}"},"query-input":{"@type":"PropertyValueSpecification","valueRequired":true,"valueName":"search_term_string"}}],"inLanguage":"es"},{"@type":"Organization","@id":"https:\/\/costaricatoursexperts.com\/#organization","name":"Jaco Costa Rica Tours","url":"https:\/\/costaricatoursexperts.com\/","logo":{"@type":"ImageObject","inLanguage":"es","@id":"https:\/\/costaricatoursexperts.com\/#\/schema\/logo\/image\/","url":"https:\/\/costaricatoursexperts.com\/wp-content\/uploads\/2019\/08\/tourexpertscostarica.png","contentUrl":"https:\/\/costaricatoursexperts.com\/wp-content\/uploads\/2019\/08\/tourexpertscostarica.png","width":786,"height":447,"caption":"Jaco Costa Rica Tours"},"image":{"@id":"https:\/\/costaricatoursexperts.com\/#\/schema\/logo\/image\/"}}]}},"_links":{"self":[{"href":"https:\/\/costaricatoursexperts.com\/es\/wp-json\/wp\/v2\/pages\/212070","targetHints":{"allow":["GET"]}}],"collection":[{"href":"https:\/\/costaricatoursexperts.com\/es\/wp-json\/wp\/v2\/pages"}],"about":[{"href":"https:\/\/costaricatoursexperts.com\/es\/wp-json\/wp\/v2\/types\/page"}],"author":[{"embeddable":true,"href":"https:\/\/costaricatoursexperts.com\/es\/wp-json\/wp\/v2\/users\/1"}],"replies":[{"embeddable":true,"href":"https:\/\/costaricatoursexperts.com\/es\/wp-json\/wp\/v2\/comments?post=212070"}],"version-history":[{"count":1,"href":"https:\/\/costaricatoursexperts.com\/es\/wp-json\/wp\/v2\/pages\/212070\/revisions"}],"predecessor-version":[{"id":212071,"href":"https:\/\/costaricatoursexperts.com\/es\/wp-json\/wp\/v2\/pages\/212070\/revisions\/212071"}],"wp:attachment":[{"href":"https:\/\/costaricatoursexperts.com\/es\/wp-json\/wp\/v2\/media?parent=212070"}],"curies":[{"name":"wp","href":"https:\/\/api.w.org\/{rel}","templated":true}]}}