{"id":212009,"date":"2017-12-31T18:41:23","date_gmt":"2017-12-31T18:41:23","guid":{"rendered":"https:\/\/costaricatoursexperts.com\/excursiones\/nauyaca-waterfalls-manuel-antonio\/"},"modified":"2020-09-22T20:43:33","modified_gmt":"2020-09-22T20:43:33","slug":"cascadas-de-nauyaca-manuel-antonio","status":"publish","type":"page","link":"https:\/\/costaricatoursexperts.com\/es\/excursiones\/cascadas-de-nauyaca-manuel-antonio\/","title":{"rendered":"Cascadas de Nauyaca + Manuel Antonio"},"content":{"rendered":"<h2 class=\"product_title entry-title\">Expedici\u00f3n a Cascadas de Nauyaca + Manuel Antonio<\/h2>\n<div class=\"woocommerce-product-details__short-description\">\n<p>Comenzando temprano en la ma\u00f1ana recogemos a los clientes en sus hoteles para partir hacia el Pac\u00edfico sur de Costa Rica hacia las Cataratas de Nauyaca uno de los lugares m\u00e1s exuberantes de toda Am\u00e9rica. Los primeros en descubrir y explorar esta maravilla de la naturaleza exclamaron \u201cSanto Cristo\u201d por su magn\u00edfica belleza y cada vez que alguien la ve\u00eda por primera vez exclamaba la expresi\u00f3n as\u00ed que este es el nombre popular de las cascadas.<\/p>\n<script type=\"text\/javascript\">\r\ndocument.addEventListener(\"DOMContentLoaded\", function(event) { \r\n\tjQuery( '#slider-pro-3-861' ).sliderPro({\r\n\t\t\/\/width\r\n\t\t\t\twidth: 1000,\r\n\t\t\t\t\r\n\t\t\/\/height\r\n\t\t\t\theight: 500,\r\n\t\t\t\t\r\n\t\t\/\/auto play\r\n\t\t\t\tautoplay:  true,\r\n\t\tautoplayOnHover: 'none',\r\n\t\t\t\t\t\t\t\tautoplayDelay: 5000,\r\n\t\t\r\n\t\t\r\n\t\tarrows: true,\r\n\t\tbuttons: true,\r\n\t\tsmallSize: 500,\r\n\t\tmediumSize: 1000,\r\n\t\tlargeSize: 3000,\r\n\t\tfade: true,\r\n\t\t\r\n\t\t\/\/thumbnail\r\n\t\tthumbnailArrows: true,\r\n\t\tthumbnailWidth: 120,\r\n\t\tthumbnailHeight: 120,\r\n\t\t\t\t\t\tthumbnailsPosition: 'bottom',\r\n\t\t\t\t\t\tcenterImage: true,\r\n\t\timageScaleMode: 'cover',\r\n\t\tallowScaleUp: true,\r\n\t\t\t\tstartSlide: 0,\r\n\t\tloop: true,\r\n\t\tslideDistance: 5,\r\n\t\tautoplayDirection: 'normal',\r\n\t\ttouchSwipe: true,\r\n\t\tfullScreen: true,\r\n\t});\r\n});\r\n<\/script>\r\n\r\n<div id=\"uris-slider-title\">\r\n\t<h3 class=\"uris-slider-post-title\">Nauyaca Waterfalls + Manuel Antonio<\/h3>\r\n<\/div>\r\n\t\t<div id=\"slider-pro-3-861\" class=\"slider-pro\">\r\n\t\t\t<!---- slides div start ---->\r\n\t\t\t<div class=\"sp-slides\">\r\n\t\t\t\t\t\t\t\t\t\t<div class=\"sp-slide\">\r\n\t\t\t\t\t\t\t<img decoding=\"async\" class=\"sp-image\" loading=\"lazy\" alt=\"nauyaca waterfalls CR\" src=\"https:\/\/costaricatoursexperts.com\/wp-content\/plugins\/ultimate-responsive-image-slider\/assets\/css\/images\/blank.gif\" data-src=\"https:\/\/costaricatoursexperts.com\/wp-content\/uploads\/2016\/06\/nauyaca-waterfalls-CR.jpg\" \/>\r\n\r\n\t\t\t\t\t\t\t\r\n\t\t\t\t\t\t\t\t\t\t\t\t\t<\/div>\r\n\t\t\t\t\t\t\t\t\t\t\t\t<div class=\"sp-slide\">\r\n\t\t\t\t\t\t\t<img decoding=\"async\" class=\"sp-image\" loading=\"lazy\" alt=\"Waterfalls Nauyaca Costa rica\" src=\"https:\/\/costaricatoursexperts.com\/wp-content\/plugins\/ultimate-responsive-image-slider\/assets\/css\/images\/blank.gif\" data-src=\"https:\/\/costaricatoursexperts.com\/wp-content\/uploads\/2016\/06\/Waterfalls-Nauyaca-Costa-rica.jpg\" \/>\r\n\r\n\t\t\t\t\t\t\t\r\n\t\t\t\t\t\t\t\t\t\t\t\t\t<\/div>\r\n\t\t\t\t\t\t\t\t\t\t\t\t<div class=\"sp-slide\">\r\n\t\t\t\t\t\t\t<img decoding=\"async\" class=\"sp-image\" loading=\"lazy\" alt=\"Nauyaca Waterfall Costa Rica\" src=\"https:\/\/costaricatoursexperts.com\/wp-content\/plugins\/ultimate-responsive-image-slider\/assets\/css\/images\/blank.gif\" data-src=\"https:\/\/costaricatoursexperts.com\/wp-content\/uploads\/2016\/06\/NauyacaWaterfallCostaRica.jpg\" \/>\r\n\r\n\t\t\t\t\t\t\t\r\n\t\t\t\t\t\t\t\t\t\t\t\t\t<\/div>\r\n\t\t\t\t\t\t\t\t\t\t\t\t<div class=\"sp-slide\">\r\n\t\t\t\t\t\t\t<img decoding=\"async\" class=\"sp-image\" loading=\"lazy\" alt=\"Manuel Antonio Beach\" src=\"https:\/\/costaricatoursexperts.com\/wp-content\/plugins\/ultimate-responsive-image-slider\/assets\/css\/images\/blank.gif\" data-src=\"https:\/\/costaricatoursexperts.com\/wp-content\/uploads\/2016\/06\/Manuel-Antonio-Beach.jpg\" \/>\r\n\r\n\t\t\t\t\t\t\t\r\n\t\t\t\t\t\t\t\t\t\t\t\t\t<\/div>\r\n\t\t\t\t\t\t\t\t\t\t\t\t<div class=\"sp-slide\">\r\n\t\t\t\t\t\t\t<img decoding=\"async\" class=\"sp-image\" loading=\"lazy\" alt=\"Manuel Antonio National Park\" src=\"https:\/\/costaricatoursexperts.com\/wp-content\/plugins\/ultimate-responsive-image-slider\/assets\/css\/images\/blank.gif\" data-src=\"https:\/\/costaricatoursexperts.com\/wp-content\/uploads\/2016\/06\/Manuel-Antonio-National-Park.jpg\" \/>\r\n\r\n\t\t\t\t\t\t\t\r\n\t\t\t\t\t\t\t\t\t\t\t\t\t<\/div>\r\n\t\t\t\t\t\t\t\t\t\t\t\t<div class=\"sp-slide\">\r\n\t\t\t\t\t\t\t<img decoding=\"async\" class=\"sp-image\" loading=\"lazy\" alt=\"Beach of Manuel-Antonio-National-Park\" src=\"https:\/\/costaricatoursexperts.com\/wp-content\/plugins\/ultimate-responsive-image-slider\/assets\/css\/images\/blank.gif\" data-src=\"https:\/\/costaricatoursexperts.com\/wp-content\/uploads\/2016\/06\/Beach-of-Manuel-Antonio-National-Park.jpg\" \/>\r\n\r\n\t\t\t\t\t\t\t\r\n\t\t\t\t\t\t\t\t\t\t\t\t\t<\/div>\r\n\t\t\t\t\t\t\t\t\t<\/div>\r\n\t\t\t\r\n\t\t\t<!---- slides div end ---->\r\n\t\t\t\t\t\t<!-- slides thumbnails div start -->\r\n\t\t\t<div class=\"sp-thumbnails\">\r\n\t\t\t\t\t\t\t\t\t\t<img decoding=\"async\" class=\"sp-thumbnail\" loading=\"lazy\" src=\"https:\/\/costaricatoursexperts.com\/wp-content\/plugins\/ultimate-responsive-image-slider\/assets\/img\/loading.gif\" data-src=\"https:\/\/costaricatoursexperts.com\/wp-content\/uploads\/2016\/06\/nauyaca-waterfalls-CR-200x300.jpg\" alt=\"nauyaca waterfalls CR\"\/>\r\n\t\t\t\t\t\t\t\t\t\t\t<img decoding=\"async\" class=\"sp-thumbnail\" loading=\"lazy\" src=\"https:\/\/costaricatoursexperts.com\/wp-content\/plugins\/ultimate-responsive-image-slider\/assets\/img\/loading.gif\" data-src=\"https:\/\/costaricatoursexperts.com\/wp-content\/uploads\/2016\/06\/Waterfalls-Nauyaca-Costa-rica-300x188.jpg\" alt=\"Waterfalls Nauyaca Costa rica\"\/>\r\n\t\t\t\t\t\t\t\t\t\t\t<img decoding=\"async\" class=\"sp-thumbnail\" loading=\"lazy\" src=\"https:\/\/costaricatoursexperts.com\/wp-content\/plugins\/ultimate-responsive-image-slider\/assets\/img\/loading.gif\" data-src=\"https:\/\/costaricatoursexperts.com\/wp-content\/uploads\/2016\/06\/NauyacaWaterfallCostaRica-300x199.jpg\" alt=\"Nauyaca Waterfall Costa Rica\"\/>\r\n\t\t\t\t\t\t\t\t\t\t\t<img decoding=\"async\" class=\"sp-thumbnail\" loading=\"lazy\" src=\"https:\/\/costaricatoursexperts.com\/wp-content\/plugins\/ultimate-responsive-image-slider\/assets\/img\/loading.gif\" data-src=\"https:\/\/costaricatoursexperts.com\/wp-content\/uploads\/2016\/06\/Manuel-Antonio-Beach-300x199.jpg\" alt=\"Manuel Antonio Beach\"\/>\r\n\t\t\t\t\t\t\t\t\t\t\t<img decoding=\"async\" class=\"sp-thumbnail\" loading=\"lazy\" src=\"https:\/\/costaricatoursexperts.com\/wp-content\/plugins\/ultimate-responsive-image-slider\/assets\/img\/loading.gif\" data-src=\"https:\/\/costaricatoursexperts.com\/wp-content\/uploads\/2016\/06\/Manuel-Antonio-National-Park-300x119.jpg\" alt=\"Manuel Antonio National Park\"\/>\r\n\t\t\t\t\t\t\t\t\t\t\t<img decoding=\"async\" class=\"sp-thumbnail\" loading=\"lazy\" src=\"https:\/\/costaricatoursexperts.com\/wp-content\/plugins\/ultimate-responsive-image-slider\/assets\/img\/loading.gif\" data-src=\"https:\/\/costaricatoursexperts.com\/wp-content\/uploads\/2016\/06\/Beach-of-Manuel-Antonio-National-Park-300x200.jpg\" alt=\"Beach of Manuel-Antonio-National-Park\"\/>\r\n\t\t\t\t\t\t\t\t<\/div>\r\n\t\t\t\t\t\t<!-- slides thumbnails div end -->\r\n\t\t<\/div>\r\n\t\t<style>\r\n\/* Layout 3 *\/\r\n\/* border *\/\r\n#slider-pro-3-861 .sp-selected-thumbnail {\r\n\tborder: 4px solid #000000;\r\n}\r\n\r\n\/* font + color *\/\r\n.title-in  {\r\n\tfont-family: Arial !important;\r\n\tcolor: #FFFFFF !important;\r\n\tbackground-color: #000000 !important;\r\n\topacity: 0.7 !important;\r\n}\r\n.desc-in  {\r\n\tfont-family: Arial !important;\r\n\tcolor: #FFFFFF !important;\r\n\tbackground-color: #00000 !important;\r\n\topacity: 0.7 !important;\r\n}\r\n\r\n\/* bullets color *\/\r\n.sp-button  {\r\n\tborder: 2px solid #000000 !important;\r\n}\r\n.sp-selected-button  {\r\n\tbackground-color: #000000 !important;\r\n}\r\n\r\n\/* pointer color - bottom *\/\r\n.sp-selected-thumbnail::before {\r\n\tborder-bottom: 5px solid #000000 !important;\r\n}\r\n.sp-selected-thumbnail::after {\r\n\tborder-bottom: 13px solid #000000 !important;\r\n}\r\n\r\n\/* pointer color - top *\/\r\n\r\n\/* full screen icon *\/\r\n.sp-full-screen-button::before {\r\n    color: #FFFFFF !important;\r\n}\r\n\r\n\/* hover navigation icon color *\/\r\n.sp-next-arrow::after, .sp-next-arrow::before {\r\n\tbackground-color: #FFFFFF !important;\r\n}\r\n.sp-previous-arrow::after, .sp-previous-arrow::before {\r\n\tbackground-color: #FFFFFF !important;\r\n}\r\n\r\n#slider-pro-3-861 .title-in {\r\n\tcolor: #FFFFFF !important;\r\n\tfont-weight: bolder;\r\n\ttext-align: center;\r\n}\r\n\r\n#slider-pro-3-861 .title-in-bg {\r\n\tbackground: rgba(255, 255, 255, 0.7); !important;\r\n\twhite-space: unset !important;\r\n\ttransform: initial !important;\r\n\t-webkit-transform: initial !important;\r\n\tfont-size: 14px !important;\r\n}\r\n\r\n#slider-pro-3-861 .desc-in {\r\n\tcolor: #FFFFFF !important;\r\n\ttext-align: center;\r\n}\r\n#slider-pro-3-861 .desc-in-bg {\r\n\tbackground: rgba(#00000, 0.7) !important;\r\n\twhite-space: unset !important;\r\n\ttransform: initial !important;\r\n\t-webkit-transform: initial !important;\r\n\tfont-size: 13px !important;\r\n}\r\n\r\n@media (max-width: 640px) {\r\n\t#slider-pro-3-861 .hide-small-screen {\r\n\t\tdisplay: none;\r\n\t}\r\n}\r\n\r\n@media (max-width: 860px) {\r\n\t#slider-pro-3-861 .sp-layer {\r\n\t\tfont-size: 18px;\r\n\t}\r\n\t\r\n\t#slider-pro-3-861 .hide-medium-screen {\r\n\t\tdisplay: none;\r\n\t}\r\n}\r\n.slides-not-found {\r\n\tbackground-color: #a92929;\r\n\tborder-radius: 5px;\r\n\tcolor: #fff;\r\n\tfont-family: initial;\r\n\ttext-align: center;\r\n\tpadding:12px;\r\n}\r\n\/* Custom CSS *\/\r\n<\/style>\r\n\n<\/div>\n<p><strong><span style=\"font-size: 18pt;\">Descripcion<\/span><\/strong><\/p>\n<h3 class=\"product_title entry-title\">Cascadas de Nauyaca y Tour a Manuel Antonio<\/h3>\n<p>\u00abDonde las monta\u00f1as se encuentran con el mar\u00bb<\/p>\n<p>\u00a1\u00a1\u00a1Qu\u00e9 viaje tan fant\u00e1stico\u2026 !!! Chapoteo y refrescante por la ma\u00f1ana en las enormes cascadas, abundante almuerzo alrededor del mediod\u00eda y Parque Nacional Manuel Antonio por la tarde. Este es un pr\u00edstino complejo de playas de arena blanca y una exuberante flora y fauna que hace de este parque el m\u00e1s visitado de todo Costa Rica.<\/p>\n<p><strong>Incluye:<\/strong> transporte 4 \u00d7 4\u00a0 almuerzo, frutas, gu\u00eda, una taza de caf\u00e9 y entradas al Parque Nacional Manuel Antonio y a las cascadas.<\/p>\n<p><strong>Qu\u00e9 traer:<\/strong> Traje de ba\u00f1o, agua, snacks, crema solar, repelente de insectos, sandalias de tiras o zapatos para el agua y tenis.<\/p>\n<p><strong>Dificultad:<\/strong> moderada.<\/p>\n<p><strong>Tour de todo el d\u00eda.<\/strong><\/p>\n<p><strong>M\u00ednimo:<\/strong> 3 personas para operar.<\/p>\n<p>&nbsp;<\/p>\n<p style=\"text-align: center;\"><strong><span style=\"font-size: 18pt;\">Ser\u00e1 Un Gusto Atenderle<\/span><\/strong><\/p>\n","protected":false},"excerpt":{"rendered":"<p>Expedici\u00f3n a Cascadas de Nauyaca + Manuel Antonio Comenzando temprano en la ma\u00f1ana recogemos a los clientes en sus hoteles &#8230; <\/p>\n<p class=\"read-more-container\"><a title=\"Nauyaca Waterfalls + Manuel Antonio\" class=\"read-more button\" href=\"https:\/\/costaricatoursexperts.com\/es\/?p=861#more-861\" aria-label=\"M\u00e1s en Nauyaca Waterfalls + Manuel Antonio\">Read more<\/a><\/p>\n","protected":false},"author":1,"featured_media":0,"parent":211942,"menu_order":0,"comment_status":"closed","ping_status":"closed","template":"","meta":{"footnotes":""},"class_list":["post-212009","page","type-page","status-publish","hentry"],"yoast_head":"<!-- This site is optimized with the Yoast SEO plugin v26.6 - https:\/\/yoast.com\/wordpress\/plugins\/seo\/ -->\n<title>Cascadas de Nauyaca + Manuel Antonio - Tour de Cataratas<\/title>\n<meta name=\"description\" content=\"Disfruta de una aventura en las Cascadas de Nauyaca y Manuel Antonio, este es un expedition de cararatas que no puedes perderte\" \/>\n<meta name=\"robots\" content=\"index, follow, max-snippet:-1, max-image-preview:large, max-video-preview:-1\" \/>\n<link rel=\"canonical\" href=\"https:\/\/costaricatoursexperts.com\/es\/excursiones\/cascadas-de-nauyaca-manuel-antonio\/\" \/>\n<meta property=\"og:locale\" content=\"es_ES\" \/>\n<meta property=\"og:type\" content=\"article\" \/>\n<meta property=\"og:title\" content=\"Cascadas de Nauyaca + Manuel Antonio - Tour de Cataratas\" \/>\n<meta property=\"og:description\" content=\"Disfruta de una aventura en las Cascadas de Nauyaca y Manuel Antonio, este es un expedition de cararatas que no puedes perderte\" \/>\n<meta property=\"og:url\" content=\"https:\/\/costaricatoursexperts.com\/es\/excursiones\/cascadas-de-nauyaca-manuel-antonio\/\" \/>\n<meta property=\"og:site_name\" content=\"Jaco Costa Rica Tours\" \/>\n<meta property=\"article:modified_time\" content=\"2020-09-22T20:43:33+00:00\" \/>\n<meta name=\"twitter:card\" content=\"summary_large_image\" \/>\n<meta name=\"twitter:label1\" content=\"Tiempo de lectura\" \/>\n\t<meta name=\"twitter:data1\" content=\"1 minuto\" \/>\n<script type=\"application\/ld+json\" class=\"yoast-schema-graph\">{\"@context\":\"https:\/\/schema.org\",\"@graph\":[{\"@type\":\"WebPage\",\"@id\":\"https:\/\/costaricatoursexperts.com\/es\/excursiones\/cascadas-de-nauyaca-manuel-antonio\/\",\"url\":\"https:\/\/costaricatoursexperts.com\/es\/excursiones\/cascadas-de-nauyaca-manuel-antonio\/\",\"name\":\"Cascadas de Nauyaca + Manuel Antonio - Tour de Cataratas\",\"isPartOf\":{\"@id\":\"https:\/\/costaricatoursexperts.com\/#website\"},\"datePublished\":\"2017-12-31T18:41:23+00:00\",\"dateModified\":\"2020-09-22T20:43:33+00:00\",\"description\":\"Disfruta de una aventura en las Cascadas de Nauyaca y Manuel Antonio, este es un expedition de cararatas que no puedes perderte\",\"breadcrumb\":{\"@id\":\"https:\/\/costaricatoursexperts.com\/es\/excursiones\/cascadas-de-nauyaca-manuel-antonio\/#breadcrumb\"},\"inLanguage\":\"es\",\"potentialAction\":[{\"@type\":\"ReadAction\",\"target\":[\"https:\/\/costaricatoursexperts.com\/es\/excursiones\/cascadas-de-nauyaca-manuel-antonio\/\"]}]},{\"@type\":\"BreadcrumbList\",\"@id\":\"https:\/\/costaricatoursexperts.com\/es\/excursiones\/cascadas-de-nauyaca-manuel-antonio\/#breadcrumb\",\"itemListElement\":[{\"@type\":\"ListItem\",\"position\":1,\"name\":\"Home\",\"item\":\"https:\/\/costaricatoursexperts.com\/es\/\"},{\"@type\":\"ListItem\",\"position\":2,\"name\":\"Excursi\u00f3nes\",\"item\":\"https:\/\/costaricatoursexperts.com\/es\/excursiones\/\"},{\"@type\":\"ListItem\",\"position\":3,\"name\":\"Cascadas de Nauyaca + Manuel Antonio\"}]},{\"@type\":\"WebSite\",\"@id\":\"https:\/\/costaricatoursexperts.com\/#website\",\"url\":\"https:\/\/costaricatoursexperts.com\/\",\"name\":\"Jaco Costa Rica Tours\",\"description\":\"Adventure Tours\",\"publisher\":{\"@id\":\"https:\/\/costaricatoursexperts.com\/#organization\"},\"potentialAction\":[{\"@type\":\"SearchAction\",\"target\":{\"@type\":\"EntryPoint\",\"urlTemplate\":\"https:\/\/costaricatoursexperts.com\/?s={search_term_string}\"},\"query-input\":{\"@type\":\"PropertyValueSpecification\",\"valueRequired\":true,\"valueName\":\"search_term_string\"}}],\"inLanguage\":\"es\"},{\"@type\":\"Organization\",\"@id\":\"https:\/\/costaricatoursexperts.com\/#organization\",\"name\":\"Jaco Costa Rica Tours\",\"url\":\"https:\/\/costaricatoursexperts.com\/\",\"logo\":{\"@type\":\"ImageObject\",\"inLanguage\":\"es\",\"@id\":\"https:\/\/costaricatoursexperts.com\/#\/schema\/logo\/image\/\",\"url\":\"https:\/\/costaricatoursexperts.com\/wp-content\/uploads\/2019\/08\/tourexpertscostarica.png\",\"contentUrl\":\"https:\/\/costaricatoursexperts.com\/wp-content\/uploads\/2019\/08\/tourexpertscostarica.png\",\"width\":786,\"height\":447,\"caption\":\"Jaco Costa Rica Tours\"},\"image\":{\"@id\":\"https:\/\/costaricatoursexperts.com\/#\/schema\/logo\/image\/\"}}]}<\/script>\n<!-- \/ Yoast SEO plugin. -->","yoast_head_json":{"title":"Cascadas de Nauyaca + Manuel Antonio - Tour de Cataratas","description":"Disfruta de una aventura en las Cascadas de Nauyaca y Manuel Antonio, este es un expedition de cararatas que no puedes perderte","robots":{"index":"index","follow":"follow","max-snippet":"max-snippet:-1","max-image-preview":"max-image-preview:large","max-video-preview":"max-video-preview:-1"},"canonical":"https:\/\/costaricatoursexperts.com\/es\/excursiones\/cascadas-de-nauyaca-manuel-antonio\/","og_locale":"es_ES","og_type":"article","og_title":"Cascadas de Nauyaca + Manuel Antonio - Tour de Cataratas","og_description":"Disfruta de una aventura en las Cascadas de Nauyaca y Manuel Antonio, este es un expedition de cararatas que no puedes perderte","og_url":"https:\/\/costaricatoursexperts.com\/es\/excursiones\/cascadas-de-nauyaca-manuel-antonio\/","og_site_name":"Jaco Costa Rica Tours","article_modified_time":"2020-09-22T20:43:33+00:00","twitter_card":"summary_large_image","twitter_misc":{"Tiempo de lectura":"1 minuto"},"schema":{"@context":"https:\/\/schema.org","@graph":[{"@type":"WebPage","@id":"https:\/\/costaricatoursexperts.com\/es\/excursiones\/cascadas-de-nauyaca-manuel-antonio\/","url":"https:\/\/costaricatoursexperts.com\/es\/excursiones\/cascadas-de-nauyaca-manuel-antonio\/","name":"Cascadas de Nauyaca + Manuel Antonio - Tour de Cataratas","isPartOf":{"@id":"https:\/\/costaricatoursexperts.com\/#website"},"datePublished":"2017-12-31T18:41:23+00:00","dateModified":"2020-09-22T20:43:33+00:00","description":"Disfruta de una aventura en las Cascadas de Nauyaca y Manuel Antonio, este es un expedition de cararatas que no puedes perderte","breadcrumb":{"@id":"https:\/\/costaricatoursexperts.com\/es\/excursiones\/cascadas-de-nauyaca-manuel-antonio\/#breadcrumb"},"inLanguage":"es","potentialAction":[{"@type":"ReadAction","target":["https:\/\/costaricatoursexperts.com\/es\/excursiones\/cascadas-de-nauyaca-manuel-antonio\/"]}]},{"@type":"BreadcrumbList","@id":"https:\/\/costaricatoursexperts.com\/es\/excursiones\/cascadas-de-nauyaca-manuel-antonio\/#breadcrumb","itemListElement":[{"@type":"ListItem","position":1,"name":"Home","item":"https:\/\/costaricatoursexperts.com\/es\/"},{"@type":"ListItem","position":2,"name":"Excursi\u00f3nes","item":"https:\/\/costaricatoursexperts.com\/es\/excursiones\/"},{"@type":"ListItem","position":3,"name":"Cascadas de Nauyaca + Manuel Antonio"}]},{"@type":"WebSite","@id":"https:\/\/costaricatoursexperts.com\/#website","url":"https:\/\/costaricatoursexperts.com\/","name":"Jaco Costa Rica Tours","description":"Adventure Tours","publisher":{"@id":"https:\/\/costaricatoursexperts.com\/#organization"},"potentialAction":[{"@type":"SearchAction","target":{"@type":"EntryPoint","urlTemplate":"https:\/\/costaricatoursexperts.com\/?s={search_term_string}"},"query-input":{"@type":"PropertyValueSpecification","valueRequired":true,"valueName":"search_term_string"}}],"inLanguage":"es"},{"@type":"Organization","@id":"https:\/\/costaricatoursexperts.com\/#organization","name":"Jaco Costa Rica Tours","url":"https:\/\/costaricatoursexperts.com\/","logo":{"@type":"ImageObject","inLanguage":"es","@id":"https:\/\/costaricatoursexperts.com\/#\/schema\/logo\/image\/","url":"https:\/\/costaricatoursexperts.com\/wp-content\/uploads\/2019\/08\/tourexpertscostarica.png","contentUrl":"https:\/\/costaricatoursexperts.com\/wp-content\/uploads\/2019\/08\/tourexpertscostarica.png","width":786,"height":447,"caption":"Jaco Costa Rica Tours"},"image":{"@id":"https:\/\/costaricatoursexperts.com\/#\/schema\/logo\/image\/"}}]}},"_links":{"self":[{"href":"https:\/\/costaricatoursexperts.com\/es\/wp-json\/wp\/v2\/pages\/212009","targetHints":{"allow":["GET"]}}],"collection":[{"href":"https:\/\/costaricatoursexperts.com\/es\/wp-json\/wp\/v2\/pages"}],"about":[{"href":"https:\/\/costaricatoursexperts.com\/es\/wp-json\/wp\/v2\/types\/page"}],"author":[{"embeddable":true,"href":"https:\/\/costaricatoursexperts.com\/es\/wp-json\/wp\/v2\/users\/1"}],"replies":[{"embeddable":true,"href":"https:\/\/costaricatoursexperts.com\/es\/wp-json\/wp\/v2\/comments?post=212009"}],"version-history":[{"count":3,"href":"https:\/\/costaricatoursexperts.com\/es\/wp-json\/wp\/v2\/pages\/212009\/revisions"}],"predecessor-version":[{"id":212012,"href":"https:\/\/costaricatoursexperts.com\/es\/wp-json\/wp\/v2\/pages\/212009\/revisions\/212012"}],"up":[{"embeddable":true,"href":"https:\/\/costaricatoursexperts.com\/es\/wp-json\/wp\/v2\/pages\/211942"}],"wp:attachment":[{"href":"https:\/\/costaricatoursexperts.com\/es\/wp-json\/wp\/v2\/media?parent=212009"}],"curies":[{"name":"wp","href":"https:\/\/api.w.org\/{rel}","templated":true}]}}