{"id":211999,"date":"2017-12-31T20:08:13","date_gmt":"2017-12-31T20:08:13","guid":{"rendered":"https:\/\/costaricatoursexperts.com\/excursiones\/jaco-beach-surf-lessons\/"},"modified":"2020-09-22T20:54:26","modified_gmt":"2020-09-22T20:54:26","slug":"lecciones-de-surf-en-la-playa-de-jaco","status":"publish","type":"page","link":"https:\/\/costaricatoursexperts.com\/es\/excursiones\/lecciones-de-surf-en-la-playa-de-jaco\/","title":{"rendered":"Lecciones de surf en la playa de Jaco"},"content":{"rendered":"<h2 class=\"product_title entry-title\">Aprende a Surfear en\u00a0 playa\u00a0 Jaco<\/h2>\n<div class=\"woocommerce-product-details__short-description\">\n<p>Playa Jaco es el destino perfecto para el surf para principiantes y expertos, en el tranquilo extremo sur de Jaco, puede disfrutar de olas m\u00e1s suaves para aquellos que reci\u00e9n comienzan o m\u00e1s arrecifes, elementos de olas y, por supuesto, la famosa Playa Hermosa en el descanso, a la vuelta de la esquina para el nivel intermedio y avanzado.<\/p>\n<script type=\"text\/javascript\">\r\ndocument.addEventListener(\"DOMContentLoaded\", function(event) { \r\n\tjQuery( '#slider-pro-3-893' ).sliderPro({\r\n\t\t\/\/width\r\n\t\t\t\twidth: 1000,\r\n\t\t\t\t\r\n\t\t\/\/height\r\n\t\t\t\theight: 500,\r\n\t\t\t\t\r\n\t\t\/\/auto play\r\n\t\t\t\tautoplay:  true,\r\n\t\tautoplayOnHover: 'none',\r\n\t\t\t\t\t\t\t\tautoplayDelay: 5000,\r\n\t\t\r\n\t\t\r\n\t\tarrows: true,\r\n\t\tbuttons: true,\r\n\t\tsmallSize: 500,\r\n\t\tmediumSize: 1000,\r\n\t\tlargeSize: 3000,\r\n\t\tfade: true,\r\n\t\t\r\n\t\t\/\/thumbnail\r\n\t\tthumbnailArrows: true,\r\n\t\tthumbnailWidth: 120,\r\n\t\tthumbnailHeight: 120,\r\n\t\t\t\t\t\tthumbnailsPosition: 'bottom',\r\n\t\t\t\t\t\tcenterImage: true,\r\n\t\timageScaleMode: 'cover',\r\n\t\tallowScaleUp: true,\r\n\t\t\t\tstartSlide: 0,\r\n\t\tloop: true,\r\n\t\tslideDistance: 5,\r\n\t\tautoplayDirection: 'normal',\r\n\t\ttouchSwipe: true,\r\n\t\tfullScreen: true,\r\n\t});\r\n});\r\n<\/script>\r\n\r\n<div id=\"uris-slider-title\">\r\n\t<h3 class=\"uris-slider-post-title\">Surf Lessons<\/h3>\r\n<\/div>\r\n\t\t<div id=\"slider-pro-3-893\" class=\"slider-pro\">\r\n\t\t\t<!---- slides div start ---->\r\n\t\t\t<div class=\"sp-slides\">\r\n\t\t\t\t\t\t\t\t\t\t<div class=\"sp-slide\">\r\n\t\t\t\t\t\t\t<img decoding=\"async\" class=\"sp-image\" loading=\"lazy\" alt=\"Jaco Beach Surf lessons\" src=\"https:\/\/costaricatoursexperts.com\/wp-content\/plugins\/ultimate-responsive-image-slider\/assets\/css\/images\/blank.gif\" data-src=\"https:\/\/costaricatoursexperts.com\/wp-content\/uploads\/2016\/06\/JacoBeachSurflessons.jpg\" \/>\r\n\r\n\t\t\t\t\t\t\t\r\n\t\t\t\t\t\t\t\t\t\t\t\t\t<\/div>\r\n\t\t\t\t\t\t\t\t\t\t\t\t<div class=\"sp-slide\">\r\n\t\t\t\t\t\t\t<img decoding=\"async\" class=\"sp-image\" loading=\"lazy\" alt=\"SurfPoseidonGirls\" src=\"https:\/\/costaricatoursexperts.com\/wp-content\/plugins\/ultimate-responsive-image-slider\/assets\/css\/images\/blank.gif\" data-src=\"https:\/\/costaricatoursexperts.com\/wp-content\/uploads\/2016\/06\/SurfPoseidonGirls.jpg\" \/>\r\n\r\n\t\t\t\t\t\t\t\r\n\t\t\t\t\t\t\t\t\t\t\t\t\t<\/div>\r\n\t\t\t\t\t\t\t\t\t\t\t\t<div class=\"sp-slide\">\r\n\t\t\t\t\t\t\t<img decoding=\"async\" class=\"sp-image\" loading=\"lazy\" alt=\"Jaco Beach Surf Packages\" src=\"https:\/\/costaricatoursexperts.com\/wp-content\/plugins\/ultimate-responsive-image-slider\/assets\/css\/images\/blank.gif\" data-src=\"https:\/\/costaricatoursexperts.com\/wp-content\/uploads\/2016\/06\/JacoBeachSurfPackagesTours.jpg\" \/>\r\n\r\n\t\t\t\t\t\t\t\r\n\t\t\t\t\t\t\t\t\t\t\t\t\t<\/div>\r\n\t\t\t\t\t\t\t\t\t\t\t\t<div class=\"sp-slide\">\r\n\t\t\t\t\t\t\t<img decoding=\"async\" class=\"sp-image\" loading=\"lazy\" alt=\"Ready to Surf Girls\" src=\"https:\/\/costaricatoursexperts.com\/wp-content\/plugins\/ultimate-responsive-image-slider\/assets\/css\/images\/blank.gif\" data-src=\"https:\/\/costaricatoursexperts.com\/wp-content\/uploads\/2016\/06\/ReadySurfGIrls.jpg\" \/>\r\n\r\n\t\t\t\t\t\t\t\r\n\t\t\t\t\t\t\t\t\t\t\t\t\t<\/div>\r\n\t\t\t\t\t\t\t\t\t\t\t\t<div class=\"sp-slide\">\r\n\t\t\t\t\t\t\t<img decoding=\"async\" class=\"sp-image\" loading=\"lazy\" alt=\"Jaco Beach Surf School\" src=\"https:\/\/costaricatoursexperts.com\/wp-content\/plugins\/ultimate-responsive-image-slider\/assets\/css\/images\/blank.gif\" data-src=\"https:\/\/costaricatoursexperts.com\/wp-content\/uploads\/2016\/06\/JacoBeachSurfSchoolCR.jpg\" \/>\r\n\r\n\t\t\t\t\t\t\t\r\n\t\t\t\t\t\t\t\t\t\t\t\t\t<\/div>\r\n\t\t\t\t\t\t\t\t\t\t\t\t<div class=\"sp-slide\">\r\n\t\t\t\t\t\t\t<img decoding=\"async\" class=\"sp-image\" loading=\"lazy\" alt=\"Costa Rica Jaco Surf Lesson\" src=\"https:\/\/costaricatoursexperts.com\/wp-content\/plugins\/ultimate-responsive-image-slider\/assets\/css\/images\/blank.gif\" data-src=\"https:\/\/costaricatoursexperts.com\/wp-content\/uploads\/2016\/06\/CostaRicaJacoSurfClub.jpg\" \/>\r\n\r\n\t\t\t\t\t\t\t\r\n\t\t\t\t\t\t\t\t\t\t\t\t\t<\/div>\r\n\t\t\t\t\t\t\t\t\t<\/div>\r\n\t\t\t\r\n\t\t\t<!---- slides div end ---->\r\n\t\t\t\t\t\t<!-- slides thumbnails div start -->\r\n\t\t\t<div class=\"sp-thumbnails\">\r\n\t\t\t\t\t\t\t\t\t\t<img decoding=\"async\" class=\"sp-thumbnail\" loading=\"lazy\" src=\"https:\/\/costaricatoursexperts.com\/wp-content\/plugins\/ultimate-responsive-image-slider\/assets\/img\/loading.gif\" data-src=\"https:\/\/costaricatoursexperts.com\/wp-content\/uploads\/2016\/06\/JacoBeachSurflessons-300x199.jpg\" alt=\"Jaco Beach Surf lessons\"\/>\r\n\t\t\t\t\t\t\t\t\t\t\t<img decoding=\"async\" class=\"sp-thumbnail\" loading=\"lazy\" src=\"https:\/\/costaricatoursexperts.com\/wp-content\/plugins\/ultimate-responsive-image-slider\/assets\/img\/loading.gif\" data-src=\"https:\/\/costaricatoursexperts.com\/wp-content\/uploads\/2016\/06\/SurfPoseidonGirls-300x200.jpg\" alt=\"SurfPoseidonGirls\"\/>\r\n\t\t\t\t\t\t\t\t\t\t\t<img decoding=\"async\" class=\"sp-thumbnail\" loading=\"lazy\" src=\"https:\/\/costaricatoursexperts.com\/wp-content\/plugins\/ultimate-responsive-image-slider\/assets\/img\/loading.gif\" data-src=\"https:\/\/costaricatoursexperts.com\/wp-content\/uploads\/2016\/06\/JacoBeachSurfPackagesTours-300x297.jpg\" alt=\"Jaco Beach Surf Packages\"\/>\r\n\t\t\t\t\t\t\t\t\t\t\t<img decoding=\"async\" class=\"sp-thumbnail\" loading=\"lazy\" src=\"https:\/\/costaricatoursexperts.com\/wp-content\/plugins\/ultimate-responsive-image-slider\/assets\/img\/loading.gif\" data-src=\"https:\/\/costaricatoursexperts.com\/wp-content\/uploads\/2016\/06\/ReadySurfGIrls-300x200.jpg\" alt=\"Ready to Surf Girls\"\/>\r\n\t\t\t\t\t\t\t\t\t\t\t<img decoding=\"async\" class=\"sp-thumbnail\" loading=\"lazy\" src=\"https:\/\/costaricatoursexperts.com\/wp-content\/plugins\/ultimate-responsive-image-slider\/assets\/img\/loading.gif\" data-src=\"https:\/\/costaricatoursexperts.com\/wp-content\/uploads\/2016\/06\/JacoBeachSurfSchoolCR-300x225.jpg\" alt=\"Jaco Beach Surf School\"\/>\r\n\t\t\t\t\t\t\t\t\t\t\t<img decoding=\"async\" class=\"sp-thumbnail\" loading=\"lazy\" src=\"https:\/\/costaricatoursexperts.com\/wp-content\/plugins\/ultimate-responsive-image-slider\/assets\/img\/loading.gif\" data-src=\"https:\/\/costaricatoursexperts.com\/wp-content\/uploads\/2016\/06\/CostaRicaJacoSurfClub-300x175.jpg\" alt=\"Costa Rica Jaco Surf Lesson\"\/>\r\n\t\t\t\t\t\t\t\t<\/div>\r\n\t\t\t\t\t\t<!-- slides thumbnails div end -->\r\n\t\t<\/div>\r\n\t\t<style>\r\n\/* Layout 3 *\/\r\n\/* border *\/\r\n#slider-pro-3-893 .sp-selected-thumbnail {\r\n\tborder: 4px solid #000000;\r\n}\r\n\r\n\/* font + color *\/\r\n.title-in  {\r\n\tfont-family: Arial !important;\r\n\tcolor: #FFFFFF !important;\r\n\tbackground-color: #000000 !important;\r\n\topacity: 0.7 !important;\r\n}\r\n.desc-in  {\r\n\tfont-family: Arial !important;\r\n\tcolor: #FFFFFF !important;\r\n\tbackground-color: #00000 !important;\r\n\topacity: 0.7 !important;\r\n}\r\n\r\n\/* bullets color *\/\r\n.sp-button  {\r\n\tborder: 2px solid #000000 !important;\r\n}\r\n.sp-selected-button  {\r\n\tbackground-color: #000000 !important;\r\n}\r\n\r\n\/* pointer color - bottom *\/\r\n.sp-selected-thumbnail::before {\r\n\tborder-bottom: 5px solid #000000 !important;\r\n}\r\n.sp-selected-thumbnail::after {\r\n\tborder-bottom: 13px solid #000000 !important;\r\n}\r\n\r\n\/* pointer color - top *\/\r\n\r\n\/* full screen icon *\/\r\n.sp-full-screen-button::before {\r\n    color: #FFFFFF !important;\r\n}\r\n\r\n\/* hover navigation icon color *\/\r\n.sp-next-arrow::after, .sp-next-arrow::before {\r\n\tbackground-color: #FFFFFF !important;\r\n}\r\n.sp-previous-arrow::after, .sp-previous-arrow::before {\r\n\tbackground-color: #FFFFFF !important;\r\n}\r\n\r\n#slider-pro-3-893 .title-in {\r\n\tcolor: #FFFFFF !important;\r\n\tfont-weight: bolder;\r\n\ttext-align: center;\r\n}\r\n\r\n#slider-pro-3-893 .title-in-bg {\r\n\tbackground: rgba(255, 255, 255, 0.7); !important;\r\n\twhite-space: unset !important;\r\n\ttransform: initial !important;\r\n\t-webkit-transform: initial !important;\r\n\tfont-size: 14px !important;\r\n}\r\n\r\n#slider-pro-3-893 .desc-in {\r\n\tcolor: #FFFFFF !important;\r\n\ttext-align: center;\r\n}\r\n#slider-pro-3-893 .desc-in-bg {\r\n\tbackground: rgba(#00000, 0.7) !important;\r\n\twhite-space: unset !important;\r\n\ttransform: initial !important;\r\n\t-webkit-transform: initial !important;\r\n\tfont-size: 13px !important;\r\n}\r\n\r\n@media (max-width: 640px) {\r\n\t#slider-pro-3-893 .hide-small-screen {\r\n\t\tdisplay: none;\r\n\t}\r\n}\r\n\r\n@media (max-width: 860px) {\r\n\t#slider-pro-3-893 .sp-layer {\r\n\t\tfont-size: 18px;\r\n\t}\r\n\t\r\n\t#slider-pro-3-893 .hide-medium-screen {\r\n\t\tdisplay: none;\r\n\t}\r\n}\r\n.slides-not-found {\r\n\tbackground-color: #a92929;\r\n\tborder-radius: 5px;\r\n\tcolor: #fff;\r\n\tfont-family: initial;\r\n\ttext-align: center;\r\n\tpadding:12px;\r\n}\r\n\/* Custom CSS *\/\r\n<\/style>\r\n\n<\/div>\n<p><strong><span style=\"font-size: 18pt;\">Descripcion<\/span><\/strong><\/p>\n<h2>Clases de surf<\/h2>\n<p>Costa Rica es un para\u00edso para el surf. Tanto es as\u00ed que en los \u201cmejores destinos para surfear del mundo\u201d, el Travel Channel es la primera imagen de una playa en Costa Rica-break. Olas coherentes, aire caliente, agua caliente, puntas largas y arrecifes abrumados arruinan el para\u00edso de los surfistas en Costa Rica.<\/p>\n<p>Proporcionamos las tablas, protectores contra erupciones, transporte y refrigerios. La marea suele ser adecuada para recibir lecciones temprano en la ma\u00f1ana o al final de la tarde.<\/p>\n<p><strong>LECCI\u00d3N EST\u00c1NDAR<\/strong><\/p>\n<ul>\n<li>SEGURIDAD DE DOS HORAS CON EL INSTRUCTOR<\/li>\n<li>BOTELLA DE AGUA<\/li>\n<li>RASGUARD 24 HORAS<\/li>\n<li>ALQUILER DE TABLAS DE SURF 24 HORAS<\/li>\n<li>tienes el mejor instructor que te ayuda a divertirte,<\/li>\n<li>conceptos b\u00e1sicos de aprendizaje<\/li>\n<li>c\u00f3mo estar de pie en el tablero<\/li>\n<li>c\u00f3mo aprender a remar en la tabla<\/li>\n<\/ul>\n<p style=\"text-align: center;\"><strong><span style=\"font-size: 18pt;\">Ser\u00e1 Un Gusto Atenderle<\/span><\/strong><\/p>\n","protected":false},"excerpt":{"rendered":"<p>Aprende a Surfear en\u00a0 playa\u00a0 Jaco Playa Jaco es el destino perfecto para el surf para principiantes y expertos, en &#8230; <\/p>\n<p class=\"read-more-container\"><a title=\"Surf Lessons\" class=\"read-more button\" href=\"https:\/\/costaricatoursexperts.com\/es\/?p=893#more-893\" aria-label=\"M\u00e1s en Surf Lessons\">Read more<\/a><\/p>\n","protected":false},"author":1,"featured_media":0,"parent":211942,"menu_order":0,"comment_status":"closed","ping_status":"closed","template":"","meta":{"footnotes":""},"class_list":["post-211999","page","type-page","status-publish","hentry"],"yoast_head":"<!-- This site is optimized with the Yoast SEO plugin v26.6 - https:\/\/yoast.com\/wordpress\/plugins\/seo\/ -->\n<title>Clases de surf en Playa Jac\u00f3 Costa Rica - Aprendiendo a Surfear<\/title>\n<meta name=\"description\" content=\"Lecciones de Surf en Playa Jaco, Escual de Surf, si eres un principiante o un surfista avanzado, podemos ense\u00f1arte los conceptos b\u00e1sicos o aprender nuevos consejos y t\u00e9cnicas.\" \/>\n<meta name=\"robots\" content=\"index, follow, max-snippet:-1, max-image-preview:large, max-video-preview:-1\" \/>\n<link rel=\"canonical\" href=\"https:\/\/costaricatoursexperts.com\/es\/excursiones\/lecciones-de-surf-en-la-playa-de-jaco\/\" \/>\n<meta property=\"og:locale\" content=\"es_ES\" \/>\n<meta property=\"og:type\" content=\"article\" \/>\n<meta property=\"og:title\" content=\"Clases de surf en Playa Jac\u00f3 Costa Rica - Aprendiendo a Surfear\" \/>\n<meta property=\"og:description\" content=\"Lecciones de Surf en Playa Jaco, Escual de Surf, si eres un principiante o un surfista avanzado, podemos ense\u00f1arte los conceptos b\u00e1sicos o aprender nuevos consejos y t\u00e9cnicas.\" \/>\n<meta property=\"og:url\" content=\"https:\/\/costaricatoursexperts.com\/es\/excursiones\/lecciones-de-surf-en-la-playa-de-jaco\/\" \/>\n<meta property=\"og:site_name\" content=\"Jaco Costa Rica Tours\" \/>\n<meta property=\"article:modified_time\" content=\"2020-09-22T20:54:26+00:00\" \/>\n<meta name=\"twitter:card\" content=\"summary_large_image\" \/>\n<meta name=\"twitter:label1\" content=\"Tiempo de lectura\" \/>\n\t<meta name=\"twitter:data1\" content=\"1 minuto\" \/>\n<script type=\"application\/ld+json\" class=\"yoast-schema-graph\">{\"@context\":\"https:\/\/schema.org\",\"@graph\":[{\"@type\":\"WebPage\",\"@id\":\"https:\/\/costaricatoursexperts.com\/es\/excursiones\/lecciones-de-surf-en-la-playa-de-jaco\/\",\"url\":\"https:\/\/costaricatoursexperts.com\/es\/excursiones\/lecciones-de-surf-en-la-playa-de-jaco\/\",\"name\":\"Clases de surf en Playa Jac\u00f3 Costa Rica - Aprendiendo a Surfear\",\"isPartOf\":{\"@id\":\"https:\/\/costaricatoursexperts.com\/#website\"},\"datePublished\":\"2017-12-31T20:08:13+00:00\",\"dateModified\":\"2020-09-22T20:54:26+00:00\",\"description\":\"Lecciones de Surf en Playa Jaco, Escual de Surf, si eres un principiante o un surfista avanzado, podemos ense\u00f1arte los conceptos b\u00e1sicos o aprender nuevos consejos y t\u00e9cnicas.\",\"breadcrumb\":{\"@id\":\"https:\/\/costaricatoursexperts.com\/es\/excursiones\/lecciones-de-surf-en-la-playa-de-jaco\/#breadcrumb\"},\"inLanguage\":\"es\",\"potentialAction\":[{\"@type\":\"ReadAction\",\"target\":[\"https:\/\/costaricatoursexperts.com\/es\/excursiones\/lecciones-de-surf-en-la-playa-de-jaco\/\"]}]},{\"@type\":\"BreadcrumbList\",\"@id\":\"https:\/\/costaricatoursexperts.com\/es\/excursiones\/lecciones-de-surf-en-la-playa-de-jaco\/#breadcrumb\",\"itemListElement\":[{\"@type\":\"ListItem\",\"position\":1,\"name\":\"Home\",\"item\":\"https:\/\/costaricatoursexperts.com\/es\/\"},{\"@type\":\"ListItem\",\"position\":2,\"name\":\"Excursi\u00f3nes\",\"item\":\"https:\/\/costaricatoursexperts.com\/es\/excursiones\/\"},{\"@type\":\"ListItem\",\"position\":3,\"name\":\"Lecciones de surf en la playa de Jaco\"}]},{\"@type\":\"WebSite\",\"@id\":\"https:\/\/costaricatoursexperts.com\/#website\",\"url\":\"https:\/\/costaricatoursexperts.com\/\",\"name\":\"Jaco Costa Rica Tours\",\"description\":\"Adventure Tours\",\"publisher\":{\"@id\":\"https:\/\/costaricatoursexperts.com\/#organization\"},\"potentialAction\":[{\"@type\":\"SearchAction\",\"target\":{\"@type\":\"EntryPoint\",\"urlTemplate\":\"https:\/\/costaricatoursexperts.com\/?s={search_term_string}\"},\"query-input\":{\"@type\":\"PropertyValueSpecification\",\"valueRequired\":true,\"valueName\":\"search_term_string\"}}],\"inLanguage\":\"es\"},{\"@type\":\"Organization\",\"@id\":\"https:\/\/costaricatoursexperts.com\/#organization\",\"name\":\"Jaco Costa Rica Tours\",\"url\":\"https:\/\/costaricatoursexperts.com\/\",\"logo\":{\"@type\":\"ImageObject\",\"inLanguage\":\"es\",\"@id\":\"https:\/\/costaricatoursexperts.com\/#\/schema\/logo\/image\/\",\"url\":\"https:\/\/costaricatoursexperts.com\/wp-content\/uploads\/2019\/08\/tourexpertscostarica.png\",\"contentUrl\":\"https:\/\/costaricatoursexperts.com\/wp-content\/uploads\/2019\/08\/tourexpertscostarica.png\",\"width\":786,\"height\":447,\"caption\":\"Jaco Costa Rica Tours\"},\"image\":{\"@id\":\"https:\/\/costaricatoursexperts.com\/#\/schema\/logo\/image\/\"}}]}<\/script>\n<!-- \/ Yoast SEO plugin. -->","yoast_head_json":{"title":"Clases de surf en Playa Jac\u00f3 Costa Rica - Aprendiendo a Surfear","description":"Lecciones de Surf en Playa Jaco, Escual de Surf, si eres un principiante o un surfista avanzado, podemos ense\u00f1arte los conceptos b\u00e1sicos o aprender nuevos consejos y t\u00e9cnicas.","robots":{"index":"index","follow":"follow","max-snippet":"max-snippet:-1","max-image-preview":"max-image-preview:large","max-video-preview":"max-video-preview:-1"},"canonical":"https:\/\/costaricatoursexperts.com\/es\/excursiones\/lecciones-de-surf-en-la-playa-de-jaco\/","og_locale":"es_ES","og_type":"article","og_title":"Clases de surf en Playa Jac\u00f3 Costa Rica - Aprendiendo a Surfear","og_description":"Lecciones de Surf en Playa Jaco, Escual de Surf, si eres un principiante o un surfista avanzado, podemos ense\u00f1arte los conceptos b\u00e1sicos o aprender nuevos consejos y t\u00e9cnicas.","og_url":"https:\/\/costaricatoursexperts.com\/es\/excursiones\/lecciones-de-surf-en-la-playa-de-jaco\/","og_site_name":"Jaco Costa Rica Tours","article_modified_time":"2020-09-22T20:54:26+00:00","twitter_card":"summary_large_image","twitter_misc":{"Tiempo de lectura":"1 minuto"},"schema":{"@context":"https:\/\/schema.org","@graph":[{"@type":"WebPage","@id":"https:\/\/costaricatoursexperts.com\/es\/excursiones\/lecciones-de-surf-en-la-playa-de-jaco\/","url":"https:\/\/costaricatoursexperts.com\/es\/excursiones\/lecciones-de-surf-en-la-playa-de-jaco\/","name":"Clases de surf en Playa Jac\u00f3 Costa Rica - Aprendiendo a Surfear","isPartOf":{"@id":"https:\/\/costaricatoursexperts.com\/#website"},"datePublished":"2017-12-31T20:08:13+00:00","dateModified":"2020-09-22T20:54:26+00:00","description":"Lecciones de Surf en Playa Jaco, Escual de Surf, si eres un principiante o un surfista avanzado, podemos ense\u00f1arte los conceptos b\u00e1sicos o aprender nuevos consejos y t\u00e9cnicas.","breadcrumb":{"@id":"https:\/\/costaricatoursexperts.com\/es\/excursiones\/lecciones-de-surf-en-la-playa-de-jaco\/#breadcrumb"},"inLanguage":"es","potentialAction":[{"@type":"ReadAction","target":["https:\/\/costaricatoursexperts.com\/es\/excursiones\/lecciones-de-surf-en-la-playa-de-jaco\/"]}]},{"@type":"BreadcrumbList","@id":"https:\/\/costaricatoursexperts.com\/es\/excursiones\/lecciones-de-surf-en-la-playa-de-jaco\/#breadcrumb","itemListElement":[{"@type":"ListItem","position":1,"name":"Home","item":"https:\/\/costaricatoursexperts.com\/es\/"},{"@type":"ListItem","position":2,"name":"Excursi\u00f3nes","item":"https:\/\/costaricatoursexperts.com\/es\/excursiones\/"},{"@type":"ListItem","position":3,"name":"Lecciones de surf en la playa de Jaco"}]},{"@type":"WebSite","@id":"https:\/\/costaricatoursexperts.com\/#website","url":"https:\/\/costaricatoursexperts.com\/","name":"Jaco Costa Rica Tours","description":"Adventure Tours","publisher":{"@id":"https:\/\/costaricatoursexperts.com\/#organization"},"potentialAction":[{"@type":"SearchAction","target":{"@type":"EntryPoint","urlTemplate":"https:\/\/costaricatoursexperts.com\/?s={search_term_string}"},"query-input":{"@type":"PropertyValueSpecification","valueRequired":true,"valueName":"search_term_string"}}],"inLanguage":"es"},{"@type":"Organization","@id":"https:\/\/costaricatoursexperts.com\/#organization","name":"Jaco Costa Rica Tours","url":"https:\/\/costaricatoursexperts.com\/","logo":{"@type":"ImageObject","inLanguage":"es","@id":"https:\/\/costaricatoursexperts.com\/#\/schema\/logo\/image\/","url":"https:\/\/costaricatoursexperts.com\/wp-content\/uploads\/2019\/08\/tourexpertscostarica.png","contentUrl":"https:\/\/costaricatoursexperts.com\/wp-content\/uploads\/2019\/08\/tourexpertscostarica.png","width":786,"height":447,"caption":"Jaco Costa Rica Tours"},"image":{"@id":"https:\/\/costaricatoursexperts.com\/#\/schema\/logo\/image\/"}}]}},"_links":{"self":[{"href":"https:\/\/costaricatoursexperts.com\/es\/wp-json\/wp\/v2\/pages\/211999","targetHints":{"allow":["GET"]}}],"collection":[{"href":"https:\/\/costaricatoursexperts.com\/es\/wp-json\/wp\/v2\/pages"}],"about":[{"href":"https:\/\/costaricatoursexperts.com\/es\/wp-json\/wp\/v2\/types\/page"}],"author":[{"embeddable":true,"href":"https:\/\/costaricatoursexperts.com\/es\/wp-json\/wp\/v2\/users\/1"}],"replies":[{"embeddable":true,"href":"https:\/\/costaricatoursexperts.com\/es\/wp-json\/wp\/v2\/comments?post=211999"}],"version-history":[{"count":3,"href":"https:\/\/costaricatoursexperts.com\/es\/wp-json\/wp\/v2\/pages\/211999\/revisions"}],"predecessor-version":[{"id":212002,"href":"https:\/\/costaricatoursexperts.com\/es\/wp-json\/wp\/v2\/pages\/211999\/revisions\/212002"}],"up":[{"embeddable":true,"href":"https:\/\/costaricatoursexperts.com\/es\/wp-json\/wp\/v2\/pages\/211942"}],"wp:attachment":[{"href":"https:\/\/costaricatoursexperts.com\/es\/wp-json\/wp\/v2\/media?parent=211999"}],"curies":[{"name":"wp","href":"https:\/\/api.w.org\/{rel}","templated":true}]}}