{"id":211995,"date":"2017-12-31T19:18:12","date_gmt":"2017-12-31T19:18:12","guid":{"rendered":"https:\/\/costaricatoursexperts.com\/excursiones\/jaco-beach-crocodile-tour-tarcoles-river\/"},"modified":"2020-09-22T20:57:43","modified_gmt":"2020-09-22T20:57:43","slug":"tour-de-cocodrilos-en-la-playa-de-jaco-en-el-rio-tarcoles","status":"publish","type":"page","link":"https:\/\/costaricatoursexperts.com\/es\/excursiones\/tour-de-cocodrilos-en-la-playa-de-jaco-en-el-rio-tarcoles\/","title":{"rendered":"Tour de cocodrilos en la playa de Jaco en el r\u00edo T\u00e1rcoles"},"content":{"rendered":"<h2>Tour de Cocodrilos<\/h2>\n<p>&nbsp;<\/p>\n<p>Bienvenido al verdadero Tour de Cocodrilos, ver\u00e1 a los cocodrilos en su h\u00e1bitat natural y la vida silvestre que se encuentra alrededor del r\u00edo T\u00e1rcoles y paseando en bote por los manglares, para aquellos que aman la adrenalina, esto es imprescindible y tambi\u00e9n para aquellos amantes de la naturaleza, definitivamente no deber\u00edan &#8216; No te pierdas esto.<\/p>\n<script type=\"text\/javascript\">\r\ndocument.addEventListener(\"DOMContentLoaded\", function(event) { \r\n\tjQuery( '#slider-pro-3-872' ).sliderPro({\r\n\t\t\/\/width\r\n\t\t\t\twidth: 1000,\r\n\t\t\t\t\r\n\t\t\/\/height\r\n\t\t\t\theight: 500,\r\n\t\t\t\t\r\n\t\t\/\/auto play\r\n\t\t\t\tautoplay:  true,\r\n\t\tautoplayOnHover: 'none',\r\n\t\t\t\t\t\t\t\tautoplayDelay: 5000,\r\n\t\t\r\n\t\t\r\n\t\tarrows: true,\r\n\t\tbuttons: true,\r\n\t\tsmallSize: 500,\r\n\t\tmediumSize: 1000,\r\n\t\tlargeSize: 3000,\r\n\t\tfade: true,\r\n\t\t\r\n\t\t\/\/thumbnail\r\n\t\tthumbnailArrows: true,\r\n\t\tthumbnailWidth: 120,\r\n\t\tthumbnailHeight: 120,\r\n\t\t\t\t\t\tthumbnailsPosition: 'bottom',\r\n\t\t\t\t\t\tcenterImage: true,\r\n\t\timageScaleMode: 'cover',\r\n\t\tallowScaleUp: true,\r\n\t\t\t\tstartSlide: 0,\r\n\t\tloop: true,\r\n\t\tslideDistance: 5,\r\n\t\tautoplayDirection: 'normal',\r\n\t\ttouchSwipe: true,\r\n\t\tfullScreen: true,\r\n\t});\r\n});\r\n<\/script>\r\n\r\n<div id=\"uris-slider-title\">\r\n\t<h3 class=\"uris-slider-post-title\">Crocodile<\/h3>\r\n<\/div>\r\n\t\t<div id=\"slider-pro-3-872\" class=\"slider-pro\">\r\n\t\t\t<!---- slides div start ---->\r\n\t\t\t<div class=\"sp-slides\">\r\n\t\t\t\t\t\t\t\t\t\t<div class=\"sp-slide\">\r\n\t\t\t\t\t\t\t<img decoding=\"async\" class=\"sp-image\" loading=\"lazy\" alt=\"Crocodile Tarcoles Tour\" src=\"https:\/\/costaricatoursexperts.com\/wp-content\/plugins\/ultimate-responsive-image-slider\/assets\/css\/images\/blank.gif\" data-src=\"https:\/\/costaricatoursexperts.com\/wp-content\/uploads\/2016\/06\/CrocodielTarcolesTour.jpg\" \/>\r\n\r\n\t\t\t\t\t\t\t\r\n\t\t\t\t\t\t\t\t\t\t\t\t\t<\/div>\r\n\t\t\t\t\t\t\t\t\t\t\t\t<div class=\"sp-slide\">\r\n\t\t\t\t\t\t\t<img decoding=\"async\" class=\"sp-image\" loading=\"lazy\" alt=\"Boat Crocodile Tour Costa Rica\" src=\"https:\/\/costaricatoursexperts.com\/wp-content\/plugins\/ultimate-responsive-image-slider\/assets\/css\/images\/blank.gif\" data-src=\"https:\/\/costaricatoursexperts.com\/wp-content\/uploads\/2016\/06\/BoatCrocodileTourCostaRica.jpg\" \/>\r\n\r\n\t\t\t\t\t\t\t\r\n\t\t\t\t\t\t\t\t\t\t\t\t\t<\/div>\r\n\t\t\t\t\t\t\t\t\t\t\t\t<div class=\"sp-slide\">\r\n\t\t\t\t\t\t\t<img decoding=\"async\" class=\"sp-image\" loading=\"lazy\" alt=\"Jaco Costa Rica Crocodile Tour\" src=\"https:\/\/costaricatoursexperts.com\/wp-content\/plugins\/ultimate-responsive-image-slider\/assets\/css\/images\/blank.gif\" data-src=\"https:\/\/costaricatoursexperts.com\/wp-content\/uploads\/2016\/06\/JacoCostaRicaCrocodileTour.jpg\" \/>\r\n\r\n\t\t\t\t\t\t\t\r\n\t\t\t\t\t\t\t\t\t\t\t\t\t<\/div>\r\n\t\t\t\t\t\t\t\t\t<\/div>\r\n\t\t\t\r\n\t\t\t<!---- slides div end ---->\r\n\t\t\t\t\t\t<!-- slides thumbnails div start -->\r\n\t\t\t<div class=\"sp-thumbnails\">\r\n\t\t\t\t\t\t\t\t\t\t<img decoding=\"async\" class=\"sp-thumbnail\" loading=\"lazy\" src=\"https:\/\/costaricatoursexperts.com\/wp-content\/plugins\/ultimate-responsive-image-slider\/assets\/img\/loading.gif\" data-src=\"https:\/\/costaricatoursexperts.com\/wp-content\/uploads\/2016\/06\/CrocodielTarcolesTour-300x199.jpg\" alt=\"Crocodile Tarcoles Tour\"\/>\r\n\t\t\t\t\t\t\t\t\t\t\t<img decoding=\"async\" class=\"sp-thumbnail\" loading=\"lazy\" src=\"https:\/\/costaricatoursexperts.com\/wp-content\/plugins\/ultimate-responsive-image-slider\/assets\/img\/loading.gif\" data-src=\"https:\/\/costaricatoursexperts.com\/wp-content\/uploads\/2016\/06\/BoatCrocodileTourCostaRica-300x199.jpg\" alt=\"Boat Crocodile Tour Costa Rica\"\/>\r\n\t\t\t\t\t\t\t\t\t\t\t<img decoding=\"async\" class=\"sp-thumbnail\" loading=\"lazy\" src=\"https:\/\/costaricatoursexperts.com\/wp-content\/plugins\/ultimate-responsive-image-slider\/assets\/img\/loading.gif\" data-src=\"https:\/\/costaricatoursexperts.com\/wp-content\/uploads\/2016\/06\/JacoCostaRicaCrocodileTour-300x199.jpg\" alt=\"Jaco Costa Rica Crocodile Tour\"\/>\r\n\t\t\t\t\t\t\t\t<\/div>\r\n\t\t\t\t\t\t<!-- slides thumbnails div end -->\r\n\t\t<\/div>\r\n\t\t<style>\r\n\/* Layout 3 *\/\r\n\/* border *\/\r\n#slider-pro-3-872 .sp-selected-thumbnail {\r\n\tborder: 4px solid #000000;\r\n}\r\n\r\n\/* font + color *\/\r\n.title-in  {\r\n\tfont-family: Arial !important;\r\n\tcolor: #FFFFFF !important;\r\n\tbackground-color: #000000 !important;\r\n\topacity: 0.7 !important;\r\n}\r\n.desc-in  {\r\n\tfont-family: Arial !important;\r\n\tcolor: #FFFFFF !important;\r\n\tbackground-color: #00000 !important;\r\n\topacity: 0.7 !important;\r\n}\r\n\r\n\/* bullets color *\/\r\n.sp-button  {\r\n\tborder: 2px solid #000000 !important;\r\n}\r\n.sp-selected-button  {\r\n\tbackground-color: #000000 !important;\r\n}\r\n\r\n\/* pointer color - bottom *\/\r\n.sp-selected-thumbnail::before {\r\n\tborder-bottom: 5px solid #000000 !important;\r\n}\r\n.sp-selected-thumbnail::after {\r\n\tborder-bottom: 13px solid #000000 !important;\r\n}\r\n\r\n\/* pointer color - top *\/\r\n\r\n\/* full screen icon *\/\r\n.sp-full-screen-button::before {\r\n    color: #FFFFFF !important;\r\n}\r\n\r\n\/* hover navigation icon color *\/\r\n.sp-next-arrow::after, .sp-next-arrow::before {\r\n\tbackground-color: #FFFFFF !important;\r\n}\r\n.sp-previous-arrow::after, .sp-previous-arrow::before {\r\n\tbackground-color: #FFFFFF !important;\r\n}\r\n\r\n#slider-pro-3-872 .title-in {\r\n\tcolor: #FFFFFF !important;\r\n\tfont-weight: bolder;\r\n\ttext-align: center;\r\n}\r\n\r\n#slider-pro-3-872 .title-in-bg {\r\n\tbackground: rgba(255, 255, 255, 0.7); !important;\r\n\twhite-space: unset !important;\r\n\ttransform: initial !important;\r\n\t-webkit-transform: initial !important;\r\n\tfont-size: 14px !important;\r\n}\r\n\r\n#slider-pro-3-872 .desc-in {\r\n\tcolor: #FFFFFF !important;\r\n\ttext-align: center;\r\n}\r\n#slider-pro-3-872 .desc-in-bg {\r\n\tbackground: rgba(#00000, 0.7) !important;\r\n\twhite-space: unset !important;\r\n\ttransform: initial !important;\r\n\t-webkit-transform: initial !important;\r\n\tfont-size: 13px !important;\r\n}\r\n\r\n@media (max-width: 640px) {\r\n\t#slider-pro-3-872 .hide-small-screen {\r\n\t\tdisplay: none;\r\n\t}\r\n}\r\n\r\n@media (max-width: 860px) {\r\n\t#slider-pro-3-872 .sp-layer {\r\n\t\tfont-size: 18px;\r\n\t}\r\n\t\r\n\t#slider-pro-3-872 .hide-medium-screen {\r\n\t\tdisplay: none;\r\n\t}\r\n}\r\n.slides-not-found {\r\n\tbackground-color: #a92929;\r\n\tborder-radius: 5px;\r\n\tcolor: #fff;\r\n\tfont-family: initial;\r\n\ttext-align: center;\r\n\tpadding:12px;\r\n}\r\n\/* Custom CSS *\/\r\n<\/style>\r\n\n<p><strong>Descripcion<\/strong><\/p>\n<h2>R\u00edo T\u00e1rcoles Tour de Cocodrilos<\/h2>\n<p>El recorrido del cocodrilo es bien conocido, es incre\u00edble, ver\u00e1 a un hombre bajar del bote en un sitio y a poca distancia del bote tal vez 2 metros o incluso menos y alimentando a un cocodrilo empujando al cocodrilo para salir del riega solo el cocodrilo, para que la gente pueda ver el cuerpo completo del mismo, tienen un nombre para casi todos los cocodrilos.<\/p>\n<p>La aventura del tour son las mejores opciones para quienes buscan la aventura en el r\u00edo T\u00e1rcoles, un hombre alimentando a un cocodrilo, mucha vida silvestre en su paraje natural, la misi\u00f3n es liderar el desarrollo del turismo sostenible en la regi\u00f3n de T\u00e1rcoles que es una peque\u00f1a ciudad rural, a 20 min del popular pueblo de playa Jaco. si se encuentra en la ciudad de San Jos\u00e9, que es la capital de Costa Rica, est\u00e1<br \/>\ncomo a una hora de este incre\u00edble lugar.<\/p>\n<p>\u00bfEst\u00e1 buscando los mejores tours de aventura y caimanes de la regi\u00f3n? Nuestros recorridos se llevan a cabo en el R\u00edo Grande do T\u00e1rcoles, que es el hogar de aproximadamente 2,000 cocodrilos, miden m\u00e1s de 15 pies de largo y pesan hasta 1,500 libras.<\/p>\n<p>El barco tiene techo, asientos y gu\u00edas en las instalaciones para garantizar la total seguridad de todos los hu\u00e9spedes. Este tour es un certificado de la Oficina de Turismo de Costa Rica. TIC. Aquellos que suban al bote, el Personal le informar\u00e1 qu\u00e9 esperar dentro del viaje si le encanta tomar fotograf\u00edas de la naturaleza, este recorrido es imprescindible. Durante el recorrido, visitaremos los manglares de Guacalillo, uno de los ecosistemas m\u00e1s fr\u00e1giles del pa\u00eds, un \u00e1rea para la observaci\u00f3n de aves.<\/p>\n<p>Una verdadera experiencia inolvidable te espera, \u00a1reserva ahora !, el tour est\u00e1 disponible: 8am | 10 am | 12 del mediod\u00eda | 2pm | 4 pm. El transporte puede incluir, por favor cont\u00e1ctenos ahora mismo.<\/p>\n<p style=\"text-align: center;\"><span style=\"font-size: 18pt;\">Ser\u00e1 Un Gusto Atenderle<\/span><\/p>\n","protected":false},"excerpt":{"rendered":"<p>Tour de Cocodrilos &nbsp; Bienvenido al verdadero Tour de Cocodrilos, ver\u00e1 a los cocodrilos en su h\u00e1bitat natural y la &#8230; <\/p>\n<p class=\"read-more-container\"><a title=\"Crocodile\" class=\"read-more button\" href=\"https:\/\/costaricatoursexperts.com\/es\/?p=872#more-872\" aria-label=\"M\u00e1s en Crocodile\">Read more<\/a><\/p>\n","protected":false},"author":1,"featured_media":0,"parent":211942,"menu_order":0,"comment_status":"closed","ping_status":"closed","template":"","meta":{"footnotes":""},"class_list":["post-211995","page","type-page","status-publish","hentry"],"yoast_head":"<!-- This site is optimized with the Yoast SEO plugin v26.6 - https:\/\/yoast.com\/wordpress\/plugins\/seo\/ -->\n<title>Excursion a ver Cocodrilos en el R\u00edo T\u00e1rcoles Playa Jaco<\/title>\n<meta name=\"description\" content=\"La mejor aventura de cocodrilos en la regi\u00f3n dentro del famoso r\u00edo T\u00e1rcoles cerca de Playa Jaco, un tour que deben hacer todos los amantes de la naturaleza.\" \/>\n<meta name=\"robots\" content=\"index, follow, max-snippet:-1, max-image-preview:large, max-video-preview:-1\" \/>\n<link rel=\"canonical\" href=\"https:\/\/costaricatoursexperts.com\/es\/excursiones\/tour-de-cocodrilos-en-la-playa-de-jaco-en-el-rio-tarcoles\/\" \/>\n<meta property=\"og:locale\" content=\"es_ES\" \/>\n<meta property=\"og:type\" content=\"article\" \/>\n<meta property=\"og:title\" content=\"Excursion a ver Cocodrilos en el R\u00edo T\u00e1rcoles Playa Jaco\" \/>\n<meta property=\"og:description\" content=\"La mejor aventura de cocodrilos en la regi\u00f3n dentro del famoso r\u00edo T\u00e1rcoles cerca de Playa Jaco, un tour que deben hacer todos los amantes de la naturaleza.\" \/>\n<meta property=\"og:url\" content=\"https:\/\/costaricatoursexperts.com\/es\/excursiones\/tour-de-cocodrilos-en-la-playa-de-jaco-en-el-rio-tarcoles\/\" \/>\n<meta property=\"og:site_name\" content=\"Jaco Costa Rica Tours\" \/>\n<meta property=\"article:modified_time\" content=\"2020-09-22T20:57:43+00:00\" \/>\n<meta name=\"twitter:card\" content=\"summary_large_image\" \/>\n<meta name=\"twitter:label1\" content=\"Tiempo de lectura\" \/>\n\t<meta name=\"twitter:data1\" content=\"2 minutos\" \/>\n<script type=\"application\/ld+json\" class=\"yoast-schema-graph\">{\"@context\":\"https:\/\/schema.org\",\"@graph\":[{\"@type\":\"WebPage\",\"@id\":\"https:\/\/costaricatoursexperts.com\/es\/excursiones\/tour-de-cocodrilos-en-la-playa-de-jaco-en-el-rio-tarcoles\/\",\"url\":\"https:\/\/costaricatoursexperts.com\/es\/excursiones\/tour-de-cocodrilos-en-la-playa-de-jaco-en-el-rio-tarcoles\/\",\"name\":\"Excursion a ver Cocodrilos en el R\u00edo T\u00e1rcoles Playa Jaco\",\"isPartOf\":{\"@id\":\"https:\/\/costaricatoursexperts.com\/#website\"},\"datePublished\":\"2017-12-31T19:18:12+00:00\",\"dateModified\":\"2020-09-22T20:57:43+00:00\",\"description\":\"La mejor aventura de cocodrilos en la regi\u00f3n dentro del famoso r\u00edo T\u00e1rcoles cerca de Playa Jaco, un tour que deben hacer todos los amantes de la naturaleza.\",\"breadcrumb\":{\"@id\":\"https:\/\/costaricatoursexperts.com\/es\/excursiones\/tour-de-cocodrilos-en-la-playa-de-jaco-en-el-rio-tarcoles\/#breadcrumb\"},\"inLanguage\":\"es\",\"potentialAction\":[{\"@type\":\"ReadAction\",\"target\":[\"https:\/\/costaricatoursexperts.com\/es\/excursiones\/tour-de-cocodrilos-en-la-playa-de-jaco-en-el-rio-tarcoles\/\"]}]},{\"@type\":\"BreadcrumbList\",\"@id\":\"https:\/\/costaricatoursexperts.com\/es\/excursiones\/tour-de-cocodrilos-en-la-playa-de-jaco-en-el-rio-tarcoles\/#breadcrumb\",\"itemListElement\":[{\"@type\":\"ListItem\",\"position\":1,\"name\":\"Home\",\"item\":\"https:\/\/costaricatoursexperts.com\/es\/\"},{\"@type\":\"ListItem\",\"position\":2,\"name\":\"Excursi\u00f3nes\",\"item\":\"https:\/\/costaricatoursexperts.com\/es\/excursiones\/\"},{\"@type\":\"ListItem\",\"position\":3,\"name\":\"Tour de cocodrilos en la playa de Jaco en el r\u00edo T\u00e1rcoles\"}]},{\"@type\":\"WebSite\",\"@id\":\"https:\/\/costaricatoursexperts.com\/#website\",\"url\":\"https:\/\/costaricatoursexperts.com\/\",\"name\":\"Jaco Costa Rica Tours\",\"description\":\"Adventure Tours\",\"publisher\":{\"@id\":\"https:\/\/costaricatoursexperts.com\/#organization\"},\"potentialAction\":[{\"@type\":\"SearchAction\",\"target\":{\"@type\":\"EntryPoint\",\"urlTemplate\":\"https:\/\/costaricatoursexperts.com\/?s={search_term_string}\"},\"query-input\":{\"@type\":\"PropertyValueSpecification\",\"valueRequired\":true,\"valueName\":\"search_term_string\"}}],\"inLanguage\":\"es\"},{\"@type\":\"Organization\",\"@id\":\"https:\/\/costaricatoursexperts.com\/#organization\",\"name\":\"Jaco Costa Rica Tours\",\"url\":\"https:\/\/costaricatoursexperts.com\/\",\"logo\":{\"@type\":\"ImageObject\",\"inLanguage\":\"es\",\"@id\":\"https:\/\/costaricatoursexperts.com\/#\/schema\/logo\/image\/\",\"url\":\"https:\/\/costaricatoursexperts.com\/wp-content\/uploads\/2019\/08\/tourexpertscostarica.png\",\"contentUrl\":\"https:\/\/costaricatoursexperts.com\/wp-content\/uploads\/2019\/08\/tourexpertscostarica.png\",\"width\":786,\"height\":447,\"caption\":\"Jaco Costa Rica Tours\"},\"image\":{\"@id\":\"https:\/\/costaricatoursexperts.com\/#\/schema\/logo\/image\/\"}}]}<\/script>\n<!-- \/ Yoast SEO plugin. -->","yoast_head_json":{"title":"Excursion a ver Cocodrilos en el R\u00edo T\u00e1rcoles Playa Jaco","description":"La mejor aventura de cocodrilos en la regi\u00f3n dentro del famoso r\u00edo T\u00e1rcoles cerca de Playa Jaco, un tour que deben hacer todos los amantes de la naturaleza.","robots":{"index":"index","follow":"follow","max-snippet":"max-snippet:-1","max-image-preview":"max-image-preview:large","max-video-preview":"max-video-preview:-1"},"canonical":"https:\/\/costaricatoursexperts.com\/es\/excursiones\/tour-de-cocodrilos-en-la-playa-de-jaco-en-el-rio-tarcoles\/","og_locale":"es_ES","og_type":"article","og_title":"Excursion a ver Cocodrilos en el R\u00edo T\u00e1rcoles Playa Jaco","og_description":"La mejor aventura de cocodrilos en la regi\u00f3n dentro del famoso r\u00edo T\u00e1rcoles cerca de Playa Jaco, un tour que deben hacer todos los amantes de la naturaleza.","og_url":"https:\/\/costaricatoursexperts.com\/es\/excursiones\/tour-de-cocodrilos-en-la-playa-de-jaco-en-el-rio-tarcoles\/","og_site_name":"Jaco Costa Rica Tours","article_modified_time":"2020-09-22T20:57:43+00:00","twitter_card":"summary_large_image","twitter_misc":{"Tiempo de lectura":"2 minutos"},"schema":{"@context":"https:\/\/schema.org","@graph":[{"@type":"WebPage","@id":"https:\/\/costaricatoursexperts.com\/es\/excursiones\/tour-de-cocodrilos-en-la-playa-de-jaco-en-el-rio-tarcoles\/","url":"https:\/\/costaricatoursexperts.com\/es\/excursiones\/tour-de-cocodrilos-en-la-playa-de-jaco-en-el-rio-tarcoles\/","name":"Excursion a ver Cocodrilos en el R\u00edo T\u00e1rcoles Playa Jaco","isPartOf":{"@id":"https:\/\/costaricatoursexperts.com\/#website"},"datePublished":"2017-12-31T19:18:12+00:00","dateModified":"2020-09-22T20:57:43+00:00","description":"La mejor aventura de cocodrilos en la regi\u00f3n dentro del famoso r\u00edo T\u00e1rcoles cerca de Playa Jaco, un tour que deben hacer todos los amantes de la naturaleza.","breadcrumb":{"@id":"https:\/\/costaricatoursexperts.com\/es\/excursiones\/tour-de-cocodrilos-en-la-playa-de-jaco-en-el-rio-tarcoles\/#breadcrumb"},"inLanguage":"es","potentialAction":[{"@type":"ReadAction","target":["https:\/\/costaricatoursexperts.com\/es\/excursiones\/tour-de-cocodrilos-en-la-playa-de-jaco-en-el-rio-tarcoles\/"]}]},{"@type":"BreadcrumbList","@id":"https:\/\/costaricatoursexperts.com\/es\/excursiones\/tour-de-cocodrilos-en-la-playa-de-jaco-en-el-rio-tarcoles\/#breadcrumb","itemListElement":[{"@type":"ListItem","position":1,"name":"Home","item":"https:\/\/costaricatoursexperts.com\/es\/"},{"@type":"ListItem","position":2,"name":"Excursi\u00f3nes","item":"https:\/\/costaricatoursexperts.com\/es\/excursiones\/"},{"@type":"ListItem","position":3,"name":"Tour de cocodrilos en la playa de Jaco en el r\u00edo T\u00e1rcoles"}]},{"@type":"WebSite","@id":"https:\/\/costaricatoursexperts.com\/#website","url":"https:\/\/costaricatoursexperts.com\/","name":"Jaco Costa Rica Tours","description":"Adventure Tours","publisher":{"@id":"https:\/\/costaricatoursexperts.com\/#organization"},"potentialAction":[{"@type":"SearchAction","target":{"@type":"EntryPoint","urlTemplate":"https:\/\/costaricatoursexperts.com\/?s={search_term_string}"},"query-input":{"@type":"PropertyValueSpecification","valueRequired":true,"valueName":"search_term_string"}}],"inLanguage":"es"},{"@type":"Organization","@id":"https:\/\/costaricatoursexperts.com\/#organization","name":"Jaco Costa Rica Tours","url":"https:\/\/costaricatoursexperts.com\/","logo":{"@type":"ImageObject","inLanguage":"es","@id":"https:\/\/costaricatoursexperts.com\/#\/schema\/logo\/image\/","url":"https:\/\/costaricatoursexperts.com\/wp-content\/uploads\/2019\/08\/tourexpertscostarica.png","contentUrl":"https:\/\/costaricatoursexperts.com\/wp-content\/uploads\/2019\/08\/tourexpertscostarica.png","width":786,"height":447,"caption":"Jaco Costa Rica Tours"},"image":{"@id":"https:\/\/costaricatoursexperts.com\/#\/schema\/logo\/image\/"}}]}},"_links":{"self":[{"href":"https:\/\/costaricatoursexperts.com\/es\/wp-json\/wp\/v2\/pages\/211995","targetHints":{"allow":["GET"]}}],"collection":[{"href":"https:\/\/costaricatoursexperts.com\/es\/wp-json\/wp\/v2\/pages"}],"about":[{"href":"https:\/\/costaricatoursexperts.com\/es\/wp-json\/wp\/v2\/types\/page"}],"author":[{"embeddable":true,"href":"https:\/\/costaricatoursexperts.com\/es\/wp-json\/wp\/v2\/users\/1"}],"replies":[{"embeddable":true,"href":"https:\/\/costaricatoursexperts.com\/es\/wp-json\/wp\/v2\/comments?post=211995"}],"version-history":[{"count":3,"href":"https:\/\/costaricatoursexperts.com\/es\/wp-json\/wp\/v2\/pages\/211995\/revisions"}],"predecessor-version":[{"id":211996,"href":"https:\/\/costaricatoursexperts.com\/es\/wp-json\/wp\/v2\/pages\/211995\/revisions\/211996"}],"up":[{"embeddable":true,"href":"https:\/\/costaricatoursexperts.com\/es\/wp-json\/wp\/v2\/pages\/211942"}],"wp:attachment":[{"href":"https:\/\/costaricatoursexperts.com\/es\/wp-json\/wp\/v2\/media?parent=211995"}],"curies":[{"name":"wp","href":"https:\/\/api.w.org\/{rel}","templated":true}]}}