{"id":211982,"date":"2017-12-31T19:23:38","date_gmt":"2017-12-31T19:23:38","guid":{"rendered":"https:\/\/costaricatoursexperts.com\/excursiones\/obstacle-course-jaco-rope\/"},"modified":"2020-09-22T20:42:05","modified_gmt":"2020-09-22T20:42:05","slug":"carrera-de-obstaculos-cuerda-jaco","status":"publish","type":"page","link":"https:\/\/costaricatoursexperts.com\/es\/excursiones\/carrera-de-obstaculos-cuerda-jaco\/","title":{"rendered":"Carrera de obst\u00e1culos Cuerda Jaco"},"content":{"rendered":"<h2 class=\"product_title entry-title\">Carrera de obst\u00e1culos de Cuerdas Jaco<\/h2>\n<div class=\"woocommerce-product-details__short-description\">\n<p>Obst\u00e1culos en el circuito de cuerdas en el parque de aventuras en Jaco Beach, \u00bfqu\u00e9 tan dif\u00edcil es? Depende realmente del participante, se utiliza el mejor equipo de seguridad, simplemente suba por la robusta escalera y prep\u00e1rese para las aventuras que se avecinan.<\/p>\n<script type=\"text\/javascript\">\r\ndocument.addEventListener(\"DOMContentLoaded\", function(event) { \r\n\tjQuery( '#slider-pro-3-877' ).sliderPro({\r\n\t\t\/\/width\r\n\t\t\t\twidth: 1000,\r\n\t\t\t\t\r\n\t\t\/\/height\r\n\t\t\t\theight: 500,\r\n\t\t\t\t\r\n\t\t\/\/auto play\r\n\t\t\t\tautoplay:  true,\r\n\t\tautoplayOnHover: 'none',\r\n\t\t\t\t\t\t\t\tautoplayDelay: 5000,\r\n\t\t\r\n\t\t\r\n\t\tarrows: true,\r\n\t\tbuttons: true,\r\n\t\tsmallSize: 500,\r\n\t\tmediumSize: 1000,\r\n\t\tlargeSize: 3000,\r\n\t\tfade: true,\r\n\t\t\r\n\t\t\/\/thumbnail\r\n\t\tthumbnailArrows: true,\r\n\t\tthumbnailWidth: 120,\r\n\t\tthumbnailHeight: 120,\r\n\t\t\t\t\t\tthumbnailsPosition: 'bottom',\r\n\t\t\t\t\t\tcenterImage: true,\r\n\t\timageScaleMode: 'cover',\r\n\t\tallowScaleUp: true,\r\n\t\t\t\tstartSlide: 0,\r\n\t\tloop: true,\r\n\t\tslideDistance: 5,\r\n\t\tautoplayDirection: 'normal',\r\n\t\ttouchSwipe: true,\r\n\t\tfullScreen: true,\r\n\t});\r\n});\r\n<\/script>\r\n\r\n<div id=\"uris-slider-title\">\r\n\t<h3 class=\"uris-slider-post-title\">Obstacle Course<\/h3>\r\n<\/div>\r\n\t\t<div id=\"slider-pro-3-877\" class=\"slider-pro\">\r\n\t\t\t<!---- slides div start ---->\r\n\t\t\t<div class=\"sp-slides\">\r\n\t\t\t\t\t\t\t\t\t\t<div class=\"sp-slide\">\r\n\t\t\t\t\t\t\t<img decoding=\"async\" class=\"sp-image\" loading=\"lazy\" alt=\"Jaco rope stire good\" src=\"https:\/\/costaricatoursexperts.com\/wp-content\/plugins\/ultimate-responsive-image-slider\/assets\/css\/images\/blank.gif\" data-src=\"https:\/\/costaricatoursexperts.com\/wp-content\/uploads\/2016\/06\/Jacoropestiregood1.jpg\" \/>\r\n\r\n\t\t\t\t\t\t\t\r\n\t\t\t\t\t\t\t\t\t\t\t\t\t<\/div>\r\n\t\t\t\t\t\t\t\t\t\t\t\t<div class=\"sp-slide\">\r\n\t\t\t\t\t\t\t<img decoding=\"async\" class=\"sp-image\" loading=\"lazy\" alt=\"Jaco rope spositive\" src=\"https:\/\/costaricatoursexperts.com\/wp-content\/plugins\/ultimate-responsive-image-slider\/assets\/css\/images\/blank.gif\" data-src=\"https:\/\/costaricatoursexperts.com\/wp-content\/uploads\/2016\/06\/Jaco-rope-spositive.jpg\" \/>\r\n\r\n\t\t\t\t\t\t\t\r\n\t\t\t\t\t\t\t\t\t\t\t\t\t<\/div>\r\n\t\t\t\t\t\t\t\t\t\t\t\t<div class=\"sp-slide\">\r\n\t\t\t\t\t\t\t<img decoding=\"async\" class=\"sp-image\" loading=\"lazy\" alt=\"Jaco rope\" src=\"https:\/\/costaricatoursexperts.com\/wp-content\/plugins\/ultimate-responsive-image-slider\/assets\/css\/images\/blank.gif\" data-src=\"https:\/\/costaricatoursexperts.com\/wp-content\/uploads\/2016\/06\/Jaco-rope.jpg\" \/>\r\n\r\n\t\t\t\t\t\t\t\r\n\t\t\t\t\t\t\t\t\t\t\t\t\t<\/div>\r\n\t\t\t\t\t\t\t\t\t<\/div>\r\n\t\t\t\r\n\t\t\t<!---- slides div end ---->\r\n\t\t\t\t\t\t<!-- slides thumbnails div start -->\r\n\t\t\t<div class=\"sp-thumbnails\">\r\n\t\t\t\t\t\t\t\t\t\t<img decoding=\"async\" class=\"sp-thumbnail\" loading=\"lazy\" src=\"https:\/\/costaricatoursexperts.com\/wp-content\/plugins\/ultimate-responsive-image-slider\/assets\/img\/loading.gif\" data-src=\"https:\/\/costaricatoursexperts.com\/wp-content\/uploads\/2016\/06\/Jacoropestiregood1-225x300.jpg\" alt=\"Jaco rope stire good\"\/>\r\n\t\t\t\t\t\t\t\t\t\t\t<img decoding=\"async\" class=\"sp-thumbnail\" loading=\"lazy\" src=\"https:\/\/costaricatoursexperts.com\/wp-content\/plugins\/ultimate-responsive-image-slider\/assets\/img\/loading.gif\" data-src=\"https:\/\/costaricatoursexperts.com\/wp-content\/uploads\/2016\/06\/Jaco-rope-spositive-225x300.jpg\" alt=\"Jaco rope spositive\"\/>\r\n\t\t\t\t\t\t\t\t\t\t\t<img decoding=\"async\" class=\"sp-thumbnail\" loading=\"lazy\" src=\"https:\/\/costaricatoursexperts.com\/wp-content\/plugins\/ultimate-responsive-image-slider\/assets\/img\/loading.gif\" data-src=\"https:\/\/costaricatoursexperts.com\/wp-content\/uploads\/2016\/06\/Jaco-rope-225x300.jpg\" alt=\"Jaco rope\"\/>\r\n\t\t\t\t\t\t\t\t<\/div>\r\n\t\t\t\t\t\t<!-- slides thumbnails div end -->\r\n\t\t<\/div>\r\n\t\t<style>\r\n\/* Layout 3 *\/\r\n\/* border *\/\r\n#slider-pro-3-877 .sp-selected-thumbnail {\r\n\tborder: 4px solid #000000;\r\n}\r\n\r\n\/* font + color *\/\r\n.title-in  {\r\n\tfont-family: Arial !important;\r\n\tcolor: #FFFFFF !important;\r\n\tbackground-color: #000000 !important;\r\n\topacity: 0.7 !important;\r\n}\r\n.desc-in  {\r\n\tfont-family: Arial !important;\r\n\tcolor: #FFFFFF !important;\r\n\tbackground-color: #00000 !important;\r\n\topacity: 0.7 !important;\r\n}\r\n\r\n\/* bullets color *\/\r\n.sp-button  {\r\n\tborder: 2px solid #000000 !important;\r\n}\r\n.sp-selected-button  {\r\n\tbackground-color: #000000 !important;\r\n}\r\n\r\n\/* pointer color - bottom *\/\r\n.sp-selected-thumbnail::before {\r\n\tborder-bottom: 5px solid #000000 !important;\r\n}\r\n.sp-selected-thumbnail::after {\r\n\tborder-bottom: 13px solid #000000 !important;\r\n}\r\n\r\n\/* pointer color - top *\/\r\n\r\n\/* full screen icon *\/\r\n.sp-full-screen-button::before {\r\n    color: #FFFFFF !important;\r\n}\r\n\r\n\/* hover navigation icon color *\/\r\n.sp-next-arrow::after, .sp-next-arrow::before {\r\n\tbackground-color: #FFFFFF !important;\r\n}\r\n.sp-previous-arrow::after, .sp-previous-arrow::before {\r\n\tbackground-color: #FFFFFF !important;\r\n}\r\n\r\n#slider-pro-3-877 .title-in {\r\n\tcolor: #FFFFFF !important;\r\n\tfont-weight: bolder;\r\n\ttext-align: center;\r\n}\r\n\r\n#slider-pro-3-877 .title-in-bg {\r\n\tbackground: rgba(255, 255, 255, 0.7); !important;\r\n\twhite-space: unset !important;\r\n\ttransform: initial !important;\r\n\t-webkit-transform: initial !important;\r\n\tfont-size: 14px !important;\r\n}\r\n\r\n#slider-pro-3-877 .desc-in {\r\n\tcolor: #FFFFFF !important;\r\n\ttext-align: center;\r\n}\r\n#slider-pro-3-877 .desc-in-bg {\r\n\tbackground: rgba(#00000, 0.7) !important;\r\n\twhite-space: unset !important;\r\n\ttransform: initial !important;\r\n\t-webkit-transform: initial !important;\r\n\tfont-size: 13px !important;\r\n}\r\n\r\n@media (max-width: 640px) {\r\n\t#slider-pro-3-877 .hide-small-screen {\r\n\t\tdisplay: none;\r\n\t}\r\n}\r\n\r\n@media (max-width: 860px) {\r\n\t#slider-pro-3-877 .sp-layer {\r\n\t\tfont-size: 18px;\r\n\t}\r\n\t\r\n\t#slider-pro-3-877 .hide-medium-screen {\r\n\t\tdisplay: none;\r\n\t}\r\n}\r\n.slides-not-found {\r\n\tbackground-color: #a92929;\r\n\tborder-radius: 5px;\r\n\tcolor: #fff;\r\n\tfont-family: initial;\r\n\ttext-align: center;\r\n\tpadding:12px;\r\n}\r\n\/* Custom CSS *\/\r\n<\/style>\r\n\n<\/div>\n<p><strong><span style=\"font-size: 18pt;\">Descripcion<\/span><\/strong><\/p>\n<h3>Tour de obst\u00e1culos en Cuerdas Jaco<\/h3>\n<p>Es f\u00e1cil comenzar para que puedas construir la confianza de los principales desaf\u00edos del futuro. La mejor parte, adem\u00e1s de estar a la sombra de los \u00e1rboles, es que el obst\u00e1culo de dificultad es realmente el participante.<\/p>\n<p>Si desea caminar por el lado salvaje, haga todo lo posible para brillar en el recorrido con la participaci\u00f3n de todos los cables de seguridad. Para aquellos que buscan una experiencia m\u00e1s tranquila, proporcionamos cables de seguridad para que pueda sujetar y si se cae, no se preocupe porque tambi\u00e9n hay un cable de seguridad para eso.<\/p>\n<p>En cualquier momento durante la carrera de obst\u00e1culos Cuerda en el parque de aventuras que sienta que necesita ayudar, uno de nuestros experimentados personal estar\u00e1 encantado de ayudar si alguien se lastima o no quiere continuar, entonces podemos disminuir el hecho de que el suelo sea seguro. Todos conf\u00edan en el mejor equipo de seguridad proporcionado por el l\u00edder de la industria, Petzl.<\/p>\n<p style=\"text-align: center;\"><strong><span style=\"font-size: 18pt;\">Ser\u00e1 Un Gusto Atenderle<\/span><\/strong><\/p>\n","protected":false},"excerpt":{"rendered":"<p>Carrera de obst\u00e1culos de Cuerdas Jaco Obst\u00e1culos en el circuito de cuerdas en el parque de aventuras en Jaco Beach, &#8230; <\/p>\n<p class=\"read-more-container\"><a title=\"Obstacle Course\" class=\"read-more button\" href=\"https:\/\/costaricatoursexperts.com\/es\/?p=877#more-877\" aria-label=\"M\u00e1s en Obstacle Course\">Read more<\/a><\/p>\n","protected":false},"author":1,"featured_media":0,"parent":211942,"menu_order":0,"comment_status":"closed","ping_status":"closed","template":"","meta":{"footnotes":""},"class_list":["post-211982","page","type-page","status-publish","hentry"],"yoast_head":"<!-- This site is optimized with the Yoast SEO plugin v26.6 - https:\/\/yoast.com\/wordpress\/plugins\/seo\/ -->\n<title>Carrera de obst\u00e1culos cuerda de jaco - Costa Rica Tours Expertos<\/title>\n<meta name=\"description\" content=\"Carrera de obst\u00e1culos, este es un verdadero parque de aventuras, camine por el lado salvaje del bosque si lo desea, la dificultad del obst\u00e1culo realmente depende de usted\" \/>\n<meta name=\"robots\" content=\"index, follow, max-snippet:-1, max-image-preview:large, max-video-preview:-1\" \/>\n<link rel=\"canonical\" href=\"https:\/\/costaricatoursexperts.com\/es\/excursiones\/carrera-de-obstaculos-cuerda-jaco\/\" \/>\n<meta property=\"og:locale\" content=\"es_ES\" \/>\n<meta property=\"og:type\" content=\"article\" \/>\n<meta property=\"og:title\" content=\"Carrera de obst\u00e1culos cuerda de jaco - Costa Rica Tours Expertos\" \/>\n<meta property=\"og:description\" content=\"Carrera de obst\u00e1culos, este es un verdadero parque de aventuras, camine por el lado salvaje del bosque si lo desea, la dificultad del obst\u00e1culo realmente depende de usted\" \/>\n<meta property=\"og:url\" content=\"https:\/\/costaricatoursexperts.com\/es\/excursiones\/carrera-de-obstaculos-cuerda-jaco\/\" \/>\n<meta property=\"og:site_name\" content=\"Jaco Costa Rica Tours\" \/>\n<meta property=\"article:modified_time\" content=\"2020-09-22T20:42:05+00:00\" \/>\n<meta name=\"twitter:card\" content=\"summary_large_image\" \/>\n<meta name=\"twitter:label1\" content=\"Tiempo de lectura\" \/>\n\t<meta name=\"twitter:data1\" content=\"1 minuto\" \/>\n<script type=\"application\/ld+json\" class=\"yoast-schema-graph\">{\"@context\":\"https:\/\/schema.org\",\"@graph\":[{\"@type\":\"WebPage\",\"@id\":\"https:\/\/costaricatoursexperts.com\/es\/excursiones\/carrera-de-obstaculos-cuerda-jaco\/\",\"url\":\"https:\/\/costaricatoursexperts.com\/es\/excursiones\/carrera-de-obstaculos-cuerda-jaco\/\",\"name\":\"Carrera de obst\u00e1culos cuerda de jaco - Costa Rica Tours Expertos\",\"isPartOf\":{\"@id\":\"https:\/\/costaricatoursexperts.com\/#website\"},\"datePublished\":\"2017-12-31T19:23:38+00:00\",\"dateModified\":\"2020-09-22T20:42:05+00:00\",\"description\":\"Carrera de obst\u00e1culos, este es un verdadero parque de aventuras, camine por el lado salvaje del bosque si lo desea, la dificultad del obst\u00e1culo realmente depende de usted\",\"breadcrumb\":{\"@id\":\"https:\/\/costaricatoursexperts.com\/es\/excursiones\/carrera-de-obstaculos-cuerda-jaco\/#breadcrumb\"},\"inLanguage\":\"es\",\"potentialAction\":[{\"@type\":\"ReadAction\",\"target\":[\"https:\/\/costaricatoursexperts.com\/es\/excursiones\/carrera-de-obstaculos-cuerda-jaco\/\"]}]},{\"@type\":\"BreadcrumbList\",\"@id\":\"https:\/\/costaricatoursexperts.com\/es\/excursiones\/carrera-de-obstaculos-cuerda-jaco\/#breadcrumb\",\"itemListElement\":[{\"@type\":\"ListItem\",\"position\":1,\"name\":\"Home\",\"item\":\"https:\/\/costaricatoursexperts.com\/es\/\"},{\"@type\":\"ListItem\",\"position\":2,\"name\":\"Excursi\u00f3nes\",\"item\":\"https:\/\/costaricatoursexperts.com\/es\/excursiones\/\"},{\"@type\":\"ListItem\",\"position\":3,\"name\":\"Carrera de obst\u00e1culos Cuerda Jaco\"}]},{\"@type\":\"WebSite\",\"@id\":\"https:\/\/costaricatoursexperts.com\/#website\",\"url\":\"https:\/\/costaricatoursexperts.com\/\",\"name\":\"Jaco Costa Rica Tours\",\"description\":\"Adventure Tours\",\"publisher\":{\"@id\":\"https:\/\/costaricatoursexperts.com\/#organization\"},\"potentialAction\":[{\"@type\":\"SearchAction\",\"target\":{\"@type\":\"EntryPoint\",\"urlTemplate\":\"https:\/\/costaricatoursexperts.com\/?s={search_term_string}\"},\"query-input\":{\"@type\":\"PropertyValueSpecification\",\"valueRequired\":true,\"valueName\":\"search_term_string\"}}],\"inLanguage\":\"es\"},{\"@type\":\"Organization\",\"@id\":\"https:\/\/costaricatoursexperts.com\/#organization\",\"name\":\"Jaco Costa Rica Tours\",\"url\":\"https:\/\/costaricatoursexperts.com\/\",\"logo\":{\"@type\":\"ImageObject\",\"inLanguage\":\"es\",\"@id\":\"https:\/\/costaricatoursexperts.com\/#\/schema\/logo\/image\/\",\"url\":\"https:\/\/costaricatoursexperts.com\/wp-content\/uploads\/2019\/08\/tourexpertscostarica.png\",\"contentUrl\":\"https:\/\/costaricatoursexperts.com\/wp-content\/uploads\/2019\/08\/tourexpertscostarica.png\",\"width\":786,\"height\":447,\"caption\":\"Jaco Costa Rica Tours\"},\"image\":{\"@id\":\"https:\/\/costaricatoursexperts.com\/#\/schema\/logo\/image\/\"}}]}<\/script>\n<!-- \/ Yoast SEO plugin. -->","yoast_head_json":{"title":"Carrera de obst\u00e1culos cuerda de jaco - Costa Rica Tours Expertos","description":"Carrera de obst\u00e1culos, este es un verdadero parque de aventuras, camine por el lado salvaje del bosque si lo desea, la dificultad del obst\u00e1culo realmente depende de usted","robots":{"index":"index","follow":"follow","max-snippet":"max-snippet:-1","max-image-preview":"max-image-preview:large","max-video-preview":"max-video-preview:-1"},"canonical":"https:\/\/costaricatoursexperts.com\/es\/excursiones\/carrera-de-obstaculos-cuerda-jaco\/","og_locale":"es_ES","og_type":"article","og_title":"Carrera de obst\u00e1culos cuerda de jaco - Costa Rica Tours Expertos","og_description":"Carrera de obst\u00e1culos, este es un verdadero parque de aventuras, camine por el lado salvaje del bosque si lo desea, la dificultad del obst\u00e1culo realmente depende de usted","og_url":"https:\/\/costaricatoursexperts.com\/es\/excursiones\/carrera-de-obstaculos-cuerda-jaco\/","og_site_name":"Jaco Costa Rica Tours","article_modified_time":"2020-09-22T20:42:05+00:00","twitter_card":"summary_large_image","twitter_misc":{"Tiempo de lectura":"1 minuto"},"schema":{"@context":"https:\/\/schema.org","@graph":[{"@type":"WebPage","@id":"https:\/\/costaricatoursexperts.com\/es\/excursiones\/carrera-de-obstaculos-cuerda-jaco\/","url":"https:\/\/costaricatoursexperts.com\/es\/excursiones\/carrera-de-obstaculos-cuerda-jaco\/","name":"Carrera de obst\u00e1culos cuerda de jaco - Costa Rica Tours Expertos","isPartOf":{"@id":"https:\/\/costaricatoursexperts.com\/#website"},"datePublished":"2017-12-31T19:23:38+00:00","dateModified":"2020-09-22T20:42:05+00:00","description":"Carrera de obst\u00e1culos, este es un verdadero parque de aventuras, camine por el lado salvaje del bosque si lo desea, la dificultad del obst\u00e1culo realmente depende de usted","breadcrumb":{"@id":"https:\/\/costaricatoursexperts.com\/es\/excursiones\/carrera-de-obstaculos-cuerda-jaco\/#breadcrumb"},"inLanguage":"es","potentialAction":[{"@type":"ReadAction","target":["https:\/\/costaricatoursexperts.com\/es\/excursiones\/carrera-de-obstaculos-cuerda-jaco\/"]}]},{"@type":"BreadcrumbList","@id":"https:\/\/costaricatoursexperts.com\/es\/excursiones\/carrera-de-obstaculos-cuerda-jaco\/#breadcrumb","itemListElement":[{"@type":"ListItem","position":1,"name":"Home","item":"https:\/\/costaricatoursexperts.com\/es\/"},{"@type":"ListItem","position":2,"name":"Excursi\u00f3nes","item":"https:\/\/costaricatoursexperts.com\/es\/excursiones\/"},{"@type":"ListItem","position":3,"name":"Carrera de obst\u00e1culos Cuerda Jaco"}]},{"@type":"WebSite","@id":"https:\/\/costaricatoursexperts.com\/#website","url":"https:\/\/costaricatoursexperts.com\/","name":"Jaco Costa Rica Tours","description":"Adventure Tours","publisher":{"@id":"https:\/\/costaricatoursexperts.com\/#organization"},"potentialAction":[{"@type":"SearchAction","target":{"@type":"EntryPoint","urlTemplate":"https:\/\/costaricatoursexperts.com\/?s={search_term_string}"},"query-input":{"@type":"PropertyValueSpecification","valueRequired":true,"valueName":"search_term_string"}}],"inLanguage":"es"},{"@type":"Organization","@id":"https:\/\/costaricatoursexperts.com\/#organization","name":"Jaco Costa Rica Tours","url":"https:\/\/costaricatoursexperts.com\/","logo":{"@type":"ImageObject","inLanguage":"es","@id":"https:\/\/costaricatoursexperts.com\/#\/schema\/logo\/image\/","url":"https:\/\/costaricatoursexperts.com\/wp-content\/uploads\/2019\/08\/tourexpertscostarica.png","contentUrl":"https:\/\/costaricatoursexperts.com\/wp-content\/uploads\/2019\/08\/tourexpertscostarica.png","width":786,"height":447,"caption":"Jaco Costa Rica Tours"},"image":{"@id":"https:\/\/costaricatoursexperts.com\/#\/schema\/logo\/image\/"}}]}},"_links":{"self":[{"href":"https:\/\/costaricatoursexperts.com\/es\/wp-json\/wp\/v2\/pages\/211982","targetHints":{"allow":["GET"]}}],"collection":[{"href":"https:\/\/costaricatoursexperts.com\/es\/wp-json\/wp\/v2\/pages"}],"about":[{"href":"https:\/\/costaricatoursexperts.com\/es\/wp-json\/wp\/v2\/types\/page"}],"author":[{"embeddable":true,"href":"https:\/\/costaricatoursexperts.com\/es\/wp-json\/wp\/v2\/users\/1"}],"replies":[{"embeddable":true,"href":"https:\/\/costaricatoursexperts.com\/es\/wp-json\/wp\/v2\/comments?post=211982"}],"version-history":[{"count":3,"href":"https:\/\/costaricatoursexperts.com\/es\/wp-json\/wp\/v2\/pages\/211982\/revisions"}],"predecessor-version":[{"id":211985,"href":"https:\/\/costaricatoursexperts.com\/es\/wp-json\/wp\/v2\/pages\/211982\/revisions\/211985"}],"up":[{"embeddable":true,"href":"https:\/\/costaricatoursexperts.com\/es\/wp-json\/wp\/v2\/pages\/211942"}],"wp:attachment":[{"href":"https:\/\/costaricatoursexperts.com\/es\/wp-json\/wp\/v2\/media?parent=211982"}],"curies":[{"name":"wp","href":"https:\/\/api.w.org\/{rel}","templated":true}]}}