{"id":211978,"date":"2018-07-29T18:27:12","date_gmt":"2018-07-29T18:27:12","guid":{"rendered":"https:\/\/costaricatoursexperts.com\/excursiones\/tranopy-jaco\/"},"modified":"2020-09-22T20:59:23","modified_gmt":"2020-09-22T20:59:23","slug":"tour-de-tranopy-en-playa-jaco","status":"publish","type":"page","link":"https:\/\/costaricatoursexperts.com\/es\/excursiones\/tour-de-tranopy-en-playa-jaco\/","title":{"rendered":"Tour de Tranopy en Playa Jaco"},"content":{"rendered":"<h2 class=\"product_title entry-title\">Excursi\u00f3n en Tranopy en Playa Jaco<\/h2>\n<div class=\"woocommerce-product-details__short-description\">\n<p>Tranopy Jaco: combine un viaje con el telef\u00e9rico y un recorrido en tirolina. Divi\u00e9rtase el doble con dos tours t\u00edpicos que no debe perderse durante sus vacaciones en Costa Rica.<\/p>\n<script type=\"text\/javascript\">\r\ndocument.addEventListener(\"DOMContentLoaded\", function(event) { \r\n\tjQuery( '#slider-pro-3-210866' ).sliderPro({\r\n\t\t\/\/width\r\n\t\t\t\twidth: 1000,\r\n\t\t\t\t\r\n\t\t\/\/height\r\n\t\t\t\theight: 500,\r\n\t\t\t\t\r\n\t\t\/\/auto play\r\n\t\t\t\tautoplay:  true,\r\n\t\tautoplayOnHover: 'none',\r\n\t\t\t\t\t\t\t\tautoplayDelay: 5000,\r\n\t\t\r\n\t\t\r\n\t\tarrows: true,\r\n\t\tbuttons: true,\r\n\t\tsmallSize: 500,\r\n\t\tmediumSize: 1000,\r\n\t\tlargeSize: 3000,\r\n\t\tfade: true,\r\n\t\t\r\n\t\t\/\/thumbnail\r\n\t\tthumbnailArrows: true,\r\n\t\tthumbnailWidth: 120,\r\n\t\tthumbnailHeight: 120,\r\n\t\t\t\t\t\tthumbnailsPosition: 'bottom',\r\n\t\t\t\t\t\tcenterImage: true,\r\n\t\timageScaleMode: 'cover',\r\n\t\tallowScaleUp: true,\r\n\t\t\t\tstartSlide: 0,\r\n\t\tloop: true,\r\n\t\tslideDistance: 5,\r\n\t\tautoplayDirection: 'normal',\r\n\t\ttouchSwipe: true,\r\n\t\tfullScreen: true,\r\n\t});\r\n});\r\n<\/script>\r\n\r\n<div id=\"uris-slider-title\">\r\n\t<h3 class=\"uris-slider-post-title\">Tranopy Jaco Costa Rica<\/h3>\r\n<\/div>\r\n\t\t<div id=\"slider-pro-3-210866\" class=\"slider-pro\">\r\n\t\t\t<!---- slides div start ---->\r\n\t\t\t<div class=\"sp-slides\">\r\n\t\t\t\t\t\t\t\t\t\t<div class=\"sp-slide\">\r\n\t\t\t\t\t\t\t<img decoding=\"async\" class=\"sp-image\" loading=\"lazy\" alt=\"tranopy tour in jaco costa rica\" src=\"https:\/\/costaricatoursexperts.com\/wp-content\/plugins\/ultimate-responsive-image-slider\/assets\/css\/images\/blank.gif\" data-src=\"https:\/\/costaricatoursexperts.com\/wp-content\/uploads\/2018\/07\/tranopytourinjacocostarica.jpg\" \/>\r\n\r\n\t\t\t\t\t\t\t\r\n\t\t\t\t\t\t\t\t\t\t\t\t\t<\/div>\r\n\t\t\t\t\t\t\t\t\t\t\t\t<div class=\"sp-slide\">\r\n\t\t\t\t\t\t\t<img decoding=\"async\" class=\"sp-image\" loading=\"lazy\" alt=\"jaco tranopy tour\" src=\"https:\/\/costaricatoursexperts.com\/wp-content\/plugins\/ultimate-responsive-image-slider\/assets\/css\/images\/blank.gif\" data-src=\"https:\/\/costaricatoursexperts.com\/wp-content\/uploads\/2018\/07\/jacotranopytour.jpg\" \/>\r\n\r\n\t\t\t\t\t\t\t\r\n\t\t\t\t\t\t\t\t\t\t\t\t\t<\/div>\r\n\t\t\t\t\t\t\t\t\t\t\t\t<div class=\"sp-slide\">\r\n\t\t\t\t\t\t\t<img decoding=\"async\" class=\"sp-image\" loading=\"lazy\" alt=\"tranopy in jaco beach\" src=\"https:\/\/costaricatoursexperts.com\/wp-content\/plugins\/ultimate-responsive-image-slider\/assets\/css\/images\/blank.gif\" data-src=\"https:\/\/costaricatoursexperts.com\/wp-content\/uploads\/2018\/07\/tranopyinjacobeach.jpg\" \/>\r\n\r\n\t\t\t\t\t\t\t\r\n\t\t\t\t\t\t\t\t\t\t\t\t\t<\/div>\r\n\t\t\t\t\t\t\t\t\t\t\t\t<div class=\"sp-slide\">\r\n\t\t\t\t\t\t\t<img decoding=\"async\" class=\"sp-image\" loading=\"lazy\" alt=\"tranopy jaco\" src=\"https:\/\/costaricatoursexperts.com\/wp-content\/plugins\/ultimate-responsive-image-slider\/assets\/css\/images\/blank.gif\" data-src=\"https:\/\/costaricatoursexperts.com\/wp-content\/uploads\/2018\/07\/tranopyjaco.jpg\" \/>\r\n\r\n\t\t\t\t\t\t\t\r\n\t\t\t\t\t\t\t\t\t\t\t\t\t<\/div>\r\n\t\t\t\t\t\t\t\t\t<\/div>\r\n\t\t\t\r\n\t\t\t<!---- slides div end ---->\r\n\t\t\t\t\t\t<!-- slides thumbnails div start -->\r\n\t\t\t<div class=\"sp-thumbnails\">\r\n\t\t\t\t\t\t\t\t\t\t<img decoding=\"async\" class=\"sp-thumbnail\" loading=\"lazy\" src=\"https:\/\/costaricatoursexperts.com\/wp-content\/plugins\/ultimate-responsive-image-slider\/assets\/img\/loading.gif\" data-src=\"https:\/\/costaricatoursexperts.com\/wp-content\/uploads\/2018\/07\/tranopytourinjacocostarica-300x200.jpg\" alt=\"tranopy tour in jaco costa rica\"\/>\r\n\t\t\t\t\t\t\t\t\t\t\t<img decoding=\"async\" class=\"sp-thumbnail\" loading=\"lazy\" src=\"https:\/\/costaricatoursexperts.com\/wp-content\/plugins\/ultimate-responsive-image-slider\/assets\/img\/loading.gif\" data-src=\"https:\/\/costaricatoursexperts.com\/wp-content\/uploads\/2018\/07\/jacotranopytour-169x300.jpg\" alt=\"jaco tranopy tour\"\/>\r\n\t\t\t\t\t\t\t\t\t\t\t<img decoding=\"async\" class=\"sp-thumbnail\" loading=\"lazy\" src=\"https:\/\/costaricatoursexperts.com\/wp-content\/plugins\/ultimate-responsive-image-slider\/assets\/img\/loading.gif\" data-src=\"https:\/\/costaricatoursexperts.com\/wp-content\/uploads\/2018\/07\/tranopyinjacobeach-300x200.jpg\" alt=\"tranopy in jaco beach\"\/>\r\n\t\t\t\t\t\t\t\t\t\t\t<img decoding=\"async\" class=\"sp-thumbnail\" loading=\"lazy\" src=\"https:\/\/costaricatoursexperts.com\/wp-content\/plugins\/ultimate-responsive-image-slider\/assets\/img\/loading.gif\" data-src=\"https:\/\/costaricatoursexperts.com\/wp-content\/uploads\/2018\/07\/tranopyjaco-169x300.jpg\" alt=\"tranopy jaco\"\/>\r\n\t\t\t\t\t\t\t\t<\/div>\r\n\t\t\t\t\t\t<!-- slides thumbnails div end -->\r\n\t\t<\/div>\r\n\t\t<style>\r\n\/* Layout 3 *\/\r\n\/* border *\/\r\n#slider-pro-3-210866 .sp-selected-thumbnail {\r\n\tborder: 4px solid #000000;\r\n}\r\n\r\n\/* font + color *\/\r\n.title-in  {\r\n\tfont-family: Arial !important;\r\n\tcolor: #FFFFFF !important;\r\n\tbackground-color: #000000 !important;\r\n\topacity: 0.7 !important;\r\n}\r\n.desc-in  {\r\n\tfont-family: Arial !important;\r\n\tcolor: #FFFFFF !important;\r\n\tbackground-color: #00000 !important;\r\n\topacity: 0.7 !important;\r\n}\r\n\r\n\/* bullets color *\/\r\n.sp-button  {\r\n\tborder: 2px solid #000000 !important;\r\n}\r\n.sp-selected-button  {\r\n\tbackground-color: #000000 !important;\r\n}\r\n\r\n\/* pointer color - bottom *\/\r\n.sp-selected-thumbnail::before {\r\n\tborder-bottom: 5px solid #000000 !important;\r\n}\r\n.sp-selected-thumbnail::after {\r\n\tborder-bottom: 13px solid #000000 !important;\r\n}\r\n\r\n\/* pointer color - top *\/\r\n\r\n\/* full screen icon *\/\r\n.sp-full-screen-button::before {\r\n    color: #FFFFFF !important;\r\n}\r\n\r\n\/* hover navigation icon color *\/\r\n.sp-next-arrow::after, .sp-next-arrow::before {\r\n\tbackground-color: #FFFFFF !important;\r\n}\r\n.sp-previous-arrow::after, .sp-previous-arrow::before {\r\n\tbackground-color: #FFFFFF !important;\r\n}\r\n\r\n#slider-pro-3-210866 .title-in {\r\n\tcolor: #FFFFFF !important;\r\n\tfont-weight: bolder;\r\n\ttext-align: center;\r\n}\r\n\r\n#slider-pro-3-210866 .title-in-bg {\r\n\tbackground: rgba(255, 255, 255, 0.7); !important;\r\n\twhite-space: unset !important;\r\n\ttransform: initial !important;\r\n\t-webkit-transform: initial !important;\r\n\tfont-size: 14px !important;\r\n}\r\n\r\n#slider-pro-3-210866 .desc-in {\r\n\tcolor: #FFFFFF !important;\r\n\ttext-align: center;\r\n}\r\n#slider-pro-3-210866 .desc-in-bg {\r\n\tbackground: rgba(#00000, 0.7) !important;\r\n\twhite-space: unset !important;\r\n\ttransform: initial !important;\r\n\t-webkit-transform: initial !important;\r\n\tfont-size: 13px !important;\r\n}\r\n\r\n@media (max-width: 640px) {\r\n\t#slider-pro-3-210866 .hide-small-screen {\r\n\t\tdisplay: none;\r\n\t}\r\n}\r\n\r\n@media (max-width: 860px) {\r\n\t#slider-pro-3-210866 .sp-layer {\r\n\t\tfont-size: 18px;\r\n\t}\r\n\t\r\n\t#slider-pro-3-210866 .hide-medium-screen {\r\n\t\tdisplay: none;\r\n\t}\r\n}\r\n.slides-not-found {\r\n\tbackground-color: #a92929;\r\n\tborder-radius: 5px;\r\n\tcolor: #fff;\r\n\tfont-family: initial;\r\n\ttext-align: center;\r\n\tpadding:12px;\r\n}\r\n\/* Custom CSS *\/\r\n<\/style>\r\n\n<\/div>\n<p><strong><span style=\"font-size: 18pt;\">Descripcion<\/span><\/strong><\/p>\n<p class=\"product_title entry-title\"><span style=\"font-size: 18pt;\"><strong>Excursi\u00f3n en Tranopy<\/strong><\/span><\/p>\n<div class=\"entry-content\">\n<p>Tranopy Jaco ofrece una combinaci\u00f3n de un viaje con el telef\u00e9rico y un recorrido en tirolina, aqu\u00ed tambi\u00e9n conocido como Canopy tour. El \u00e1rea est\u00e1 ubicada a las afueras de la ciudad costera de Jac\u00f3, en la costa del Pac\u00edfico Central. Primero, comienza con el telef\u00e9rico. Es una de las excursiones m\u00e1s singulares de la selva tropical de Costa Rica. Aproximadamente 18 g\u00f3ndolas ofrecen una capacidad de hasta 9 pasajeros y lo llevan a un recorrido de 30 minutos a trav\u00e9s de la impresionante naturaleza del lado pac\u00edfico. Durante el viaje, podr\u00e1 disfrutar de una hermosa vista de la flora y fauna tropical. Cada g\u00f3ndola incluye un gu\u00eda naturalista biling\u00fce (ingl\u00e9s \/ espa\u00f1ol) que lleva a los pasajeros al dosel y al rico ecosistema de los bosques puros de Costa Rica.<\/p>\n<p>Una vez que est\u00e9 en el techo de la monta\u00f1a, encontrar\u00e1 el camino de regreso al suelo desliz\u00e1ndose sobre 10 cables diferentes sobre las copas de los \u00e1rboles de nuestra jungla, cinco de ellos de m\u00e1s de 200 metros de largo.<\/p>\n<p>Un gu\u00eda naturalista profesional lo acompa\u00f1ar\u00e1, se\u00f1alando algunos de los secretos del bosque tropical que lo rodea. Disfrute de un recorrido que combina ambos mundos: naturaleza y aventura. Disfrute de la belleza que ofrece la selva tropical de Costa Rica y desaf\u00edese con un tour de tirolesa despu\u00e9s de las palabras.<\/p>\n<p>Estos tours combinados ofrecen la experiencia de aprender sobre la selva tropical con toda la familia.<\/p>\n<p><strong>LUGAR DE SALIDA \/ REGRESO:<\/strong> transporte desde y hacia el hotel del cliente en el \u00e1rea de Jaco<br \/>\n<strong>DURACI\u00d3N DEL TOUR:<\/strong> 2 horas<br \/>\n<strong>HORARIO DE RECOGIDA:\u00a0<\/strong> 7:30 am, 9:30 am, 12:00 pm, 2:00 pm<br \/>\n<strong>QUE ESTA INCLUIDO: <\/strong>telef\u00e9rico para gu\u00eda profesional bebidas y bocadillos de transporte local<\/p>\n<p><strong>QUE TRAER<\/strong><br \/>\nzapatos cerrados, c\u00e1mara, ropa c\u00f3moda, bloqueador solar<\/p>\n<\/div>\n<p>&nbsp;<\/p>\n<p style=\"text-align: center;\"><strong><span style=\"font-size: 18pt;\">Ser\u00e1 Un Gusto Atenderle<\/span><\/strong><\/p>\n<p>&nbsp;<\/p>\n","protected":false},"excerpt":{"rendered":"<p>Excursi\u00f3n en Tranopy en Playa Jaco Tranopy Jaco: combine un viaje con el telef\u00e9rico y un recorrido en tirolina. Divi\u00e9rtase &#8230; <\/p>\n<p class=\"read-more-container\"><a title=\"Tranopy Jaco Costa Rica\" class=\"read-more button\" href=\"https:\/\/costaricatoursexperts.com\/es\/?p=210866#more-210866\" aria-label=\"M\u00e1s en Tranopy Jaco Costa Rica\">Read more<\/a><\/p>\n","protected":false},"author":1,"featured_media":0,"parent":211942,"menu_order":0,"comment_status":"closed","ping_status":"closed","template":"","meta":{"footnotes":""},"class_list":["post-211978","page","type-page","status-publish","hentry"],"yoast_head":"<!-- This site is optimized with the Yoast SEO plugin v26.6 - https:\/\/yoast.com\/wordpress\/plugins\/seo\/ -->\n<title>Tour Tranopy en Playa Jac\u00f3 Costa Rica - Excursion de Tranopy<\/title>\n<meta name=\"description\" content=\"Disfruta de Este Ingreible tour de de Tranopy en Playa Jac\u00f3 Costa Rica, Ven y conosca mas de Costa Rica con esta Excursion in creible\" \/>\n<meta name=\"robots\" content=\"index, follow, max-snippet:-1, max-image-preview:large, max-video-preview:-1\" \/>\n<link rel=\"canonical\" href=\"https:\/\/costaricatoursexperts.com\/es\/excursiones\/tour-de-tranopy-en-playa-jaco\/\" \/>\n<meta property=\"og:locale\" content=\"es_ES\" \/>\n<meta property=\"og:type\" content=\"article\" \/>\n<meta property=\"og:title\" content=\"Tour Tranopy en Playa Jac\u00f3 Costa Rica - Excursion de Tranopy\" \/>\n<meta property=\"og:description\" content=\"Disfruta de Este Ingreible tour de de Tranopy en Playa Jac\u00f3 Costa Rica, Ven y conosca mas de Costa Rica con esta Excursion in creible\" \/>\n<meta property=\"og:url\" content=\"https:\/\/costaricatoursexperts.com\/es\/excursiones\/tour-de-tranopy-en-playa-jaco\/\" \/>\n<meta property=\"og:site_name\" content=\"Jaco Costa Rica Tours\" \/>\n<meta property=\"article:modified_time\" content=\"2020-09-22T20:59:23+00:00\" \/>\n<meta name=\"twitter:card\" content=\"summary_large_image\" \/>\n<meta name=\"twitter:label1\" content=\"Tiempo de lectura\" \/>\n\t<meta name=\"twitter:data1\" content=\"2 minutos\" \/>\n<script type=\"application\/ld+json\" class=\"yoast-schema-graph\">{\"@context\":\"https:\/\/schema.org\",\"@graph\":[{\"@type\":\"WebPage\",\"@id\":\"https:\/\/costaricatoursexperts.com\/es\/excursiones\/tour-de-tranopy-en-playa-jaco\/\",\"url\":\"https:\/\/costaricatoursexperts.com\/es\/excursiones\/tour-de-tranopy-en-playa-jaco\/\",\"name\":\"Tour Tranopy en Playa Jac\u00f3 Costa Rica - Excursion de Tranopy\",\"isPartOf\":{\"@id\":\"https:\/\/costaricatoursexperts.com\/#website\"},\"datePublished\":\"2018-07-29T18:27:12+00:00\",\"dateModified\":\"2020-09-22T20:59:23+00:00\",\"description\":\"Disfruta de Este Ingreible tour de de Tranopy en Playa Jac\u00f3 Costa Rica, Ven y conosca mas de Costa Rica con esta Excursion in creible\",\"breadcrumb\":{\"@id\":\"https:\/\/costaricatoursexperts.com\/es\/excursiones\/tour-de-tranopy-en-playa-jaco\/#breadcrumb\"},\"inLanguage\":\"es\",\"potentialAction\":[{\"@type\":\"ReadAction\",\"target\":[\"https:\/\/costaricatoursexperts.com\/es\/excursiones\/tour-de-tranopy-en-playa-jaco\/\"]}]},{\"@type\":\"BreadcrumbList\",\"@id\":\"https:\/\/costaricatoursexperts.com\/es\/excursiones\/tour-de-tranopy-en-playa-jaco\/#breadcrumb\",\"itemListElement\":[{\"@type\":\"ListItem\",\"position\":1,\"name\":\"Home\",\"item\":\"https:\/\/costaricatoursexperts.com\/es\/\"},{\"@type\":\"ListItem\",\"position\":2,\"name\":\"Excursi\u00f3nes\",\"item\":\"https:\/\/costaricatoursexperts.com\/es\/excursiones\/\"},{\"@type\":\"ListItem\",\"position\":3,\"name\":\"Tour de Tranopy en Playa Jaco\"}]},{\"@type\":\"WebSite\",\"@id\":\"https:\/\/costaricatoursexperts.com\/#website\",\"url\":\"https:\/\/costaricatoursexperts.com\/\",\"name\":\"Jaco Costa Rica Tours\",\"description\":\"Adventure Tours\",\"publisher\":{\"@id\":\"https:\/\/costaricatoursexperts.com\/#organization\"},\"potentialAction\":[{\"@type\":\"SearchAction\",\"target\":{\"@type\":\"EntryPoint\",\"urlTemplate\":\"https:\/\/costaricatoursexperts.com\/?s={search_term_string}\"},\"query-input\":{\"@type\":\"PropertyValueSpecification\",\"valueRequired\":true,\"valueName\":\"search_term_string\"}}],\"inLanguage\":\"es\"},{\"@type\":\"Organization\",\"@id\":\"https:\/\/costaricatoursexperts.com\/#organization\",\"name\":\"Jaco Costa Rica Tours\",\"url\":\"https:\/\/costaricatoursexperts.com\/\",\"logo\":{\"@type\":\"ImageObject\",\"inLanguage\":\"es\",\"@id\":\"https:\/\/costaricatoursexperts.com\/#\/schema\/logo\/image\/\",\"url\":\"https:\/\/costaricatoursexperts.com\/wp-content\/uploads\/2019\/08\/tourexpertscostarica.png\",\"contentUrl\":\"https:\/\/costaricatoursexperts.com\/wp-content\/uploads\/2019\/08\/tourexpertscostarica.png\",\"width\":786,\"height\":447,\"caption\":\"Jaco Costa Rica Tours\"},\"image\":{\"@id\":\"https:\/\/costaricatoursexperts.com\/#\/schema\/logo\/image\/\"}}]}<\/script>\n<!-- \/ Yoast SEO plugin. -->","yoast_head_json":{"title":"Tour Tranopy en Playa Jac\u00f3 Costa Rica - Excursion de Tranopy","description":"Disfruta de Este Ingreible tour de de Tranopy en Playa Jac\u00f3 Costa Rica, Ven y conosca mas de Costa Rica con esta Excursion in creible","robots":{"index":"index","follow":"follow","max-snippet":"max-snippet:-1","max-image-preview":"max-image-preview:large","max-video-preview":"max-video-preview:-1"},"canonical":"https:\/\/costaricatoursexperts.com\/es\/excursiones\/tour-de-tranopy-en-playa-jaco\/","og_locale":"es_ES","og_type":"article","og_title":"Tour Tranopy en Playa Jac\u00f3 Costa Rica - Excursion de Tranopy","og_description":"Disfruta de Este Ingreible tour de de Tranopy en Playa Jac\u00f3 Costa Rica, Ven y conosca mas de Costa Rica con esta Excursion in creible","og_url":"https:\/\/costaricatoursexperts.com\/es\/excursiones\/tour-de-tranopy-en-playa-jaco\/","og_site_name":"Jaco Costa Rica Tours","article_modified_time":"2020-09-22T20:59:23+00:00","twitter_card":"summary_large_image","twitter_misc":{"Tiempo de lectura":"2 minutos"},"schema":{"@context":"https:\/\/schema.org","@graph":[{"@type":"WebPage","@id":"https:\/\/costaricatoursexperts.com\/es\/excursiones\/tour-de-tranopy-en-playa-jaco\/","url":"https:\/\/costaricatoursexperts.com\/es\/excursiones\/tour-de-tranopy-en-playa-jaco\/","name":"Tour Tranopy en Playa Jac\u00f3 Costa Rica - Excursion de Tranopy","isPartOf":{"@id":"https:\/\/costaricatoursexperts.com\/#website"},"datePublished":"2018-07-29T18:27:12+00:00","dateModified":"2020-09-22T20:59:23+00:00","description":"Disfruta de Este Ingreible tour de de Tranopy en Playa Jac\u00f3 Costa Rica, Ven y conosca mas de Costa Rica con esta Excursion in creible","breadcrumb":{"@id":"https:\/\/costaricatoursexperts.com\/es\/excursiones\/tour-de-tranopy-en-playa-jaco\/#breadcrumb"},"inLanguage":"es","potentialAction":[{"@type":"ReadAction","target":["https:\/\/costaricatoursexperts.com\/es\/excursiones\/tour-de-tranopy-en-playa-jaco\/"]}]},{"@type":"BreadcrumbList","@id":"https:\/\/costaricatoursexperts.com\/es\/excursiones\/tour-de-tranopy-en-playa-jaco\/#breadcrumb","itemListElement":[{"@type":"ListItem","position":1,"name":"Home","item":"https:\/\/costaricatoursexperts.com\/es\/"},{"@type":"ListItem","position":2,"name":"Excursi\u00f3nes","item":"https:\/\/costaricatoursexperts.com\/es\/excursiones\/"},{"@type":"ListItem","position":3,"name":"Tour de Tranopy en Playa Jaco"}]},{"@type":"WebSite","@id":"https:\/\/costaricatoursexperts.com\/#website","url":"https:\/\/costaricatoursexperts.com\/","name":"Jaco Costa Rica Tours","description":"Adventure Tours","publisher":{"@id":"https:\/\/costaricatoursexperts.com\/#organization"},"potentialAction":[{"@type":"SearchAction","target":{"@type":"EntryPoint","urlTemplate":"https:\/\/costaricatoursexperts.com\/?s={search_term_string}"},"query-input":{"@type":"PropertyValueSpecification","valueRequired":true,"valueName":"search_term_string"}}],"inLanguage":"es"},{"@type":"Organization","@id":"https:\/\/costaricatoursexperts.com\/#organization","name":"Jaco Costa Rica Tours","url":"https:\/\/costaricatoursexperts.com\/","logo":{"@type":"ImageObject","inLanguage":"es","@id":"https:\/\/costaricatoursexperts.com\/#\/schema\/logo\/image\/","url":"https:\/\/costaricatoursexperts.com\/wp-content\/uploads\/2019\/08\/tourexpertscostarica.png","contentUrl":"https:\/\/costaricatoursexperts.com\/wp-content\/uploads\/2019\/08\/tourexpertscostarica.png","width":786,"height":447,"caption":"Jaco Costa Rica Tours"},"image":{"@id":"https:\/\/costaricatoursexperts.com\/#\/schema\/logo\/image\/"}}]}},"_links":{"self":[{"href":"https:\/\/costaricatoursexperts.com\/es\/wp-json\/wp\/v2\/pages\/211978","targetHints":{"allow":["GET"]}}],"collection":[{"href":"https:\/\/costaricatoursexperts.com\/es\/wp-json\/wp\/v2\/pages"}],"about":[{"href":"https:\/\/costaricatoursexperts.com\/es\/wp-json\/wp\/v2\/types\/page"}],"author":[{"embeddable":true,"href":"https:\/\/costaricatoursexperts.com\/es\/wp-json\/wp\/v2\/users\/1"}],"replies":[{"embeddable":true,"href":"https:\/\/costaricatoursexperts.com\/es\/wp-json\/wp\/v2\/comments?post=211978"}],"version-history":[{"count":2,"href":"https:\/\/costaricatoursexperts.com\/es\/wp-json\/wp\/v2\/pages\/211978\/revisions"}],"predecessor-version":[{"id":211980,"href":"https:\/\/costaricatoursexperts.com\/es\/wp-json\/wp\/v2\/pages\/211978\/revisions\/211980"}],"up":[{"embeddable":true,"href":"https:\/\/costaricatoursexperts.com\/es\/wp-json\/wp\/v2\/pages\/211942"}],"wp:attachment":[{"href":"https:\/\/costaricatoursexperts.com\/es\/wp-json\/wp\/v2\/media?parent=211978"}],"curies":[{"name":"wp","href":"https:\/\/api.w.org\/{rel}","templated":true}]}}