{"id":211973,"date":"2017-12-31T16:59:24","date_gmt":"2017-12-31T16:59:24","guid":{"rendered":"https:\/\/costaricatoursexperts.com\/excursiones\/jaco-beach-horseback-riding\/"},"modified":"2020-09-22T20:40:51","modified_gmt":"2020-09-22T20:40:51","slug":"cabalgatas-en-playa-jaco","status":"publish","type":"page","link":"https:\/\/costaricatoursexperts.com\/es\/excursiones\/cabalgatas-en-playa-jaco\/","title":{"rendered":"Cabalgatas en Playa Jaco"},"content":{"rendered":"<h1 class=\"product_title entry-title\">Cabalgatas en Playa Jaco<\/h1>\n<div class=\"woocommerce-product-details__short-description\">\n<p>Paseo a caballo, cerca de Jaco Definitivamente uno de los mejores recorridos, el recorrido es la combinaci\u00f3n perfecta de hermosos alrededores con una flora y fauna incre\u00edble, gente excelente y caballos encantadores, el recorrido estar\u00e1 en sus recuerdos por el resto de su vida.<\/p>\n<script type=\"text\/javascript\">\r\ndocument.addEventListener(\"DOMContentLoaded\", function(event) { \r\n\tjQuery( '#slider-pro-3-840' ).sliderPro({\r\n\t\t\/\/width\r\n\t\t\t\twidth: 1000,\r\n\t\t\t\t\r\n\t\t\/\/height\r\n\t\t\t\theight: 500,\r\n\t\t\t\t\r\n\t\t\/\/auto play\r\n\t\t\t\tautoplay:  true,\r\n\t\tautoplayOnHover: 'none',\r\n\t\t\t\t\t\t\t\tautoplayDelay: 5000,\r\n\t\t\r\n\t\t\r\n\t\tarrows: true,\r\n\t\tbuttons: true,\r\n\t\tsmallSize: 500,\r\n\t\tmediumSize: 1000,\r\n\t\tlargeSize: 3000,\r\n\t\tfade: true,\r\n\t\t\r\n\t\t\/\/thumbnail\r\n\t\tthumbnailArrows: true,\r\n\t\tthumbnailWidth: 120,\r\n\t\tthumbnailHeight: 120,\r\n\t\t\t\t\t\tthumbnailsPosition: 'bottom',\r\n\t\t\t\t\t\tcenterImage: true,\r\n\t\timageScaleMode: 'cover',\r\n\t\tallowScaleUp: true,\r\n\t\t\t\tstartSlide: 0,\r\n\t\tloop: true,\r\n\t\tslideDistance: 5,\r\n\t\tautoplayDirection: 'normal',\r\n\t\ttouchSwipe: true,\r\n\t\tfullScreen: true,\r\n\t});\r\n});\r\n<\/script>\r\n\r\n<div id=\"uris-slider-title\">\r\n\t<h3 class=\"uris-slider-post-title\">Horseback<\/h3>\r\n<\/div>\r\n\t\t<div id=\"slider-pro-3-840\" class=\"slider-pro\">\r\n\t\t\t<!---- slides div start ---->\r\n\t\t\t<div class=\"sp-slides\">\r\n\t\t\t\t\t\t\t\t\t\t<div class=\"sp-slide\">\r\n\t\t\t\t\t\t\t<img decoding=\"async\" class=\"sp-image\" loading=\"lazy\" alt=\"Jaco Beach Horseback Tour\" src=\"https:\/\/costaricatoursexperts.com\/wp-content\/plugins\/ultimate-responsive-image-slider\/assets\/css\/images\/blank.gif\" data-src=\"https:\/\/costaricatoursexperts.com\/wp-content\/uploads\/2016\/06\/JacoBeachHorsebackRiding.jpg\" \/>\r\n\r\n\t\t\t\t\t\t\t\r\n\t\t\t\t\t\t\t\t\t\t\t\t\t<\/div>\r\n\t\t\t\t\t\t\t\t\t\t\t\t<div class=\"sp-slide\">\r\n\t\t\t\t\t\t\t<img decoding=\"async\" class=\"sp-image\" loading=\"lazy\" alt=\"Jaco Beach Horseback\" src=\"https:\/\/costaricatoursexperts.com\/wp-content\/plugins\/ultimate-responsive-image-slider\/assets\/css\/images\/blank.gif\" data-src=\"https:\/\/costaricatoursexperts.com\/wp-content\/uploads\/2016\/06\/JacoBeachHorsebacktours.jpg\" \/>\r\n\r\n\t\t\t\t\t\t\t\r\n\t\t\t\t\t\t\t\t\t\t\t\t\t<\/div>\r\n\t\t\t\t\t\t\t\t\t\t\t\t<div class=\"sp-slide\">\r\n\t\t\t\t\t\t\t<img decoding=\"async\" class=\"sp-image\" loading=\"lazy\" alt=\"Herradura Horse Back RidingTours\" src=\"https:\/\/costaricatoursexperts.com\/wp-content\/plugins\/ultimate-responsive-image-slider\/assets\/css\/images\/blank.gif\" data-src=\"https:\/\/costaricatoursexperts.com\/wp-content\/uploads\/2016\/06\/HerradurHorseBackRidingTours.jpg\" \/>\r\n\r\n\t\t\t\t\t\t\t\r\n\t\t\t\t\t\t\t\t\t\t\t\t\t<\/div>\r\n\t\t\t\t\t\t\t\t\t\t\t\t<div class=\"sp-slide\">\r\n\t\t\t\t\t\t\t<img decoding=\"async\" class=\"sp-image\" loading=\"lazy\" alt=\"Costa Rica Horseback Riding\" src=\"https:\/\/costaricatoursexperts.com\/wp-content\/plugins\/ultimate-responsive-image-slider\/assets\/css\/images\/blank.gif\" data-src=\"https:\/\/costaricatoursexperts.com\/wp-content\/uploads\/2016\/06\/JacoCostaRicaHorsebackRiding.jpg\" \/>\r\n\r\n\t\t\t\t\t\t\t\r\n\t\t\t\t\t\t\t\t\t\t\t\t\t<\/div>\r\n\t\t\t\t\t\t\t\t\t<\/div>\r\n\t\t\t\r\n\t\t\t<!---- slides div end ---->\r\n\t\t\t\t\t\t<!-- slides thumbnails div start -->\r\n\t\t\t<div class=\"sp-thumbnails\">\r\n\t\t\t\t\t\t\t\t\t\t<img decoding=\"async\" class=\"sp-thumbnail\" loading=\"lazy\" src=\"https:\/\/costaricatoursexperts.com\/wp-content\/plugins\/ultimate-responsive-image-slider\/assets\/img\/loading.gif\" data-src=\"https:\/\/costaricatoursexperts.com\/wp-content\/uploads\/2016\/06\/JacoBeachHorsebackRiding-300x248.jpg\" alt=\"Jaco Beach Horseback Tour\"\/>\r\n\t\t\t\t\t\t\t\t\t\t\t<img decoding=\"async\" class=\"sp-thumbnail\" loading=\"lazy\" src=\"https:\/\/costaricatoursexperts.com\/wp-content\/plugins\/ultimate-responsive-image-slider\/assets\/img\/loading.gif\" data-src=\"https:\/\/costaricatoursexperts.com\/wp-content\/uploads\/2016\/06\/JacoBeachHorsebacktours-300x250.jpg\" alt=\"Jaco Beach Horseback\"\/>\r\n\t\t\t\t\t\t\t\t\t\t\t<img decoding=\"async\" class=\"sp-thumbnail\" loading=\"lazy\" src=\"https:\/\/costaricatoursexperts.com\/wp-content\/plugins\/ultimate-responsive-image-slider\/assets\/img\/loading.gif\" data-src=\"https:\/\/costaricatoursexperts.com\/wp-content\/uploads\/2016\/06\/HerradurHorseBackRidingTours-300x199.jpg\" alt=\"Herradura Horse Back RidingTours\"\/>\r\n\t\t\t\t\t\t\t\t\t\t\t<img decoding=\"async\" class=\"sp-thumbnail\" loading=\"lazy\" src=\"https:\/\/costaricatoursexperts.com\/wp-content\/plugins\/ultimate-responsive-image-slider\/assets\/img\/loading.gif\" data-src=\"https:\/\/costaricatoursexperts.com\/wp-content\/uploads\/2016\/06\/JacoCostaRicaHorsebackRiding-300x199.jpg\" alt=\"Costa Rica Horseback Riding\"\/>\r\n\t\t\t\t\t\t\t\t<\/div>\r\n\t\t\t\t\t\t<!-- slides thumbnails div end -->\r\n\t\t<\/div>\r\n\t\t<style>\r\n\/* Layout 3 *\/\r\n\/* border *\/\r\n#slider-pro-3-840 .sp-selected-thumbnail {\r\n\tborder: 4px solid #000000;\r\n}\r\n\r\n\/* font + color *\/\r\n.title-in  {\r\n\tfont-family: Arial !important;\r\n\tcolor: #FFFFFF !important;\r\n\tbackground-color: #000000 !important;\r\n\topacity: 0.7 !important;\r\n}\r\n.desc-in  {\r\n\tfont-family: Arial !important;\r\n\tcolor: #FFFFFF !important;\r\n\tbackground-color: #00000 !important;\r\n\topacity: 0.7 !important;\r\n}\r\n\r\n\/* bullets color *\/\r\n.sp-button  {\r\n\tborder: 2px solid #000000 !important;\r\n}\r\n.sp-selected-button  {\r\n\tbackground-color: #000000 !important;\r\n}\r\n\r\n\/* pointer color - bottom *\/\r\n.sp-selected-thumbnail::before {\r\n\tborder-bottom: 5px solid #000000 !important;\r\n}\r\n.sp-selected-thumbnail::after {\r\n\tborder-bottom: 13px solid #000000 !important;\r\n}\r\n\r\n\/* pointer color - top *\/\r\n\r\n\/* full screen icon *\/\r\n.sp-full-screen-button::before {\r\n    color: #FFFFFF !important;\r\n}\r\n\r\n\/* hover navigation icon color *\/\r\n.sp-next-arrow::after, .sp-next-arrow::before {\r\n\tbackground-color: #FFFFFF !important;\r\n}\r\n.sp-previous-arrow::after, .sp-previous-arrow::before {\r\n\tbackground-color: #FFFFFF !important;\r\n}\r\n\r\n#slider-pro-3-840 .title-in {\r\n\tcolor: #FFFFFF !important;\r\n\tfont-weight: bolder;\r\n\ttext-align: center;\r\n}\r\n\r\n#slider-pro-3-840 .title-in-bg {\r\n\tbackground: rgba(255, 255, 255, 0.7); !important;\r\n\twhite-space: unset !important;\r\n\ttransform: initial !important;\r\n\t-webkit-transform: initial !important;\r\n\tfont-size: 14px !important;\r\n}\r\n\r\n#slider-pro-3-840 .desc-in {\r\n\tcolor: #FFFFFF !important;\r\n\ttext-align: center;\r\n}\r\n#slider-pro-3-840 .desc-in-bg {\r\n\tbackground: rgba(#00000, 0.7) !important;\r\n\twhite-space: unset !important;\r\n\ttransform: initial !important;\r\n\t-webkit-transform: initial !important;\r\n\tfont-size: 13px !important;\r\n}\r\n\r\n@media (max-width: 640px) {\r\n\t#slider-pro-3-840 .hide-small-screen {\r\n\t\tdisplay: none;\r\n\t}\r\n}\r\n\r\n@media (max-width: 860px) {\r\n\t#slider-pro-3-840 .sp-layer {\r\n\t\tfont-size: 18px;\r\n\t}\r\n\t\r\n\t#slider-pro-3-840 .hide-medium-screen {\r\n\t\tdisplay: none;\r\n\t}\r\n}\r\n.slides-not-found {\r\n\tbackground-color: #a92929;\r\n\tborder-radius: 5px;\r\n\tcolor: #fff;\r\n\tfont-family: initial;\r\n\ttext-align: center;\r\n\tpadding:12px;\r\n}\r\n\/* Custom CSS *\/\r\n<\/style>\r\n\n<\/div>\n<p><strong><span style=\"font-size: 18pt;\">Descripcion: Excursi\u00f3n a Caballo<\/span><\/strong><\/p>\n<p><strong>Excursiones de descubrimiento a caballo.<\/strong> \u00a1Los ganadores del codiciado Certificado de Excelencia de Travel Advisor durante los \u00faltimos 6 a\u00f1os, que siguen siendo el puntaje m\u00e1s alto en la gira de Jaco! Estamos bien, con licencia y asegurados. Estamos orgullosos de ofrecer la \u00fanica operaci\u00f3n de caballos en el \u00e1rea autorizada por la agencia de estricto bienestar animal, SENASA. En resumen, est\u00e1 en buenas manos.<\/p>\n<p>Incluso si es su primera vez en la silla de montar, sus amados caballos se sentir\u00e1n como un piloto experto. Si eres un usuario experimentado, apreciar\u00e1s lo felices que son los caballos en forma y \u00e1giles.<\/p>\n<p>Nuestras Cabalgatas se especializa en grupos peque\u00f1os de no m\u00e1s de 6 personas (a menos que haya reservado un tour privado, en cuyo caso solo usted o si es un grupo grande de familia que puede tomar 8) las visitas incluyen frutas frescas y bebidas. Contamos con un gu\u00eda biling\u00fce nativo de habla inglesa para 4 personas a caballo.<\/p>\n<p><strong>Duraci\u00f3n del tour:<\/strong> 2,5 horas. Qu\u00e9 llevar: pantal\u00f3n largo, zapatillas y llevar bloqueador solar. L\u00edmite de peso estricto: de 200 libras.<\/p>\n<p>&nbsp;<\/p>\n<p style=\"text-align: center;\"><strong><span style=\"font-size: 18pt;\">Ser\u00e1 Un Gusto Atenderle<\/span><\/strong><\/p>\n<p>&nbsp;<\/p>\n","protected":false},"excerpt":{"rendered":"<p>Cabalgatas en Playa Jaco Paseo a caballo, cerca de Jaco Definitivamente uno de los mejores recorridos, el recorrido es la &#8230; <\/p>\n<p class=\"read-more-container\"><a title=\"Horseback\" class=\"read-more button\" href=\"https:\/\/costaricatoursexperts.com\/es\/?p=840#more-840\" aria-label=\"M\u00e1s en Horseback\">Read more<\/a><\/p>\n","protected":false},"author":1,"featured_media":0,"parent":211942,"menu_order":0,"comment_status":"closed","ping_status":"closed","template":"","meta":{"footnotes":""},"class_list":["post-211973","page","type-page","status-publish","hentry"],"yoast_head":"<!-- This site is optimized with the Yoast SEO plugin v26.6 - https:\/\/yoast.com\/wordpress\/plugins\/seo\/ -->\n<title>Paseo a caballo en playa de Jaco - Cabalgata disponible todo los dias<\/title>\n<meta name=\"description\" content=\"Paseo a Caballo, Ba\u00f1arse en la cascada con barro volc\u00e1nico es una experiencia inolvidable, Rodeado de una flora y fauna asombrosa en la selva tropical\" \/>\n<meta name=\"robots\" content=\"index, follow, max-snippet:-1, max-image-preview:large, max-video-preview:-1\" \/>\n<link rel=\"canonical\" href=\"https:\/\/costaricatoursexperts.com\/es\/excursiones\/cabalgatas-en-playa-jaco\/\" \/>\n<meta property=\"og:locale\" content=\"es_ES\" \/>\n<meta property=\"og:type\" content=\"article\" \/>\n<meta property=\"og:title\" content=\"Paseo a caballo en playa de Jaco - Cabalgata disponible todo los dias\" \/>\n<meta property=\"og:description\" content=\"Paseo a Caballo, Ba\u00f1arse en la cascada con barro volc\u00e1nico es una experiencia inolvidable, Rodeado de una flora y fauna asombrosa en la selva tropical\" \/>\n<meta property=\"og:url\" content=\"https:\/\/costaricatoursexperts.com\/es\/excursiones\/cabalgatas-en-playa-jaco\/\" \/>\n<meta property=\"og:site_name\" content=\"Jaco Costa Rica Tours\" \/>\n<meta property=\"article:modified_time\" content=\"2020-09-22T20:40:51+00:00\" \/>\n<meta name=\"twitter:card\" content=\"summary_large_image\" \/>\n<meta name=\"twitter:label1\" content=\"Tiempo de lectura\" \/>\n\t<meta name=\"twitter:data1\" content=\"1 minuto\" \/>\n<script type=\"application\/ld+json\" class=\"yoast-schema-graph\">{\"@context\":\"https:\/\/schema.org\",\"@graph\":[{\"@type\":\"WebPage\",\"@id\":\"https:\/\/costaricatoursexperts.com\/es\/excursiones\/cabalgatas-en-playa-jaco\/\",\"url\":\"https:\/\/costaricatoursexperts.com\/es\/excursiones\/cabalgatas-en-playa-jaco\/\",\"name\":\"Paseo a caballo en playa de Jaco - Cabalgata disponible todo los dias\",\"isPartOf\":{\"@id\":\"https:\/\/costaricatoursexperts.com\/#website\"},\"datePublished\":\"2017-12-31T16:59:24+00:00\",\"dateModified\":\"2020-09-22T20:40:51+00:00\",\"description\":\"Paseo a Caballo, Ba\u00f1arse en la cascada con barro volc\u00e1nico es una experiencia inolvidable, Rodeado de una flora y fauna asombrosa en la selva tropical\",\"breadcrumb\":{\"@id\":\"https:\/\/costaricatoursexperts.com\/es\/excursiones\/cabalgatas-en-playa-jaco\/#breadcrumb\"},\"inLanguage\":\"es\",\"potentialAction\":[{\"@type\":\"ReadAction\",\"target\":[\"https:\/\/costaricatoursexperts.com\/es\/excursiones\/cabalgatas-en-playa-jaco\/\"]}]},{\"@type\":\"BreadcrumbList\",\"@id\":\"https:\/\/costaricatoursexperts.com\/es\/excursiones\/cabalgatas-en-playa-jaco\/#breadcrumb\",\"itemListElement\":[{\"@type\":\"ListItem\",\"position\":1,\"name\":\"Home\",\"item\":\"https:\/\/costaricatoursexperts.com\/es\/\"},{\"@type\":\"ListItem\",\"position\":2,\"name\":\"Excursi\u00f3nes\",\"item\":\"https:\/\/costaricatoursexperts.com\/es\/excursiones\/\"},{\"@type\":\"ListItem\",\"position\":3,\"name\":\"Cabalgatas en Playa Jaco\"}]},{\"@type\":\"WebSite\",\"@id\":\"https:\/\/costaricatoursexperts.com\/#website\",\"url\":\"https:\/\/costaricatoursexperts.com\/\",\"name\":\"Jaco Costa Rica Tours\",\"description\":\"Adventure Tours\",\"publisher\":{\"@id\":\"https:\/\/costaricatoursexperts.com\/#organization\"},\"potentialAction\":[{\"@type\":\"SearchAction\",\"target\":{\"@type\":\"EntryPoint\",\"urlTemplate\":\"https:\/\/costaricatoursexperts.com\/?s={search_term_string}\"},\"query-input\":{\"@type\":\"PropertyValueSpecification\",\"valueRequired\":true,\"valueName\":\"search_term_string\"}}],\"inLanguage\":\"es\"},{\"@type\":\"Organization\",\"@id\":\"https:\/\/costaricatoursexperts.com\/#organization\",\"name\":\"Jaco Costa Rica Tours\",\"url\":\"https:\/\/costaricatoursexperts.com\/\",\"logo\":{\"@type\":\"ImageObject\",\"inLanguage\":\"es\",\"@id\":\"https:\/\/costaricatoursexperts.com\/#\/schema\/logo\/image\/\",\"url\":\"https:\/\/costaricatoursexperts.com\/wp-content\/uploads\/2019\/08\/tourexpertscostarica.png\",\"contentUrl\":\"https:\/\/costaricatoursexperts.com\/wp-content\/uploads\/2019\/08\/tourexpertscostarica.png\",\"width\":786,\"height\":447,\"caption\":\"Jaco Costa Rica Tours\"},\"image\":{\"@id\":\"https:\/\/costaricatoursexperts.com\/#\/schema\/logo\/image\/\"}}]}<\/script>\n<!-- \/ Yoast SEO plugin. -->","yoast_head_json":{"title":"Paseo a caballo en playa de Jaco - Cabalgata disponible todo los dias","description":"Paseo a Caballo, Ba\u00f1arse en la cascada con barro volc\u00e1nico es una experiencia inolvidable, Rodeado de una flora y fauna asombrosa en la selva tropical","robots":{"index":"index","follow":"follow","max-snippet":"max-snippet:-1","max-image-preview":"max-image-preview:large","max-video-preview":"max-video-preview:-1"},"canonical":"https:\/\/costaricatoursexperts.com\/es\/excursiones\/cabalgatas-en-playa-jaco\/","og_locale":"es_ES","og_type":"article","og_title":"Paseo a caballo en playa de Jaco - Cabalgata disponible todo los dias","og_description":"Paseo a Caballo, Ba\u00f1arse en la cascada con barro volc\u00e1nico es una experiencia inolvidable, Rodeado de una flora y fauna asombrosa en la selva tropical","og_url":"https:\/\/costaricatoursexperts.com\/es\/excursiones\/cabalgatas-en-playa-jaco\/","og_site_name":"Jaco Costa Rica Tours","article_modified_time":"2020-09-22T20:40:51+00:00","twitter_card":"summary_large_image","twitter_misc":{"Tiempo de lectura":"1 minuto"},"schema":{"@context":"https:\/\/schema.org","@graph":[{"@type":"WebPage","@id":"https:\/\/costaricatoursexperts.com\/es\/excursiones\/cabalgatas-en-playa-jaco\/","url":"https:\/\/costaricatoursexperts.com\/es\/excursiones\/cabalgatas-en-playa-jaco\/","name":"Paseo a caballo en playa de Jaco - Cabalgata disponible todo los dias","isPartOf":{"@id":"https:\/\/costaricatoursexperts.com\/#website"},"datePublished":"2017-12-31T16:59:24+00:00","dateModified":"2020-09-22T20:40:51+00:00","description":"Paseo a Caballo, Ba\u00f1arse en la cascada con barro volc\u00e1nico es una experiencia inolvidable, Rodeado de una flora y fauna asombrosa en la selva tropical","breadcrumb":{"@id":"https:\/\/costaricatoursexperts.com\/es\/excursiones\/cabalgatas-en-playa-jaco\/#breadcrumb"},"inLanguage":"es","potentialAction":[{"@type":"ReadAction","target":["https:\/\/costaricatoursexperts.com\/es\/excursiones\/cabalgatas-en-playa-jaco\/"]}]},{"@type":"BreadcrumbList","@id":"https:\/\/costaricatoursexperts.com\/es\/excursiones\/cabalgatas-en-playa-jaco\/#breadcrumb","itemListElement":[{"@type":"ListItem","position":1,"name":"Home","item":"https:\/\/costaricatoursexperts.com\/es\/"},{"@type":"ListItem","position":2,"name":"Excursi\u00f3nes","item":"https:\/\/costaricatoursexperts.com\/es\/excursiones\/"},{"@type":"ListItem","position":3,"name":"Cabalgatas en Playa Jaco"}]},{"@type":"WebSite","@id":"https:\/\/costaricatoursexperts.com\/#website","url":"https:\/\/costaricatoursexperts.com\/","name":"Jaco Costa Rica Tours","description":"Adventure Tours","publisher":{"@id":"https:\/\/costaricatoursexperts.com\/#organization"},"potentialAction":[{"@type":"SearchAction","target":{"@type":"EntryPoint","urlTemplate":"https:\/\/costaricatoursexperts.com\/?s={search_term_string}"},"query-input":{"@type":"PropertyValueSpecification","valueRequired":true,"valueName":"search_term_string"}}],"inLanguage":"es"},{"@type":"Organization","@id":"https:\/\/costaricatoursexperts.com\/#organization","name":"Jaco Costa Rica Tours","url":"https:\/\/costaricatoursexperts.com\/","logo":{"@type":"ImageObject","inLanguage":"es","@id":"https:\/\/costaricatoursexperts.com\/#\/schema\/logo\/image\/","url":"https:\/\/costaricatoursexperts.com\/wp-content\/uploads\/2019\/08\/tourexpertscostarica.png","contentUrl":"https:\/\/costaricatoursexperts.com\/wp-content\/uploads\/2019\/08\/tourexpertscostarica.png","width":786,"height":447,"caption":"Jaco Costa Rica Tours"},"image":{"@id":"https:\/\/costaricatoursexperts.com\/#\/schema\/logo\/image\/"}}]}},"_links":{"self":[{"href":"https:\/\/costaricatoursexperts.com\/es\/wp-json\/wp\/v2\/pages\/211973","targetHints":{"allow":["GET"]}}],"collection":[{"href":"https:\/\/costaricatoursexperts.com\/es\/wp-json\/wp\/v2\/pages"}],"about":[{"href":"https:\/\/costaricatoursexperts.com\/es\/wp-json\/wp\/v2\/types\/page"}],"author":[{"embeddable":true,"href":"https:\/\/costaricatoursexperts.com\/es\/wp-json\/wp\/v2\/users\/1"}],"replies":[{"embeddable":true,"href":"https:\/\/costaricatoursexperts.com\/es\/wp-json\/wp\/v2\/comments?post=211973"}],"version-history":[{"count":2,"href":"https:\/\/costaricatoursexperts.com\/es\/wp-json\/wp\/v2\/pages\/211973\/revisions"}],"predecessor-version":[{"id":211975,"href":"https:\/\/costaricatoursexperts.com\/es\/wp-json\/wp\/v2\/pages\/211973\/revisions\/211975"}],"up":[{"embeddable":true,"href":"https:\/\/costaricatoursexperts.com\/es\/wp-json\/wp\/v2\/pages\/211942"}],"wp:attachment":[{"href":"https:\/\/costaricatoursexperts.com\/es\/wp-json\/wp\/v2\/media?parent=211973"}],"curies":[{"name":"wp","href":"https:\/\/api.w.org\/{rel}","templated":true}]}}