{"id":211964,"date":"2017-12-31T18:19:50","date_gmt":"2017-12-31T18:19:50","guid":{"rendered":"https:\/\/costaricatoursexperts.com\/excursiones\/poas-volcano-coffee-plantation\/"},"modified":"2020-09-22T20:44:42","modified_gmt":"2020-09-22T20:44:42","slug":"excursion-a-el-volcan-poas-plantacion-de-cafe","status":"publish","type":"page","link":"https:\/\/costaricatoursexperts.com\/es\/excursiones\/excursion-a-el-volcan-poas-plantacion-de-cafe\/","title":{"rendered":"Excursi\u00f3n a el Volcan Poas\u00a0+ Plantacion de cafe"},"content":{"rendered":"<h2 class=\"product_title entry-title\">Volcan Poas\u00a0 + Plantacion de cafe<\/h2>\n<p class=\"price\"><del><span class=\"woocommerce-Price-amount amount\"><span class=\"woocommerce-Price-currencySymbol\">$<\/span>125.00<\/span><\/del>\u00a0<ins><span class=\"woocommerce-Price-amount amount\"><span class=\"woocommerce-Price-currencySymbol\">$<\/span>119.00<\/span><\/ins><\/p>\n<div class=\"woocommerce-product-details__short-description\">\n<p>El Parque Nacional Volc\u00e1n Po\u00e1s es el volc\u00e1n m\u00e1s visitado de Costa Rica porque se encuentra muy cerca del Aeropuerto Internacional Juan Santa Mar\u00eda ubicado en el Gran Valle Central del pa\u00eds donde vive el 80% de la poblaci\u00f3n. El Volc\u00e1n Po\u00e1s es uno de los estratovolcanes de la Cordillera Volc\u00e1nica Central con 8885 pies de altura y tiene uno de los cr\u00e1teres m\u00e1s grandes del Planeta Tierra: El Cr\u00e1ter Principal y la Laguna Botos, ambos cr\u00e1teres del volc\u00e1n con diferentes per\u00edodos de actividad.<\/p>\n<\/div>\n<script type=\"text\/javascript\">\r\ndocument.addEventListener(\"DOMContentLoaded\", function(event) { \r\n\tjQuery( '#slider-pro-3-857' ).sliderPro({\r\n\t\t\/\/width\r\n\t\t\t\twidth: 1000,\r\n\t\t\t\t\r\n\t\t\/\/height\r\n\t\t\t\theight: 500,\r\n\t\t\t\t\r\n\t\t\/\/auto play\r\n\t\t\t\tautoplay:  true,\r\n\t\tautoplayOnHover: 'none',\r\n\t\t\t\t\t\t\t\tautoplayDelay: 5000,\r\n\t\t\r\n\t\t\r\n\t\tarrows: true,\r\n\t\tbuttons: true,\r\n\t\tsmallSize: 500,\r\n\t\tmediumSize: 1000,\r\n\t\tlargeSize: 3000,\r\n\t\tfade: true,\r\n\t\t\r\n\t\t\/\/thumbnail\r\n\t\tthumbnailArrows: true,\r\n\t\tthumbnailWidth: 120,\r\n\t\tthumbnailHeight: 120,\r\n\t\t\t\t\t\tthumbnailsPosition: 'bottom',\r\n\t\t\t\t\t\tcenterImage: true,\r\n\t\timageScaleMode: 'cover',\r\n\t\tallowScaleUp: true,\r\n\t\t\t\tstartSlide: 0,\r\n\t\tloop: true,\r\n\t\tslideDistance: 5,\r\n\t\tautoplayDirection: 'normal',\r\n\t\ttouchSwipe: true,\r\n\t\tfullScreen: true,\r\n\t});\r\n});\r\n<\/script>\r\n\r\n<div id=\"uris-slider-title\">\r\n\t<h3 class=\"uris-slider-post-title\">Poas + Coffee<\/h3>\r\n<\/div>\r\n\t\t<div id=\"slider-pro-3-857\" class=\"slider-pro\">\r\n\t\t\t<!---- slides div start ---->\r\n\t\t\t<div class=\"sp-slides\">\r\n\t\t\t\t\t\t\t\t\t\t<div class=\"sp-slide\">\r\n\t\t\t\t\t\t\t<img decoding=\"async\" class=\"sp-image\" loading=\"lazy\" alt=\"poas-volcano-tour-package\" src=\"https:\/\/costaricatoursexperts.com\/wp-content\/plugins\/ultimate-responsive-image-slider\/assets\/css\/images\/blank.gif\" data-src=\"https:\/\/costaricatoursexperts.com\/wp-content\/uploads\/2016\/06\/poas-volcano-tour-package.jpg\" \/>\r\n\r\n\t\t\t\t\t\t\t\r\n\t\t\t\t\t\t\t\t\t\t\t\t\t<\/div>\r\n\t\t\t\t\t\t\t\t\t\t\t\t<div class=\"sp-slide\">\r\n\t\t\t\t\t\t\t<img decoding=\"async\" class=\"sp-image\" loading=\"lazy\" alt=\"Coffe Plantation\" src=\"https:\/\/costaricatoursexperts.com\/wp-content\/plugins\/ultimate-responsive-image-slider\/assets\/css\/images\/blank.gif\" data-src=\"https:\/\/costaricatoursexperts.com\/wp-content\/uploads\/2016\/06\/Coffe-Plantation.jpg\" \/>\r\n\r\n\t\t\t\t\t\t\t\r\n\t\t\t\t\t\t\t\t\t\t\t\t\t<\/div>\r\n\t\t\t\t\t\t\t\t\t\t\t\t<div class=\"sp-slide\">\r\n\t\t\t\t\t\t\t<img decoding=\"async\" class=\"sp-image\" loading=\"lazy\" alt=\"poas volcano\" src=\"https:\/\/costaricatoursexperts.com\/wp-content\/plugins\/ultimate-responsive-image-slider\/assets\/css\/images\/blank.gif\" data-src=\"https:\/\/costaricatoursexperts.com\/wp-content\/uploads\/2016\/06\/poas-volcano.jpg\" \/>\r\n\r\n\t\t\t\t\t\t\t\r\n\t\t\t\t\t\t\t\t\t\t\t\t\t<\/div>\r\n\t\t\t\t\t\t\t\t\t<\/div>\r\n\t\t\t\r\n\t\t\t<!---- slides div end ---->\r\n\t\t\t\t\t\t<!-- slides thumbnails div start -->\r\n\t\t\t<div class=\"sp-thumbnails\">\r\n\t\t\t\t\t\t\t\t\t\t<img decoding=\"async\" class=\"sp-thumbnail\" loading=\"lazy\" src=\"https:\/\/costaricatoursexperts.com\/wp-content\/plugins\/ultimate-responsive-image-slider\/assets\/img\/loading.gif\" data-src=\"https:\/\/costaricatoursexperts.com\/wp-content\/uploads\/2016\/06\/poas-volcano-tour-package-300x197.jpg\" alt=\"poas-volcano-tour-package\"\/>\r\n\t\t\t\t\t\t\t\t\t\t\t<img decoding=\"async\" class=\"sp-thumbnail\" loading=\"lazy\" src=\"https:\/\/costaricatoursexperts.com\/wp-content\/plugins\/ultimate-responsive-image-slider\/assets\/img\/loading.gif\" data-src=\"https:\/\/costaricatoursexperts.com\/wp-content\/uploads\/2016\/06\/Coffe-Plantation-300x200.jpg\" alt=\"Coffe Plantation\"\/>\r\n\t\t\t\t\t\t\t\t\t\t\t<img decoding=\"async\" class=\"sp-thumbnail\" loading=\"lazy\" src=\"https:\/\/costaricatoursexperts.com\/wp-content\/plugins\/ultimate-responsive-image-slider\/assets\/img\/loading.gif\" data-src=\"https:\/\/costaricatoursexperts.com\/wp-content\/uploads\/2016\/06\/poas-volcano-300x226.jpg\" alt=\"poas volcano\"\/>\r\n\t\t\t\t\t\t\t\t<\/div>\r\n\t\t\t\t\t\t<!-- slides thumbnails div end -->\r\n\t\t<\/div>\r\n\t\t<style>\r\n\/* Layout 3 *\/\r\n\/* border *\/\r\n#slider-pro-3-857 .sp-selected-thumbnail {\r\n\tborder: 4px solid #000000;\r\n}\r\n\r\n\/* font + color *\/\r\n.title-in  {\r\n\tfont-family: Arial !important;\r\n\tcolor: #FFFFFF !important;\r\n\tbackground-color: #000000 !important;\r\n\topacity: 0.7 !important;\r\n}\r\n.desc-in  {\r\n\tfont-family: Arial !important;\r\n\tcolor: #FFFFFF !important;\r\n\tbackground-color: #00000 !important;\r\n\topacity: 0.7 !important;\r\n}\r\n\r\n\/* bullets color *\/\r\n.sp-button  {\r\n\tborder: 2px solid #000000 !important;\r\n}\r\n.sp-selected-button  {\r\n\tbackground-color: #000000 !important;\r\n}\r\n\r\n\/* pointer color - bottom *\/\r\n.sp-selected-thumbnail::before {\r\n\tborder-bottom: 5px solid #000000 !important;\r\n}\r\n.sp-selected-thumbnail::after {\r\n\tborder-bottom: 13px solid #000000 !important;\r\n}\r\n\r\n\/* pointer color - top *\/\r\n\r\n\/* full screen icon *\/\r\n.sp-full-screen-button::before {\r\n    color: #FFFFFF !important;\r\n}\r\n\r\n\/* hover navigation icon color *\/\r\n.sp-next-arrow::after, .sp-next-arrow::before {\r\n\tbackground-color: #FFFFFF !important;\r\n}\r\n.sp-previous-arrow::after, .sp-previous-arrow::before {\r\n\tbackground-color: #FFFFFF !important;\r\n}\r\n\r\n#slider-pro-3-857 .title-in {\r\n\tcolor: #FFFFFF !important;\r\n\tfont-weight: bolder;\r\n\ttext-align: center;\r\n}\r\n\r\n#slider-pro-3-857 .title-in-bg {\r\n\tbackground: rgba(255, 255, 255, 0.7); !important;\r\n\twhite-space: unset !important;\r\n\ttransform: initial !important;\r\n\t-webkit-transform: initial !important;\r\n\tfont-size: 14px !important;\r\n}\r\n\r\n#slider-pro-3-857 .desc-in {\r\n\tcolor: #FFFFFF !important;\r\n\ttext-align: center;\r\n}\r\n#slider-pro-3-857 .desc-in-bg {\r\n\tbackground: rgba(#00000, 0.7) !important;\r\n\twhite-space: unset !important;\r\n\ttransform: initial !important;\r\n\t-webkit-transform: initial !important;\r\n\tfont-size: 13px !important;\r\n}\r\n\r\n@media (max-width: 640px) {\r\n\t#slider-pro-3-857 .hide-small-screen {\r\n\t\tdisplay: none;\r\n\t}\r\n}\r\n\r\n@media (max-width: 860px) {\r\n\t#slider-pro-3-857 .sp-layer {\r\n\t\tfont-size: 18px;\r\n\t}\r\n\t\r\n\t#slider-pro-3-857 .hide-medium-screen {\r\n\t\tdisplay: none;\r\n\t}\r\n}\r\n.slides-not-found {\r\n\tbackground-color: #a92929;\r\n\tborder-radius: 5px;\r\n\tcolor: #fff;\r\n\tfont-family: initial;\r\n\ttext-align: center;\r\n\tpadding:12px;\r\n}\r\n\/* Custom CSS *\/\r\n<\/style>\r\n\n<h2 class=\"product_title entry-title\">Descripci\u00f3n: Volc\u00e1n Po\u00e1s + Plantaci\u00f3n de caf\u00e9<\/h2>\n<p>Conducimos por un camino suave y con curvas por enormes campos de caf\u00e9 para llegar al Parque y nos detendremos en The Plantation para tomar una de las mejores tazas de caf\u00e9 con el mejor caf\u00e9 Ar\u00e1bica de Costa Rica.<br \/>\nIncluye transporte en nuevos microbuses, gu\u00eda, almuerzo, frutas y entrada al Parque Nacional Volc\u00e1n Po\u00e1s y al cafetal.<br \/>\nQu\u00e9 llevar: chaquetas y pantalones largos porque puede hacer fr\u00edo.<br \/>\n7 am. cada d\u00eda. M\u00ednimo: 3 clientes para realizar el tour.<\/p>\n<p>Nota: en lugar de la Plantaci\u00f3n de Caf\u00e9 podemos ir a los Jardines de las Cataratas de La Paz pero eso cuesta $ 35 m\u00e1s por persona.<\/p>\n<p style=\"text-align: center;\"><strong><span style=\"font-size: 18pt;\">Ser\u00e1 Un Gusto Atenderle<\/span><\/strong><\/p>\n<p>&nbsp;<\/p>\n","protected":false},"excerpt":{"rendered":"<p>Volcan Poas\u00a0 + Plantacion de cafe $125.00\u00a0$119.00 El Parque Nacional Volc\u00e1n Po\u00e1s es el volc\u00e1n m\u00e1s visitado de Costa Rica &#8230; <\/p>\n<p class=\"read-more-container\"><a title=\"Poas + Coffee\" class=\"read-more button\" href=\"https:\/\/costaricatoursexperts.com\/es\/?p=857#more-857\" aria-label=\"M\u00e1s en Poas + Coffee\">Read more<\/a><\/p>\n","protected":false},"author":1,"featured_media":0,"parent":211942,"menu_order":0,"comment_status":"closed","ping_status":"closed","template":"","meta":{"footnotes":""},"class_list":["post-211964","page","type-page","status-publish","hentry"],"yoast_head":"<!-- This site is optimized with the Yoast SEO plugin v26.6 - https:\/\/yoast.com\/wordpress\/plugins\/seo\/ -->\n<title>Excursi\u00f3n a el Volcan Poas\u00a0+ Tour a Plantacion de cafe<\/title>\n<meta name=\"description\" content=\"Excursi\u00f3n al Volc\u00e1n Po\u00e1s y Tour a Plantaci\u00f3n de caf\u00e9 Parque nacional de 5.600 hect\u00e1reas que protege el bosque nuboso y otros ecosistemas que rodean el Volc\u00e1n Po\u00e1s\" \/>\n<meta name=\"robots\" content=\"index, follow, max-snippet:-1, max-image-preview:large, max-video-preview:-1\" \/>\n<link rel=\"canonical\" href=\"https:\/\/costaricatoursexperts.com\/es\/excursiones\/excursion-a-el-volcan-poas-plantacion-de-cafe\/\" \/>\n<meta property=\"og:locale\" content=\"es_ES\" \/>\n<meta property=\"og:type\" content=\"article\" \/>\n<meta property=\"og:title\" content=\"Excursi\u00f3n a el Volcan Poas\u00a0+ Tour a Plantacion de cafe\" \/>\n<meta property=\"og:description\" content=\"Excursi\u00f3n al Volc\u00e1n Po\u00e1s y Tour a Plantaci\u00f3n de caf\u00e9 Parque nacional de 5.600 hect\u00e1reas que protege el bosque nuboso y otros ecosistemas que rodean el Volc\u00e1n Po\u00e1s\" \/>\n<meta property=\"og:url\" content=\"https:\/\/costaricatoursexperts.com\/es\/excursiones\/excursion-a-el-volcan-poas-plantacion-de-cafe\/\" \/>\n<meta property=\"og:site_name\" content=\"Jaco Costa Rica Tours\" \/>\n<meta property=\"article:modified_time\" content=\"2020-09-22T20:44:42+00:00\" \/>\n<meta name=\"twitter:card\" content=\"summary_large_image\" \/>\n<meta name=\"twitter:label1\" content=\"Tiempo de lectura\" \/>\n\t<meta name=\"twitter:data1\" content=\"1 minuto\" \/>\n<script type=\"application\/ld+json\" class=\"yoast-schema-graph\">{\"@context\":\"https:\/\/schema.org\",\"@graph\":[{\"@type\":\"WebPage\",\"@id\":\"https:\/\/costaricatoursexperts.com\/es\/excursiones\/excursion-a-el-volcan-poas-plantacion-de-cafe\/\",\"url\":\"https:\/\/costaricatoursexperts.com\/es\/excursiones\/excursion-a-el-volcan-poas-plantacion-de-cafe\/\",\"name\":\"Excursi\u00f3n a el Volcan Poas\u00a0+ Tour a Plantacion de cafe\",\"isPartOf\":{\"@id\":\"https:\/\/costaricatoursexperts.com\/#website\"},\"datePublished\":\"2017-12-31T18:19:50+00:00\",\"dateModified\":\"2020-09-22T20:44:42+00:00\",\"description\":\"Excursi\u00f3n al Volc\u00e1n Po\u00e1s y Tour a Plantaci\u00f3n de caf\u00e9 Parque nacional de 5.600 hect\u00e1reas que protege el bosque nuboso y otros ecosistemas que rodean el Volc\u00e1n Po\u00e1s\",\"breadcrumb\":{\"@id\":\"https:\/\/costaricatoursexperts.com\/es\/excursiones\/excursion-a-el-volcan-poas-plantacion-de-cafe\/#breadcrumb\"},\"inLanguage\":\"es\",\"potentialAction\":[{\"@type\":\"ReadAction\",\"target\":[\"https:\/\/costaricatoursexperts.com\/es\/excursiones\/excursion-a-el-volcan-poas-plantacion-de-cafe\/\"]}]},{\"@type\":\"BreadcrumbList\",\"@id\":\"https:\/\/costaricatoursexperts.com\/es\/excursiones\/excursion-a-el-volcan-poas-plantacion-de-cafe\/#breadcrumb\",\"itemListElement\":[{\"@type\":\"ListItem\",\"position\":1,\"name\":\"Home\",\"item\":\"https:\/\/costaricatoursexperts.com\/es\/\"},{\"@type\":\"ListItem\",\"position\":2,\"name\":\"Excursi\u00f3nes\",\"item\":\"https:\/\/costaricatoursexperts.com\/es\/excursiones\/\"},{\"@type\":\"ListItem\",\"position\":3,\"name\":\"Excursi\u00f3n a el Volcan Poas\u00a0+ Plantacion de cafe\"}]},{\"@type\":\"WebSite\",\"@id\":\"https:\/\/costaricatoursexperts.com\/#website\",\"url\":\"https:\/\/costaricatoursexperts.com\/\",\"name\":\"Jaco Costa Rica Tours\",\"description\":\"Adventure Tours\",\"publisher\":{\"@id\":\"https:\/\/costaricatoursexperts.com\/#organization\"},\"potentialAction\":[{\"@type\":\"SearchAction\",\"target\":{\"@type\":\"EntryPoint\",\"urlTemplate\":\"https:\/\/costaricatoursexperts.com\/?s={search_term_string}\"},\"query-input\":{\"@type\":\"PropertyValueSpecification\",\"valueRequired\":true,\"valueName\":\"search_term_string\"}}],\"inLanguage\":\"es\"},{\"@type\":\"Organization\",\"@id\":\"https:\/\/costaricatoursexperts.com\/#organization\",\"name\":\"Jaco Costa Rica Tours\",\"url\":\"https:\/\/costaricatoursexperts.com\/\",\"logo\":{\"@type\":\"ImageObject\",\"inLanguage\":\"es\",\"@id\":\"https:\/\/costaricatoursexperts.com\/#\/schema\/logo\/image\/\",\"url\":\"https:\/\/costaricatoursexperts.com\/wp-content\/uploads\/2019\/08\/tourexpertscostarica.png\",\"contentUrl\":\"https:\/\/costaricatoursexperts.com\/wp-content\/uploads\/2019\/08\/tourexpertscostarica.png\",\"width\":786,\"height\":447,\"caption\":\"Jaco Costa Rica Tours\"},\"image\":{\"@id\":\"https:\/\/costaricatoursexperts.com\/#\/schema\/logo\/image\/\"}}]}<\/script>\n<!-- \/ Yoast SEO plugin. -->","yoast_head_json":{"title":"Excursi\u00f3n a el Volcan Poas\u00a0+ Tour a Plantacion de cafe","description":"Excursi\u00f3n al Volc\u00e1n Po\u00e1s y Tour a Plantaci\u00f3n de caf\u00e9 Parque nacional de 5.600 hect\u00e1reas que protege el bosque nuboso y otros ecosistemas que rodean el Volc\u00e1n Po\u00e1s","robots":{"index":"index","follow":"follow","max-snippet":"max-snippet:-1","max-image-preview":"max-image-preview:large","max-video-preview":"max-video-preview:-1"},"canonical":"https:\/\/costaricatoursexperts.com\/es\/excursiones\/excursion-a-el-volcan-poas-plantacion-de-cafe\/","og_locale":"es_ES","og_type":"article","og_title":"Excursi\u00f3n a el Volcan Poas\u00a0+ Tour a Plantacion de cafe","og_description":"Excursi\u00f3n al Volc\u00e1n Po\u00e1s y Tour a Plantaci\u00f3n de caf\u00e9 Parque nacional de 5.600 hect\u00e1reas que protege el bosque nuboso y otros ecosistemas que rodean el Volc\u00e1n Po\u00e1s","og_url":"https:\/\/costaricatoursexperts.com\/es\/excursiones\/excursion-a-el-volcan-poas-plantacion-de-cafe\/","og_site_name":"Jaco Costa Rica Tours","article_modified_time":"2020-09-22T20:44:42+00:00","twitter_card":"summary_large_image","twitter_misc":{"Tiempo de lectura":"1 minuto"},"schema":{"@context":"https:\/\/schema.org","@graph":[{"@type":"WebPage","@id":"https:\/\/costaricatoursexperts.com\/es\/excursiones\/excursion-a-el-volcan-poas-plantacion-de-cafe\/","url":"https:\/\/costaricatoursexperts.com\/es\/excursiones\/excursion-a-el-volcan-poas-plantacion-de-cafe\/","name":"Excursi\u00f3n a el Volcan Poas\u00a0+ Tour a Plantacion de cafe","isPartOf":{"@id":"https:\/\/costaricatoursexperts.com\/#website"},"datePublished":"2017-12-31T18:19:50+00:00","dateModified":"2020-09-22T20:44:42+00:00","description":"Excursi\u00f3n al Volc\u00e1n Po\u00e1s y Tour a Plantaci\u00f3n de caf\u00e9 Parque nacional de 5.600 hect\u00e1reas que protege el bosque nuboso y otros ecosistemas que rodean el Volc\u00e1n Po\u00e1s","breadcrumb":{"@id":"https:\/\/costaricatoursexperts.com\/es\/excursiones\/excursion-a-el-volcan-poas-plantacion-de-cafe\/#breadcrumb"},"inLanguage":"es","potentialAction":[{"@type":"ReadAction","target":["https:\/\/costaricatoursexperts.com\/es\/excursiones\/excursion-a-el-volcan-poas-plantacion-de-cafe\/"]}]},{"@type":"BreadcrumbList","@id":"https:\/\/costaricatoursexperts.com\/es\/excursiones\/excursion-a-el-volcan-poas-plantacion-de-cafe\/#breadcrumb","itemListElement":[{"@type":"ListItem","position":1,"name":"Home","item":"https:\/\/costaricatoursexperts.com\/es\/"},{"@type":"ListItem","position":2,"name":"Excursi\u00f3nes","item":"https:\/\/costaricatoursexperts.com\/es\/excursiones\/"},{"@type":"ListItem","position":3,"name":"Excursi\u00f3n a el Volcan Poas\u00a0+ Plantacion de cafe"}]},{"@type":"WebSite","@id":"https:\/\/costaricatoursexperts.com\/#website","url":"https:\/\/costaricatoursexperts.com\/","name":"Jaco Costa Rica Tours","description":"Adventure Tours","publisher":{"@id":"https:\/\/costaricatoursexperts.com\/#organization"},"potentialAction":[{"@type":"SearchAction","target":{"@type":"EntryPoint","urlTemplate":"https:\/\/costaricatoursexperts.com\/?s={search_term_string}"},"query-input":{"@type":"PropertyValueSpecification","valueRequired":true,"valueName":"search_term_string"}}],"inLanguage":"es"},{"@type":"Organization","@id":"https:\/\/costaricatoursexperts.com\/#organization","name":"Jaco Costa Rica Tours","url":"https:\/\/costaricatoursexperts.com\/","logo":{"@type":"ImageObject","inLanguage":"es","@id":"https:\/\/costaricatoursexperts.com\/#\/schema\/logo\/image\/","url":"https:\/\/costaricatoursexperts.com\/wp-content\/uploads\/2019\/08\/tourexpertscostarica.png","contentUrl":"https:\/\/costaricatoursexperts.com\/wp-content\/uploads\/2019\/08\/tourexpertscostarica.png","width":786,"height":447,"caption":"Jaco Costa Rica Tours"},"image":{"@id":"https:\/\/costaricatoursexperts.com\/#\/schema\/logo\/image\/"}}]}},"_links":{"self":[{"href":"https:\/\/costaricatoursexperts.com\/es\/wp-json\/wp\/v2\/pages\/211964","targetHints":{"allow":["GET"]}}],"collection":[{"href":"https:\/\/costaricatoursexperts.com\/es\/wp-json\/wp\/v2\/pages"}],"about":[{"href":"https:\/\/costaricatoursexperts.com\/es\/wp-json\/wp\/v2\/types\/page"}],"author":[{"embeddable":true,"href":"https:\/\/costaricatoursexperts.com\/es\/wp-json\/wp\/v2\/users\/1"}],"replies":[{"embeddable":true,"href":"https:\/\/costaricatoursexperts.com\/es\/wp-json\/wp\/v2\/comments?post=211964"}],"version-history":[{"count":2,"href":"https:\/\/costaricatoursexperts.com\/es\/wp-json\/wp\/v2\/pages\/211964\/revisions"}],"predecessor-version":[{"id":211966,"href":"https:\/\/costaricatoursexperts.com\/es\/wp-json\/wp\/v2\/pages\/211964\/revisions\/211966"}],"up":[{"embeddable":true,"href":"https:\/\/costaricatoursexperts.com\/es\/wp-json\/wp\/v2\/pages\/211942"}],"wp:attachment":[{"href":"https:\/\/costaricatoursexperts.com\/es\/wp-json\/wp\/v2\/media?parent=211964"}],"curies":[{"name":"wp","href":"https:\/\/api.w.org\/{rel}","templated":true}]}}