{"id":211938,"date":"2018-01-10T15:08:00","date_gmt":"2018-01-10T15:08:00","guid":{"rendered":"https:\/\/costaricatoursexperts.com\/pesca-deportiva\/los-suenos-fishing-packages\/"},"modified":"2020-09-22T21:06:55","modified_gmt":"2020-09-22T21:06:55","slug":"paquetes-de-pesca-en-los-suenos","status":"publish","type":"page","link":"https:\/\/costaricatoursexperts.com\/es\/pesca-deportiva\/paquetes-de-pesca-en-los-suenos\/","title":{"rendered":"Paquetes de pesca en Los Sue\u00f1os"},"content":{"rendered":"<h2>Paquetes de pesca, Playa Jaco, Los Sue\u00f1os<\/h2>\n<p>Nadie te da m\u00e1s &#8230; \u00a1Nadie lo hace mejor! Hacemos que su visita a Costa Rica sea lo m\u00e1s placentera posible y que sus sue\u00f1os de pescar en Costa Rica se hagan realidad ofreciendo los paquetes m\u00e1s completos y completos disponibles.<\/p>\n<p>Nuestros generosos paquetes son, con mucho, la mejor manera de disfrutar de una experiencia total de pesca y viaje en Costa Rica y saber que una vez que haya reservado su viaje con nosotros, todo estar\u00e1 a su cuidado. \u00a1Todo lo que tiene que hacer es llegar y dejarnos mostrarle las mejores experiencias de pesca y viaje en el centro oeste de Costa Rica!<\/p>\n<p>Disfrute de su tranquilidad sabiendo que todo est\u00e1 hecho para su viaje eligiendo uno de nuestros paquetes de viaje y pesca m\u00e1s asequibles y econ\u00f3micos en Costa Rica.<\/p>\n<ul>\n<li><strong>Aproveche los paquetes de Pesca:<\/strong><\/li>\n<li>La mejor flota de pesca deportiva de clase mundial del mundo<\/li>\n<li>Los capitanes y tripulaciones m\u00e1s experimentados y productivos<\/li>\n<li>Alojamiento de lujo u hotel local incluido.<\/li>\n<li>Meet &amp; Greet en el aeropuerto privado<\/li>\n<li><a href=\"https:\/\/costaricatoursexperts.com\/es\/servicio-de-transporte\/\">Transporte terrestre<\/a> incluido<\/li>\n<li>Gu\u00eda personal biling\u00fce \/ conserje local \/ y anfitri\u00f3n de principio a fin<\/li>\n<li>Ahorre valiosas vacaciones al tener todo listo y reservado a su llegada<\/li>\n<li>Seguridad total durante su estancia.<\/li>\n<li>Los siguientes paquetes se basan en tener 4 personas en su grupo.<\/li>\n<\/ul>\n","protected":false},"excerpt":{"rendered":"<p>Paquetes de pesca, Playa Jaco, Los Sue\u00f1os Nadie te da m\u00e1s &#8230; \u00a1Nadie lo hace mejor! Hacemos que su visita &#8230; <\/p>\n<p class=\"read-more-container\"><a title=\"Paquetes de pesca en Los Sue\u00f1os\" class=\"read-more button\" href=\"https:\/\/costaricatoursexperts.com\/es\/pesca-deportiva\/paquetes-de-pesca-en-los-suenos\/#more-211938\" aria-label=\"M\u00e1s en Paquetes de pesca en Los Sue\u00f1os\">Read more<\/a><\/p>\n","protected":false},"author":1,"featured_media":0,"parent":211934,"menu_order":0,"comment_status":"closed","ping_status":"closed","template":"","meta":{"footnotes":""},"class_list":["post-211938","page","type-page","status-publish"],"yoast_head":"<!-- This site is optimized with the Yoast SEO plugin v26.6 - https:\/\/yoast.com\/wordpress\/plugins\/seo\/ -->\n<title>Paquetes de pesca en Los Sue\u00f1os - Pesca Deportiva en Jaco<\/title>\n<meta name=\"description\" content=\"Reserve su Paquetes de pesca en Los Sue\u00f1os, Playa Jaco Costa Rica - La Mejor Pesca Deportiva en Playa Jaco\" \/>\n<meta name=\"robots\" content=\"index, follow, max-snippet:-1, max-image-preview:large, max-video-preview:-1\" \/>\n<link rel=\"canonical\" href=\"https:\/\/costaricatoursexperts.com\/es\/pesca-deportiva\/paquetes-de-pesca-en-los-suenos\/\" \/>\n<meta property=\"og:locale\" content=\"es_ES\" \/>\n<meta property=\"og:type\" content=\"article\" \/>\n<meta property=\"og:title\" content=\"Paquetes de pesca en Los Sue\u00f1os - Pesca Deportiva en Jaco\" \/>\n<meta property=\"og:description\" content=\"Reserve su Paquetes de pesca en Los Sue\u00f1os, Playa Jaco Costa Rica - La Mejor Pesca Deportiva en Playa Jaco\" \/>\n<meta property=\"og:url\" content=\"https:\/\/costaricatoursexperts.com\/es\/pesca-deportiva\/paquetes-de-pesca-en-los-suenos\/\" \/>\n<meta property=\"og:site_name\" content=\"Jaco Costa Rica Tours\" \/>\n<meta property=\"article:modified_time\" content=\"2020-09-22T21:06:55+00:00\" \/>\n<meta name=\"twitter:card\" content=\"summary_large_image\" \/>\n<meta name=\"twitter:label1\" content=\"Tiempo de lectura\" \/>\n\t<meta name=\"twitter:data1\" content=\"1 minuto\" \/>\n<script type=\"application\/ld+json\" class=\"yoast-schema-graph\">{\"@context\":\"https:\/\/schema.org\",\"@graph\":[{\"@type\":\"WebPage\",\"@id\":\"https:\/\/costaricatoursexperts.com\/es\/pesca-deportiva\/paquetes-de-pesca-en-los-suenos\/\",\"url\":\"https:\/\/costaricatoursexperts.com\/es\/pesca-deportiva\/paquetes-de-pesca-en-los-suenos\/\",\"name\":\"Paquetes de pesca en Los Sue\u00f1os - Pesca Deportiva en Jaco\",\"isPartOf\":{\"@id\":\"https:\/\/costaricatoursexperts.com\/#website\"},\"datePublished\":\"2018-01-10T15:08:00+00:00\",\"dateModified\":\"2020-09-22T21:06:55+00:00\",\"description\":\"Reserve su Paquetes de pesca en Los Sue\u00f1os, Playa Jaco Costa Rica - La Mejor Pesca Deportiva en Playa Jaco\",\"breadcrumb\":{\"@id\":\"https:\/\/costaricatoursexperts.com\/es\/pesca-deportiva\/paquetes-de-pesca-en-los-suenos\/#breadcrumb\"},\"inLanguage\":\"es\",\"potentialAction\":[{\"@type\":\"ReadAction\",\"target\":[\"https:\/\/costaricatoursexperts.com\/es\/pesca-deportiva\/paquetes-de-pesca-en-los-suenos\/\"]}]},{\"@type\":\"BreadcrumbList\",\"@id\":\"https:\/\/costaricatoursexperts.com\/es\/pesca-deportiva\/paquetes-de-pesca-en-los-suenos\/#breadcrumb\",\"itemListElement\":[{\"@type\":\"ListItem\",\"position\":1,\"name\":\"Home\",\"item\":\"https:\/\/costaricatoursexperts.com\/es\/\"},{\"@type\":\"ListItem\",\"position\":2,\"name\":\"Pesca Deportiva\",\"item\":\"https:\/\/costaricatoursexperts.com\/es\/pesca-deportiva\/\"},{\"@type\":\"ListItem\",\"position\":3,\"name\":\"Paquetes de pesca en Los Sue\u00f1os\"}]},{\"@type\":\"WebSite\",\"@id\":\"https:\/\/costaricatoursexperts.com\/#website\",\"url\":\"https:\/\/costaricatoursexperts.com\/\",\"name\":\"Jaco Costa Rica Tours\",\"description\":\"Adventure Tours\",\"publisher\":{\"@id\":\"https:\/\/costaricatoursexperts.com\/#organization\"},\"potentialAction\":[{\"@type\":\"SearchAction\",\"target\":{\"@type\":\"EntryPoint\",\"urlTemplate\":\"https:\/\/costaricatoursexperts.com\/?s={search_term_string}\"},\"query-input\":{\"@type\":\"PropertyValueSpecification\",\"valueRequired\":true,\"valueName\":\"search_term_string\"}}],\"inLanguage\":\"es\"},{\"@type\":\"Organization\",\"@id\":\"https:\/\/costaricatoursexperts.com\/#organization\",\"name\":\"Jaco Costa Rica Tours\",\"url\":\"https:\/\/costaricatoursexperts.com\/\",\"logo\":{\"@type\":\"ImageObject\",\"inLanguage\":\"es\",\"@id\":\"https:\/\/costaricatoursexperts.com\/#\/schema\/logo\/image\/\",\"url\":\"https:\/\/costaricatoursexperts.com\/wp-content\/uploads\/2019\/08\/tourexpertscostarica.png\",\"contentUrl\":\"https:\/\/costaricatoursexperts.com\/wp-content\/uploads\/2019\/08\/tourexpertscostarica.png\",\"width\":786,\"height\":447,\"caption\":\"Jaco Costa Rica Tours\"},\"image\":{\"@id\":\"https:\/\/costaricatoursexperts.com\/#\/schema\/logo\/image\/\"}}]}<\/script>\n<!-- \/ Yoast SEO plugin. -->","yoast_head_json":{"title":"Paquetes de pesca en Los Sue\u00f1os - Pesca Deportiva en Jaco","description":"Reserve su Paquetes de pesca en Los Sue\u00f1os, Playa Jaco Costa Rica - La Mejor Pesca Deportiva en Playa Jaco","robots":{"index":"index","follow":"follow","max-snippet":"max-snippet:-1","max-image-preview":"max-image-preview:large","max-video-preview":"max-video-preview:-1"},"canonical":"https:\/\/costaricatoursexperts.com\/es\/pesca-deportiva\/paquetes-de-pesca-en-los-suenos\/","og_locale":"es_ES","og_type":"article","og_title":"Paquetes de pesca en Los Sue\u00f1os - Pesca Deportiva en Jaco","og_description":"Reserve su Paquetes de pesca en Los Sue\u00f1os, Playa Jaco Costa Rica - La Mejor Pesca Deportiva en Playa Jaco","og_url":"https:\/\/costaricatoursexperts.com\/es\/pesca-deportiva\/paquetes-de-pesca-en-los-suenos\/","og_site_name":"Jaco Costa Rica Tours","article_modified_time":"2020-09-22T21:06:55+00:00","twitter_card":"summary_large_image","twitter_misc":{"Tiempo de lectura":"1 minuto"},"schema":{"@context":"https:\/\/schema.org","@graph":[{"@type":"WebPage","@id":"https:\/\/costaricatoursexperts.com\/es\/pesca-deportiva\/paquetes-de-pesca-en-los-suenos\/","url":"https:\/\/costaricatoursexperts.com\/es\/pesca-deportiva\/paquetes-de-pesca-en-los-suenos\/","name":"Paquetes de pesca en Los Sue\u00f1os - Pesca Deportiva en Jaco","isPartOf":{"@id":"https:\/\/costaricatoursexperts.com\/#website"},"datePublished":"2018-01-10T15:08:00+00:00","dateModified":"2020-09-22T21:06:55+00:00","description":"Reserve su Paquetes de pesca en Los Sue\u00f1os, Playa Jaco Costa Rica - La Mejor Pesca Deportiva en Playa Jaco","breadcrumb":{"@id":"https:\/\/costaricatoursexperts.com\/es\/pesca-deportiva\/paquetes-de-pesca-en-los-suenos\/#breadcrumb"},"inLanguage":"es","potentialAction":[{"@type":"ReadAction","target":["https:\/\/costaricatoursexperts.com\/es\/pesca-deportiva\/paquetes-de-pesca-en-los-suenos\/"]}]},{"@type":"BreadcrumbList","@id":"https:\/\/costaricatoursexperts.com\/es\/pesca-deportiva\/paquetes-de-pesca-en-los-suenos\/#breadcrumb","itemListElement":[{"@type":"ListItem","position":1,"name":"Home","item":"https:\/\/costaricatoursexperts.com\/es\/"},{"@type":"ListItem","position":2,"name":"Pesca Deportiva","item":"https:\/\/costaricatoursexperts.com\/es\/pesca-deportiva\/"},{"@type":"ListItem","position":3,"name":"Paquetes de pesca en Los Sue\u00f1os"}]},{"@type":"WebSite","@id":"https:\/\/costaricatoursexperts.com\/#website","url":"https:\/\/costaricatoursexperts.com\/","name":"Jaco Costa Rica Tours","description":"Adventure Tours","publisher":{"@id":"https:\/\/costaricatoursexperts.com\/#organization"},"potentialAction":[{"@type":"SearchAction","target":{"@type":"EntryPoint","urlTemplate":"https:\/\/costaricatoursexperts.com\/?s={search_term_string}"},"query-input":{"@type":"PropertyValueSpecification","valueRequired":true,"valueName":"search_term_string"}}],"inLanguage":"es"},{"@type":"Organization","@id":"https:\/\/costaricatoursexperts.com\/#organization","name":"Jaco Costa Rica Tours","url":"https:\/\/costaricatoursexperts.com\/","logo":{"@type":"ImageObject","inLanguage":"es","@id":"https:\/\/costaricatoursexperts.com\/#\/schema\/logo\/image\/","url":"https:\/\/costaricatoursexperts.com\/wp-content\/uploads\/2019\/08\/tourexpertscostarica.png","contentUrl":"https:\/\/costaricatoursexperts.com\/wp-content\/uploads\/2019\/08\/tourexpertscostarica.png","width":786,"height":447,"caption":"Jaco Costa Rica Tours"},"image":{"@id":"https:\/\/costaricatoursexperts.com\/#\/schema\/logo\/image\/"}}]}},"_links":{"self":[{"href":"https:\/\/costaricatoursexperts.com\/es\/wp-json\/wp\/v2\/pages\/211938","targetHints":{"allow":["GET"]}}],"collection":[{"href":"https:\/\/costaricatoursexperts.com\/es\/wp-json\/wp\/v2\/pages"}],"about":[{"href":"https:\/\/costaricatoursexperts.com\/es\/wp-json\/wp\/v2\/types\/page"}],"author":[{"embeddable":true,"href":"https:\/\/costaricatoursexperts.com\/es\/wp-json\/wp\/v2\/users\/1"}],"replies":[{"embeddable":true,"href":"https:\/\/costaricatoursexperts.com\/es\/wp-json\/wp\/v2\/comments?post=211938"}],"version-history":[{"count":3,"href":"https:\/\/costaricatoursexperts.com\/es\/wp-json\/wp\/v2\/pages\/211938\/revisions"}],"predecessor-version":[{"id":211941,"href":"https:\/\/costaricatoursexperts.com\/es\/wp-json\/wp\/v2\/pages\/211938\/revisions\/211941"}],"up":[{"embeddable":true,"href":"https:\/\/costaricatoursexperts.com\/es\/wp-json\/wp\/v2\/pages\/211934"}],"wp:attachment":[{"href":"https:\/\/costaricatoursexperts.com\/es\/wp-json\/wp\/v2\/media?parent=211938"}],"curies":[{"name":"wp","href":"https:\/\/api.w.org\/{rel}","templated":true}]}}