{"id":211928,"date":"2018-01-04T18:33:10","date_gmt":"2018-01-04T18:33:10","guid":{"rendered":"https:\/\/costaricatoursexperts.com\/transportation-service\/"},"modified":"2020-09-22T21:07:43","modified_gmt":"2020-09-22T21:07:43","slug":"servicio-de-transporte","status":"publish","type":"page","link":"https:\/\/costaricatoursexperts.com\/es\/servicio-de-transporte\/","title":{"rendered":"Servicio de transporte"},"content":{"rendered":"<h2>Traslados privados y servicio de transporte<\/h2>\n<p>Traslados privados del aeropuerto al hotel o del hotel al hotel, Costa Rica Tours Experts tambi\u00e9n ofrece una gama completa de servicios de autobuses charter en Costa Rica, as\u00ed como recorridos por toda la zona.<\/p>\n<h3>Servicio de traslado privado confiable en Costa Rica<\/h3>\n<p>Traslados privados, recogida en el aeropuerto, furgoneta y conductor<br \/>\nNuestro equipo de conductores expertos est\u00e1 disponible para recorridos privados por todo el pa\u00eds, env\u00edenos sus preguntas<br \/>\nRecojo directamente en su hotel, en casa, en la oficina o en el aeropuerto. Simplemente elija la hora de salida.<br \/>\nNo importa el tama\u00f1o del grupo, tenemos el ch\u00e1rter que necesita para viajar por Costa Rica.<\/p>\n<h4>Servicio de transporte<\/h4>\n<p>Estaremos encantados de atenderle si necesita transporte especial a Costa Rica desde y hacia la costa del Pac\u00edfico Central, incluidos los aeropuertos internacionales, Los Suenos Resort, Jaco, Herradura, Antonio Manuel, Quepos, San Jos\u00e9, Dominical, Fortuna, Monteverde, Norte. y Sur de Costa Rica.<\/p>\n<p>Ofrecemos minibuses de pasajeros con aire acondicionado con cobertura de seguro completa y conductores experimentados. Adem\u00e1s, para su comodidad, lo recogeremos en su hotel cuando participe en uno de nuestros muchos tours de naturaleza y aventura.<\/p>\n<p><strong>Un c\u00f3modo servicio de transporte a tiempo en Costa Rica<\/strong><\/p>\n<p>Costa Rica Tours Experts, ofreciendo los m\u00e1s altos est\u00e1ndares de calidad en el servicio para asegurar a los viajeros una experiencia f\u00e1cil.<\/p>\n","protected":false},"excerpt":{"rendered":"<p>Traslados privados y servicio de transporte Traslados privados del aeropuerto al hotel o del hotel al hotel, Costa Rica Tours &#8230; <\/p>\n<p class=\"read-more-container\"><a title=\"Servicio de transporte\" class=\"read-more button\" href=\"https:\/\/costaricatoursexperts.com\/es\/servicio-de-transporte\/#more-211928\" aria-label=\"M\u00e1s en Servicio de transporte\">Read more<\/a><\/p>\n","protected":false},"author":1,"featured_media":0,"parent":0,"menu_order":0,"comment_status":"closed","ping_status":"closed","template":"","meta":{"footnotes":""},"class_list":["post-211928","page","type-page","status-publish"],"yoast_head":"<!-- This site is optimized with the Yoast SEO plugin v26.6 - https:\/\/yoast.com\/wordpress\/plugins\/seo\/ -->\n<title>Servicios de transporte y traslado privados: recogida en el aeropuerto<\/title>\n<meta name=\"description\" content=\"Nuestro equipo est\u00e1 listo para coordinar su transporte, transporte privado, recogida en el aeropuerto para usted y su grupo est\u00e1 disponible, ya sea que viaje solo o con familiares y amigos, no importa el tama\u00f1o del grupo, podemos organizarlo para usted, cont\u00e1ctenos hoy para obtener ayuda de nuestro expertos\" \/>\n<meta name=\"robots\" content=\"index, follow, max-snippet:-1, max-image-preview:large, max-video-preview:-1\" \/>\n<link rel=\"canonical\" href=\"https:\/\/costaricatoursexperts.com\/es\/servicio-de-transporte\/\" \/>\n<meta property=\"og:locale\" content=\"es_ES\" \/>\n<meta property=\"og:type\" content=\"article\" \/>\n<meta property=\"og:title\" content=\"Servicios de transporte y traslado privados: recogida en el aeropuerto\" \/>\n<meta property=\"og:description\" content=\"Nuestro equipo est\u00e1 listo para coordinar su transporte, transporte privado, recogida en el aeropuerto para usted y su grupo est\u00e1 disponible, ya sea que viaje solo o con familiares y amigos, no importa el tama\u00f1o del grupo, podemos organizarlo para usted, cont\u00e1ctenos hoy para obtener ayuda de nuestro expertos\" \/>\n<meta property=\"og:url\" content=\"https:\/\/costaricatoursexperts.com\/es\/servicio-de-transporte\/\" \/>\n<meta property=\"og:site_name\" content=\"Jaco Costa Rica Tours\" \/>\n<meta property=\"article:modified_time\" content=\"2020-09-22T21:07:43+00:00\" \/>\n<meta name=\"twitter:card\" content=\"summary_large_image\" \/>\n<meta name=\"twitter:label1\" content=\"Tiempo de lectura\" \/>\n\t<meta name=\"twitter:data1\" content=\"1 minuto\" \/>\n<script type=\"application\/ld+json\" class=\"yoast-schema-graph\">{\"@context\":\"https:\/\/schema.org\",\"@graph\":[{\"@type\":\"WebPage\",\"@id\":\"https:\/\/costaricatoursexperts.com\/es\/servicio-de-transporte\/\",\"url\":\"https:\/\/costaricatoursexperts.com\/es\/servicio-de-transporte\/\",\"name\":\"Servicios de transporte y traslado privados: recogida en el aeropuerto\",\"isPartOf\":{\"@id\":\"https:\/\/costaricatoursexperts.com\/#website\"},\"datePublished\":\"2018-01-04T18:33:10+00:00\",\"dateModified\":\"2020-09-22T21:07:43+00:00\",\"description\":\"Nuestro equipo est\u00e1 listo para coordinar su transporte, transporte privado, recogida en el aeropuerto para usted y su grupo est\u00e1 disponible, ya sea que viaje solo o con familiares y amigos, no importa el tama\u00f1o del grupo, podemos organizarlo para usted, cont\u00e1ctenos hoy para obtener ayuda de nuestro expertos\",\"breadcrumb\":{\"@id\":\"https:\/\/costaricatoursexperts.com\/es\/servicio-de-transporte\/#breadcrumb\"},\"inLanguage\":\"es\",\"potentialAction\":[{\"@type\":\"ReadAction\",\"target\":[\"https:\/\/costaricatoursexperts.com\/es\/servicio-de-transporte\/\"]}]},{\"@type\":\"BreadcrumbList\",\"@id\":\"https:\/\/costaricatoursexperts.com\/es\/servicio-de-transporte\/#breadcrumb\",\"itemListElement\":[{\"@type\":\"ListItem\",\"position\":1,\"name\":\"Home\",\"item\":\"https:\/\/costaricatoursexperts.com\/es\/\"},{\"@type\":\"ListItem\",\"position\":2,\"name\":\"Servicio de transporte\"}]},{\"@type\":\"WebSite\",\"@id\":\"https:\/\/costaricatoursexperts.com\/#website\",\"url\":\"https:\/\/costaricatoursexperts.com\/\",\"name\":\"Jaco Costa Rica Tours\",\"description\":\"Adventure Tours\",\"publisher\":{\"@id\":\"https:\/\/costaricatoursexperts.com\/#organization\"},\"potentialAction\":[{\"@type\":\"SearchAction\",\"target\":{\"@type\":\"EntryPoint\",\"urlTemplate\":\"https:\/\/costaricatoursexperts.com\/?s={search_term_string}\"},\"query-input\":{\"@type\":\"PropertyValueSpecification\",\"valueRequired\":true,\"valueName\":\"search_term_string\"}}],\"inLanguage\":\"es\"},{\"@type\":\"Organization\",\"@id\":\"https:\/\/costaricatoursexperts.com\/#organization\",\"name\":\"Jaco Costa Rica Tours\",\"url\":\"https:\/\/costaricatoursexperts.com\/\",\"logo\":{\"@type\":\"ImageObject\",\"inLanguage\":\"es\",\"@id\":\"https:\/\/costaricatoursexperts.com\/#\/schema\/logo\/image\/\",\"url\":\"https:\/\/costaricatoursexperts.com\/wp-content\/uploads\/2019\/08\/tourexpertscostarica.png\",\"contentUrl\":\"https:\/\/costaricatoursexperts.com\/wp-content\/uploads\/2019\/08\/tourexpertscostarica.png\",\"width\":786,\"height\":447,\"caption\":\"Jaco Costa Rica Tours\"},\"image\":{\"@id\":\"https:\/\/costaricatoursexperts.com\/#\/schema\/logo\/image\/\"}}]}<\/script>\n<!-- \/ Yoast SEO plugin. -->","yoast_head_json":{"title":"Servicios de transporte y traslado privados: recogida en el aeropuerto","description":"Nuestro equipo est\u00e1 listo para coordinar su transporte, transporte privado, recogida en el aeropuerto para usted y su grupo est\u00e1 disponible, ya sea que viaje solo o con familiares y amigos, no importa el tama\u00f1o del grupo, podemos organizarlo para usted, cont\u00e1ctenos hoy para obtener ayuda de nuestro expertos","robots":{"index":"index","follow":"follow","max-snippet":"max-snippet:-1","max-image-preview":"max-image-preview:large","max-video-preview":"max-video-preview:-1"},"canonical":"https:\/\/costaricatoursexperts.com\/es\/servicio-de-transporte\/","og_locale":"es_ES","og_type":"article","og_title":"Servicios de transporte y traslado privados: recogida en el aeropuerto","og_description":"Nuestro equipo est\u00e1 listo para coordinar su transporte, transporte privado, recogida en el aeropuerto para usted y su grupo est\u00e1 disponible, ya sea que viaje solo o con familiares y amigos, no importa el tama\u00f1o del grupo, podemos organizarlo para usted, cont\u00e1ctenos hoy para obtener ayuda de nuestro expertos","og_url":"https:\/\/costaricatoursexperts.com\/es\/servicio-de-transporte\/","og_site_name":"Jaco Costa Rica Tours","article_modified_time":"2020-09-22T21:07:43+00:00","twitter_card":"summary_large_image","twitter_misc":{"Tiempo de lectura":"1 minuto"},"schema":{"@context":"https:\/\/schema.org","@graph":[{"@type":"WebPage","@id":"https:\/\/costaricatoursexperts.com\/es\/servicio-de-transporte\/","url":"https:\/\/costaricatoursexperts.com\/es\/servicio-de-transporte\/","name":"Servicios de transporte y traslado privados: recogida en el aeropuerto","isPartOf":{"@id":"https:\/\/costaricatoursexperts.com\/#website"},"datePublished":"2018-01-04T18:33:10+00:00","dateModified":"2020-09-22T21:07:43+00:00","description":"Nuestro equipo est\u00e1 listo para coordinar su transporte, transporte privado, recogida en el aeropuerto para usted y su grupo est\u00e1 disponible, ya sea que viaje solo o con familiares y amigos, no importa el tama\u00f1o del grupo, podemos organizarlo para usted, cont\u00e1ctenos hoy para obtener ayuda de nuestro expertos","breadcrumb":{"@id":"https:\/\/costaricatoursexperts.com\/es\/servicio-de-transporte\/#breadcrumb"},"inLanguage":"es","potentialAction":[{"@type":"ReadAction","target":["https:\/\/costaricatoursexperts.com\/es\/servicio-de-transporte\/"]}]},{"@type":"BreadcrumbList","@id":"https:\/\/costaricatoursexperts.com\/es\/servicio-de-transporte\/#breadcrumb","itemListElement":[{"@type":"ListItem","position":1,"name":"Home","item":"https:\/\/costaricatoursexperts.com\/es\/"},{"@type":"ListItem","position":2,"name":"Servicio de transporte"}]},{"@type":"WebSite","@id":"https:\/\/costaricatoursexperts.com\/#website","url":"https:\/\/costaricatoursexperts.com\/","name":"Jaco Costa Rica Tours","description":"Adventure Tours","publisher":{"@id":"https:\/\/costaricatoursexperts.com\/#organization"},"potentialAction":[{"@type":"SearchAction","target":{"@type":"EntryPoint","urlTemplate":"https:\/\/costaricatoursexperts.com\/?s={search_term_string}"},"query-input":{"@type":"PropertyValueSpecification","valueRequired":true,"valueName":"search_term_string"}}],"inLanguage":"es"},{"@type":"Organization","@id":"https:\/\/costaricatoursexperts.com\/#organization","name":"Jaco Costa Rica Tours","url":"https:\/\/costaricatoursexperts.com\/","logo":{"@type":"ImageObject","inLanguage":"es","@id":"https:\/\/costaricatoursexperts.com\/#\/schema\/logo\/image\/","url":"https:\/\/costaricatoursexperts.com\/wp-content\/uploads\/2019\/08\/tourexpertscostarica.png","contentUrl":"https:\/\/costaricatoursexperts.com\/wp-content\/uploads\/2019\/08\/tourexpertscostarica.png","width":786,"height":447,"caption":"Jaco Costa Rica Tours"},"image":{"@id":"https:\/\/costaricatoursexperts.com\/#\/schema\/logo\/image\/"}}]}},"_links":{"self":[{"href":"https:\/\/costaricatoursexperts.com\/es\/wp-json\/wp\/v2\/pages\/211928","targetHints":{"allow":["GET"]}}],"collection":[{"href":"https:\/\/costaricatoursexperts.com\/es\/wp-json\/wp\/v2\/pages"}],"about":[{"href":"https:\/\/costaricatoursexperts.com\/es\/wp-json\/wp\/v2\/types\/page"}],"author":[{"embeddable":true,"href":"https:\/\/costaricatoursexperts.com\/es\/wp-json\/wp\/v2\/users\/1"}],"replies":[{"embeddable":true,"href":"https:\/\/costaricatoursexperts.com\/es\/wp-json\/wp\/v2\/comments?post=211928"}],"version-history":[{"count":3,"href":"https:\/\/costaricatoursexperts.com\/es\/wp-json\/wp\/v2\/pages\/211928\/revisions"}],"predecessor-version":[{"id":211932,"href":"https:\/\/costaricatoursexperts.com\/es\/wp-json\/wp\/v2\/pages\/211928\/revisions\/211932"}],"wp:attachment":[{"href":"https:\/\/costaricatoursexperts.com\/es\/wp-json\/wp\/v2\/media?parent=211928"}],"curies":[{"name":"wp","href":"https:\/\/api.w.org\/{rel}","templated":true}]}}